{"id":827193,"date":"2026-04-01T18:55:29","date_gmt":"2026-04-01T16:55:29","guid":{"rendered":"https:\/\/lucacastelli.com\/?post_type=product&#038;p=827193"},"modified":"2026-04-01T19:30:10","modified_gmt":"2026-04-01T17:30:10","slug":"la-sportiva-ultra-raptor-iii-copia","status":"publish","type":"product","link":"https:\/\/lucacastelli.com\/fr\/produit\/la-sportiva-ultra-raptor-iii-copia\/","title":{"rendered":"La Sportiva Ultra Raptor III GTX"},"content":{"rendered":"<div class=\"row viewport_pdp\">\n<div class=\"col-md-5\">\n<div class=\"product-info-main\">\n<div class=\"product attribute overview\">\n<div class=\"value\">\n<p class=\"product-short-description\">Les chaussures Ultra Raptor 3 GTX sont con\u00e7ues pour ceux qui sont toujours \u00e0 la recherche du prochain d\u00e9fi.<\/p>\n<\/div>\n<\/div>\n<\/div>\n<\/div>\n<\/div>\n<div class=\"row justify-content-center product-details\">Nos chaussures embl\u00e9matiques Ultra Raptor 3 GTX, d\u00e9sormais dans leur troisi\u00e8me \u00e9dition, sont polyvalentes et performantes. Con\u00e7ues pour parcourir de courtes et de longues distances sur diff\u00e9rents types de terrains, elles vous accompagneront dans chacune de vos aventures. La tige en tissu ripstop est dot\u00e9e d\u2019une membrane GORE-TEX ePE Extended Comfort, imperm\u00e9able et respirante, d\u2019un pare-pierres renforc\u00e9 et d\u2019un bord en caoutchouc pour prot\u00e9ger les orteils des rochers et des racines. L\u2019amorti souple de la semelle interm\u00e9diaire est associ\u00e9 \u00e0 une couche plus structur\u00e9e sous le talon pour un meilleur soutien. Le col poss\u00e8de une gu\u00eatre int\u00e9gr\u00e9e pour emp\u00eacher l\u2019entr\u00e9e de pierres et de d\u00e9bris. Enfin, la semelle ext\u00e9rieure en FriXion\u00ae White avec la technologie Impact Brake System\u2122 vous offre une adh\u00e9rence exceptionnelle tant en mont\u00e9e qu\u2019en descente, les rainures de flexion le long de la semelle vous offrent une plus grande libert\u00e9 de mouvement et le talon en TPU ajoute de la stabilit\u00e9 \u00e0 chaque pas.     <\/div>\n<div><\/div>\n<div>\n<p><strong>Informations techniques<\/strong><\/p>\n<p>Gu\u00eatre : la gu\u00eatre int\u00e9gr\u00e9e sur le bord de la tige \u00e9loigne les cailloux, le gravier et autres d\u00e9bris<br \/>\nTige : la tige r\u00e9sistante en mesh recycl\u00e9 \u00e9vacue la transpiration lors des randonn\u00e9es intenses. Le pare-pierres et le bord en caoutchouc prot\u00e8gent des pierres et des racines<br \/>\nDoublure : GORE-TEX ePE Extended Comfort garantit une imperm\u00e9abilit\u00e9 et une r\u00e9sistance aux d\u00e9chirures accrues<br \/>\nSemelle interm\u00e9diaire : La semelle interm\u00e9diaire souple et de soutien assure un confort sur les sentiers tout au long de la journ\u00e9e. La mousse EVA compacte sur le talon maximise le soutien et la stabilit\u00e9<br \/>\nSemelle ext\u00e9rieure : La semelle ext\u00e9rieure en FriXion\u00ae White Compound offre une excellente tenue en mont\u00e9e. La technologie Impact Brake System\u2122 absorbe les chocs et garantit une traction am\u00e9lior\u00e9e. Les rainures de flexibilit\u00e9 le long de la semelle permettent une pleine libert\u00e9 de mouvement<br \/>\nSemelle int\u00e9rieure : Ortholite\u00ae Hybrid Mountain Hiking 5 mm<br \/>\nBrevet : Impact Brake System\u2122<br \/>\nMembrane imperm\u00e9able : GORE-TEX Extended Comfort<br \/>\nHauteur de la semelle (mm) \u2013 talon : 35<br \/>\nHauteur de la semelle (mm) \u2013 avant-pied : 27<br \/>\nDrop (mm) : 8<br \/>\nHauteur des crampons (mm) : 4,5<br \/>\nChaussant large : Non    <\/p>\n<\/div>\n","protected":false},"excerpt":{"rendered":"<p>Les chaussures Ultra Raptor 3 GTX sont con\u00e7ues pour ceux qui sont toujours \u00e0 la recherche du prochain d\u00e9fi. Nos<\/p>\n","protected":false},"featured_media":827260,"template":"","meta":{"_seopress_robots_primary_cat":"none","_seopress_titles_title":"","_seopress_titles_desc":"","_seopress_robots_index":""},"product_brand":[3419],"product_cat":[28,568,569],"product_tag":[],"class_list":{"0":"post-827193","1":"product","2":"type-product","3":"status-publish","4":"has-post-thumbnail","6":"product_brand-la-sportiva","7":"product_cat-calzature","8":"product_cat-calzature-per-il-tempo-libero","9":"product_cat-calzature-da-uomo","10":"sws-gruppo-abb-libero-fr","11":"sws-conto-ricavi-merci-rivendita-abbigliamento-fr","12":"sws-gruppo-iva-iva81-fr","14":"first","15":"instock","16":"shipping-taxable","17":"purchasable","18":"product-type-variable","19":"has-default-attributes"},"_links":{"self":[{"href":"https:\/\/lucacastelli.com\/fr\/wp-json\/wp\/v2\/product\/827193","targetHints":{"allow":["GET"]}}],"collection":[{"href":"https:\/\/lucacastelli.com\/fr\/wp-json\/wp\/v2\/product"}],"about":[{"href":"https:\/\/lucacastelli.com\/fr\/wp-json\/wp\/v2\/types\/product"}],"wp:featuredmedia":[{"embeddable":true,"href":"https:\/\/lucacastelli.com\/fr\/wp-json\/wp\/v2\/media\/827260"}],"wp:attachment":[{"href":"https:\/\/lucacastelli.com\/fr\/wp-json\/wp\/v2\/media?parent=827193"}],"wp:term":[{"taxonomy":"product_brand","embeddable":true,"href":"https:\/\/lucacastelli.com\/fr\/wp-json\/wp\/v2\/product_brand?post=827193"},{"taxonomy":"product_cat","embeddable":true,"href":"https:\/\/lucacastelli.com\/fr\/wp-json\/wp\/v2\/product_cat?post=827193"},{"taxonomy":"product_tag","embeddable":true,"href":"https:\/\/lucacastelli.com\/fr\/wp-json\/wp\/v2\/product_tag?post=827193"}],"curies":[{"name":"wp","href":"https:\/\/api.w.org\/{rel}","templated":true}]}}