{"id":826601,"date":"2026-03-26T21:47:13","date_gmt":"2026-03-26T20:47:13","guid":{"rendered":"https:\/\/lucacastelli.com\/prodotto\/crazy-pant-alpinstar-light-2\/"},"modified":"2026-03-26T21:47:13","modified_gmt":"2026-03-26T20:47:13","slug":"crazy-pant-alpinstar-light-2","status":"publish","type":"product","link":"https:\/\/lucacastelli.com\/fr\/produit\/crazy-pant-alpinstar-light-2\/","title":{"rendered":"CRAZY PANT ALPINSTAR LIGHT"},"content":{"rendered":"<p>Pantalon technique de randonn\u00e9e intensive<\/p>\n<p>Pantalon technique con\u00e7u pour la randonn\u00e9e intense, caract\u00e9ris\u00e9 par un design moderne, \u00e9pur\u00e9 et f\u00e9minin. Les nouvelles lignes mettent en valeur la silhouette sans compromettre le confort et la libert\u00e9 de mouvement. <\/p>\n<p>Fabriqu\u00e9 en tissu Endurance Light avec traitement DWR (d\u00e9perlant), il offre des performances \u00e9lev\u00e9es m\u00eame dans des conditions exigeantes. Les renforts en tissu \u00e0 double trame dans les zones les plus expos\u00e9es \u00e0 l\u2019abrasion garantissent r\u00e9sistance et durabilit\u00e9. <\/p>\n<p>La taille est dot\u00e9e d\u2019une fermeture \u00e9clair invisible pratique et d\u2019une bande \u00e9lastique pour une coupe confortable. Le bas de jambe r\u00e9glable avec cordon \u00e9lastique permet un ajustement parfait aux chaussures de trekking et de montagne. <\/p>\n<p>Caract\u00e9ristiques principales<br \/>\nPoches mains d\u00e9coup\u00e9es au laser avec zips coll\u00e9s<br \/>\nBande \u00e9lastique \u00e0 la taille pour plus de confort<br \/>\nTaille avec fermeture \u00e9clair invisible<br \/>\nBas de jambe r\u00e9glable<br \/>\nCoutures contrast\u00e9es<br \/>\nLogos r\u00e9fl\u00e9chissants pour une meilleure visibilit\u00e9<br \/>\nRenforts aux genoux en tissu anti-abrasion<\/p>\n","protected":false},"excerpt":{"rendered":"<p>Pantalon technique de randonn\u00e9e intensive Pantalon technique con\u00e7u pour la randonn\u00e9e intense, caract\u00e9ris\u00e9 par un design moderne, \u00e9pur\u00e9 et f\u00e9minin.<\/p>\n","protected":false},"featured_media":826602,"template":"","meta":{"_seopress_robots_primary_cat":"none","_seopress_titles_title":"","_seopress_titles_desc":"","_seopress_robots_index":""},"product_brand":[3413],"product_cat":[21,189,200],"product_tag":[],"class_list":{"0":"post-826601","1":"product","2":"type-product","3":"status-publish","4":"has-post-thumbnail","6":"product_brand-crazy","7":"product_cat-abbigliamento","8":"product_cat-abbigliamento-per-il-tempo-libero","9":"product_cat-abbigliamento-da-donna","10":"sws-gruppo-abb-libero-fr","11":"sws-conto-ricavi-merci-rivendita-abbigliamento-fr","12":"sws-gruppo-iva-iva81-fr","14":"first","15":"instock","16":"sale","17":"shipping-taxable","18":"purchasable","19":"product-type-variable","20":"has-default-attributes"},"_links":{"self":[{"href":"https:\/\/lucacastelli.com\/fr\/wp-json\/wp\/v2\/product\/826601","targetHints":{"allow":["GET"]}}],"collection":[{"href":"https:\/\/lucacastelli.com\/fr\/wp-json\/wp\/v2\/product"}],"about":[{"href":"https:\/\/lucacastelli.com\/fr\/wp-json\/wp\/v2\/types\/product"}],"wp:featuredmedia":[{"embeddable":true,"href":"https:\/\/lucacastelli.com\/fr\/wp-json\/wp\/v2\/media\/826602"}],"wp:attachment":[{"href":"https:\/\/lucacastelli.com\/fr\/wp-json\/wp\/v2\/media?parent=826601"}],"wp:term":[{"taxonomy":"product_brand","embeddable":true,"href":"https:\/\/lucacastelli.com\/fr\/wp-json\/wp\/v2\/product_brand?post=826601"},{"taxonomy":"product_cat","embeddable":true,"href":"https:\/\/lucacastelli.com\/fr\/wp-json\/wp\/v2\/product_cat?post=826601"},{"taxonomy":"product_tag","embeddable":true,"href":"https:\/\/lucacastelli.com\/fr\/wp-json\/wp\/v2\/product_tag?post=826601"}],"curies":[{"name":"wp","href":"https:\/\/api.w.org\/{rel}","templated":true}]}}