{"id":826545,"date":"2026-03-26T22:04:01","date_gmt":"2026-03-26T21:04:01","guid":{"rendered":"https:\/\/lucacastelli.com\/prodotto\/haix-black-eagle-safety-200-m-t-gris\/"},"modified":"2026-03-26T22:04:01","modified_gmt":"2026-03-26T21:04:01","slug":"haix-black-eagle-safety-200-m-t-gris","status":"publish","type":"product","link":"https:\/\/lucacastelli.com\/fr\/produit\/haix-black-eagle-safety-200-m-t-gris\/","title":{"rendered":"HAIX BLACK EAGLE Safety 200 M T gris"},"content":{"rendered":"<p>Tige : combinaison microfibre\/textile, hydrophobe, respirante. Doublure int\u00e9rieure : doublure textile respirante et r\u00e9sistante \u00e0 l&#8217;abrasion. Semelle de propret\u00e9 : confortable, amortissante, \u00e9vacuant l&#8217;humidit\u00e9, coque de talon s\u00e9par\u00e9e assurant un bon amorti et un bon maintien du pied, canaux \u00ab AIRFLOW \u00bb, marquage \u00ab Perfect-Fit \u00bb pour une v\u00e9rification optimale de la pointure correcte. XLR8 : technologies XLR8 pour am\u00e9liorer les performances, le contr\u00f4le et l&#8217;endurance. Reforce g\u00e9n\u00e8re un mouvement de rotation cibl\u00e9 du calcan\u00e9um et redresse ainsi la vo\u00fbte plantaire. Le contrefort de talon adaptatif s&#8217;adapte avec le temps \u00e0 la forme individuelle du calcan\u00e9um et le relie id\u00e9alement \u00e0 la chaussure. Lors de la pose du pied, la chaussure est ainsi contr\u00f4l\u00e9e par le calcan\u00e9um. L&#8217;amorti \u00e9quilibr\u00e9 absorbe l&#8217;impact, stocke l&#8217;\u00e9nergie et la restitue de mani\u00e8re cibl\u00e9e lors de la propulsion. La forme ergonomique permet au pied de se d\u00e9ployer naturellement et librement tout en \u00e9tant guid\u00e9 de mani\u00e8re optimale par la chaussure.         Semelle de montage : ultra l\u00e9g\u00e8re, souple, amortissante, avec doublure microfibre r\u00e9sistante \u00e0 l&#8217;abrasion et absorbant l&#8217;humidit\u00e9. Protection antiperforation : insert de semelle flexible, l\u00e9ger, sans m\u00e9tal et r\u00e9sistant \u00e0 la perforation avec 20 % de mat\u00e9riaux recycl\u00e9s. Semelle d&#8217;usure : semelle d&#8217;usure en caoutchouc moderne et l\u00e9g\u00e8re avec profil route\/tout-terrain avec une semelle interm\u00e9diaire en PU offrant de bonnes propri\u00e9t\u00e9s d&#8217;amorti, d&#8217;excellentes propri\u00e9t\u00e9s de marche et une tr\u00e8s bonne isolation contre la chaleur et le froid.   La semelle d&#8217;usure en caoutchouc est antid\u00e9rapante, r\u00e9sistante \u00e0 l&#8217;abrasion, non marquante, antistatique et r\u00e9sistante aux carburants. ESD : chaussures \u00e0 dissipation \u00e9lectrostatique test\u00e9es selon EN IEC 61340-4-3:2018, EN IEC 61340-5-1:2016. Embout de protection : embout de protection anatomique ultra l\u00e9ger en plastique renforc\u00e9 de fibre de verre pour les exigences de s\u00e9curit\u00e9 les plus \u00e9lev\u00e9es. HAIX CO-System : d\u00e9compression, amorti, correction de la position du pied, redressement du corps, \u00e9quilibre musculaire. HAIX Smart Lacing : ajustement facile et sans pression de la chaussure au pied, fermeture rapide et poche pour lacets. HAIX Vario Wide Fit System : gr\u00e2ce \u00e0 3 semelles de propret\u00e9 diff\u00e9rentes, la largeur de la chaussure peut \u00eatre ajust\u00e9e individuellement. La semelle rouge (medium) est livr\u00e9e avec la chaussure, une semelle de propret\u00e9 jaune (wide) et bleue (narrow) doit \u00eatre command\u00e9e s\u00e9par\u00e9ment. Divers : sur-embout TPU r\u00e9sistant \u00e0 l&#8217;abrasion, sans m\u00e9tal, languette de tirage, certifi\u00e9 pour semelles orthop\u00e9diques.       <\/p>\n<p>Ultra l\u00e9ger. Sans m\u00e9tal. Pr\u00eat pour votre journ\u00e9e de travail.  <\/p>\n<p>Fermeture rapide<br \/>\nMicrofibre\/textile<br \/>\nNon imperm\u00e9able<\/p>\n","protected":false},"excerpt":{"rendered":"<p>Tige : combinaison microfibre\/textile, hydrophobe, respirante. Doublure int\u00e9rieure : doublure textile respirante et r\u00e9sistante \u00e0 l&#8217;abrasion. Semelle de propret\u00e9 :<\/p>\n","protected":false},"featured_media":787409,"template":"","meta":{"_seopress_robots_primary_cat":"none","_seopress_titles_title":"","_seopress_titles_desc":"","_seopress_robots_index":""},"product_brand":[3638],"product_cat":[173,1423],"product_tag":[],"class_list":{"0":"post-826545","1":"product","2":"type-product","3":"status-publish","4":"has-post-thumbnail","6":"product_brand-haix-fr","7":"product_cat-chaussures","8":"product_cat-chaussures-de-travail","9":"sws-gruppo-abb-libero-fr","10":"sws-conto-ricavi-merci-rivendita-abbigliamento-fr","11":"sws-gruppo-iva-iva81-fr","13":"first","14":"instock","15":"shipping-taxable","16":"purchasable","17":"product-type-variable","18":"has-default-attributes"},"_links":{"self":[{"href":"https:\/\/lucacastelli.com\/fr\/wp-json\/wp\/v2\/product\/826545","targetHints":{"allow":["GET"]}}],"collection":[{"href":"https:\/\/lucacastelli.com\/fr\/wp-json\/wp\/v2\/product"}],"about":[{"href":"https:\/\/lucacastelli.com\/fr\/wp-json\/wp\/v2\/types\/product"}],"wp:featuredmedia":[{"embeddable":true,"href":"https:\/\/lucacastelli.com\/fr\/wp-json\/wp\/v2\/media\/787409"}],"wp:attachment":[{"href":"https:\/\/lucacastelli.com\/fr\/wp-json\/wp\/v2\/media?parent=826545"}],"wp:term":[{"taxonomy":"product_brand","embeddable":true,"href":"https:\/\/lucacastelli.com\/fr\/wp-json\/wp\/v2\/product_brand?post=826545"},{"taxonomy":"product_cat","embeddable":true,"href":"https:\/\/lucacastelli.com\/fr\/wp-json\/wp\/v2\/product_cat?post=826545"},{"taxonomy":"product_tag","embeddable":true,"href":"https:\/\/lucacastelli.com\/fr\/wp-json\/wp\/v2\/product_tag?post=826545"}],"curies":[{"name":"wp","href":"https:\/\/api.w.org\/{rel}","templated":true}]}}