{"id":826525,"date":"2026-03-30T18:32:04","date_gmt":"2026-03-30T16:32:04","guid":{"rendered":"https:\/\/lucacastelli.com\/prodotto\/crazy-pant-after-light-2\/"},"modified":"2026-03-30T18:32:04","modified_gmt":"2026-03-30T16:32:04","slug":"crazy-pant-after-light-2","status":"publish","type":"product","link":"https:\/\/lucacastelli.com\/fr\/produit\/crazy-pant-after-light-2\/","title":{"rendered":"CRAZY PANT AFTER LIGHT"},"content":{"rendered":"<p>Caract\u00e9ristiques<\/p>\n<p>Poches pour les mains<\/p>\n<p>Poche arri\u00e8re<\/p>\n<p>Ceinture \u00e9lastique confortable<\/p>\n<p>Inserts de poches imprim\u00e9s<\/p>\n<p>Logos brod\u00e9s<\/p>\n<p>Description<\/p>\n<p>Le PANT After Light allie confort et l\u00e9g\u00e8ret\u00e9, id\u00e9al pour les loisirs, les promenades et les sorties en ville.<\/p>\n<p>Gr\u00e2ce \u00e0 sa construction polyvalente, il est \u00e9galement appr\u00e9ci\u00e9 des passionn\u00e9s d\u2019escalade : la ceinture \u00e9lastique garantit en effet une coupe extr\u00eamement confortable, m\u00eame avec un harnais.<\/p>\n<p>\u00c0 l\u2019exception de la variante en jean stretch, l\u00e9g\u00e8re et bi-\u00e9lastique, toutes les autres versions sont r\u00e9alis\u00e9es en Performance Cotton, un tissu doux et respirant qui assure libert\u00e9 de mouvement et confort tout au long de la journ\u00e9e.<\/p>\n","protected":false},"excerpt":{"rendered":"<p>Caract\u00e9ristiques Poches pour les mains Poche arri\u00e8re Ceinture \u00e9lastique confortable Inserts de poches imprim\u00e9s Logos brod\u00e9s Description Le PANT After<\/p>\n","protected":false},"featured_media":826527,"template":"","meta":{"_seopress_robots_primary_cat":"none","_seopress_titles_title":"","_seopress_titles_desc":"","_seopress_robots_index":""},"product_brand":[3616],"product_cat":[81,981,1387],"product_tag":[],"class_list":{"0":"post-826525","1":"product","2":"type-product","3":"status-publish","4":"has-post-thumbnail","6":"product_brand-crazy-fr","7":"product_cat-vetements","8":"product_cat-vetements-de-loisirs","9":"product_cat-vetements-pour-femmes","10":"sws-gruppo-abb-libero-fr","11":"sws-conto-ricavi-merci-rivendita-abbigliamento-fr","12":"sws-gruppo-iva-iva81-fr","14":"first","15":"instock","16":"sale","17":"shipping-taxable","18":"product-type-variable","19":"has-default-attributes"},"_links":{"self":[{"href":"https:\/\/lucacastelli.com\/fr\/wp-json\/wp\/v2\/product\/826525","targetHints":{"allow":["GET"]}}],"collection":[{"href":"https:\/\/lucacastelli.com\/fr\/wp-json\/wp\/v2\/product"}],"about":[{"href":"https:\/\/lucacastelli.com\/fr\/wp-json\/wp\/v2\/types\/product"}],"wp:featuredmedia":[{"embeddable":true,"href":"https:\/\/lucacastelli.com\/fr\/wp-json\/wp\/v2\/media\/826527"}],"wp:attachment":[{"href":"https:\/\/lucacastelli.com\/fr\/wp-json\/wp\/v2\/media?parent=826525"}],"wp:term":[{"taxonomy":"product_brand","embeddable":true,"href":"https:\/\/lucacastelli.com\/fr\/wp-json\/wp\/v2\/product_brand?post=826525"},{"taxonomy":"product_cat","embeddable":true,"href":"https:\/\/lucacastelli.com\/fr\/wp-json\/wp\/v2\/product_cat?post=826525"},{"taxonomy":"product_tag","embeddable":true,"href":"https:\/\/lucacastelli.com\/fr\/wp-json\/wp\/v2\/product_tag?post=826525"}],"curies":[{"name":"wp","href":"https:\/\/api.w.org\/{rel}","templated":true}]}}