{"id":826519,"date":"2026-03-30T17:52:53","date_gmt":"2026-03-30T15:52:53","guid":{"rendered":"https:\/\/lucacastelli.com\/prodotto\/crazy-l-short-kimera-4\/"},"modified":"2026-03-30T17:52:53","modified_gmt":"2026-03-30T15:52:53","slug":"crazy-l-short-kimera-4","status":"publish","type":"product","link":"https:\/\/lucacastelli.com\/fr\/produit\/crazy-l-short-kimera-4\/","title":{"rendered":"CRAZY L\/SHORT KIMERA"},"content":{"rendered":"<p>Caract\u00e9ristiques<\/p>\n<p>Poches pour les mains<\/p>\n<p>Taille \u00e9lastique<\/p>\n<p>Inserts de poches imprim\u00e9s<\/p>\n<p>Bas de jambe avec poignet en tissu \u00e9lastique<\/p>\n<p>Logos brod\u00e9s<\/p>\n<p>Description<\/p>\n<p>Le Long Short Kimera repr\u00e9sente parfaitement l&#8217;esprit de la collection lifestyle, alliant confort, polyvalence et style. C&#8217;est un v\u00eatement id\u00e9al aussi bien pour les activit\u00e9s en plein air que pour les moments de d\u00e9tente, s&#8217;adaptant facilement \u00e0 diff\u00e9rentes situations. <\/p>\n<p>R\u00e9alis\u00e9 en Performance Cotton, un tissu frais, bi-\u00e9lastique et particuli\u00e8rement l\u00e9ger, il est disponible en diff\u00e9rentes variantes de couleurs vives. En alternative, il est \u00e9galement propos\u00e9 en Indigo Jeans Stretch, avec des caract\u00e9ristiques similaires en termes de confort et d&#8217;\u00e9lasticit\u00e9. <\/p>\n<p>Les deux versions garantissent libert\u00e9 de mouvement et agr\u00e9ment sur la peau, faisant de ce short long un choix pratique et styl\u00e9 pour l&#8217;usage quotidien et les loisirs.<\/p>\n","protected":false},"excerpt":{"rendered":"<p>Caract\u00e9ristiques Poches pour les mains Taille \u00e9lastique Inserts de poches imprim\u00e9s Bas de jambe avec poignet en tissu \u00e9lastique Logos<\/p>\n","protected":false},"featured_media":826520,"template":"","meta":{"_seopress_robots_primary_cat":"none","_seopress_titles_title":"","_seopress_titles_desc":"","_seopress_robots_index":""},"product_brand":[3413],"product_cat":[21,189,200],"product_tag":[],"class_list":{"0":"post-826519","1":"product","2":"type-product","3":"status-publish","4":"has-post-thumbnail","6":"product_brand-crazy","7":"product_cat-abbigliamento","8":"product_cat-abbigliamento-per-il-tempo-libero","9":"product_cat-abbigliamento-da-donna","10":"sws-gruppo-abb-libero-fr","11":"sws-conto-ricavi-merci-rivendita-abbigliamento-fr","12":"sws-gruppo-iva-iva81-fr","14":"first","15":"instock","16":"sale","17":"shipping-taxable","18":"product-type-variable","19":"has-default-attributes"},"_links":{"self":[{"href":"https:\/\/lucacastelli.com\/fr\/wp-json\/wp\/v2\/product\/826519","targetHints":{"allow":["GET"]}}],"collection":[{"href":"https:\/\/lucacastelli.com\/fr\/wp-json\/wp\/v2\/product"}],"about":[{"href":"https:\/\/lucacastelli.com\/fr\/wp-json\/wp\/v2\/types\/product"}],"wp:featuredmedia":[{"embeddable":true,"href":"https:\/\/lucacastelli.com\/fr\/wp-json\/wp\/v2\/media\/826520"}],"wp:attachment":[{"href":"https:\/\/lucacastelli.com\/fr\/wp-json\/wp\/v2\/media?parent=826519"}],"wp:term":[{"taxonomy":"product_brand","embeddable":true,"href":"https:\/\/lucacastelli.com\/fr\/wp-json\/wp\/v2\/product_brand?post=826519"},{"taxonomy":"product_cat","embeddable":true,"href":"https:\/\/lucacastelli.com\/fr\/wp-json\/wp\/v2\/product_cat?post=826519"},{"taxonomy":"product_tag","embeddable":true,"href":"https:\/\/lucacastelli.com\/fr\/wp-json\/wp\/v2\/product_tag?post=826519"}],"curies":[{"name":"wp","href":"https:\/\/api.w.org\/{rel}","templated":true}]}}