{"id":826507,"date":"2026-03-28T15:16:57","date_gmt":"2026-03-28T14:16:57","guid":{"rendered":"https:\/\/lucacastelli.com\/prodotto\/crazy-leggings-cute-light\/"},"modified":"2026-03-28T15:16:57","modified_gmt":"2026-03-28T14:16:57","slug":"crazy-leggings-cute-light","status":"publish","type":"product","link":"https:\/\/lucacastelli.com\/fr\/produit\/crazy-leggings-cute-light\/","title":{"rendered":"CRAZY LEGGINGS CUTE LIGHT"},"content":{"rendered":"<p>Description du produit<\/p>\n<p>Le legging Cute se renouvelle avec un design moderne, con\u00e7u pour offrir encore plus de confort, de fonctionnalit\u00e9 et de style.<\/p>\n<p>Cette nouvelle version introduit un empi\u00e8cement en tissu Coolwave, plus l\u00e9ger et respirant, qui am\u00e9liore la ventilation pendant l\u2019activit\u00e9. Il est \u00e9galement dot\u00e9 d\u2019un passant pratique sous la taille avec cordon \u00e9lastique et mousqueton amovible, id\u00e9al comme porte-cl\u00e9s ou pour de petits accessoires. <\/p>\n<p>R\u00e9alis\u00e9 avec des coutures plates, il garantit une coupe confortable sans frottements. Les poches lat\u00e9rales invisibles anti-basculement permettent de ranger de petits objets en toute s\u00e9curit\u00e9, tandis que les logos r\u00e9fl\u00e9chissants augmentent la visibilit\u00e9 par faible luminosit\u00e9. <\/p>\n<p>Un v\u00eatement technique et polyvalent, parfait pour vous accompagner dans chaque activit\u00e9.<\/p>\n<p>Caract\u00e9ristiques principales<br \/>\nCoutures plates pour un confort maximal<br \/>\nEmpi\u00e8cement en maille 3D derri\u00e8re le mollet pour plus de respirabilit\u00e9<br \/>\nTissu Coolwave l\u00e9ger et respirant<br \/>\nPoches lat\u00e9rales invisibles anti-basculement<br \/>\nPassant avec cordon \u00e9lastique et mousqueton amovible<br \/>\nLogos r\u00e9fl\u00e9chissants pour plus de visibilit\u00e9<br \/>\nDesign technique et fonctionnel<br \/>\nId\u00e9al pour<br \/>\nTrekking l\u00e9ger<br \/>\nActivit\u00e9s de plein air<br \/>\nFitness et loisirs<\/p>\n","protected":false},"excerpt":{"rendered":"<p>Description du produit Le legging Cute se renouvelle avec un design moderne, con\u00e7u pour offrir encore plus de confort, de<\/p>\n","protected":false},"featured_media":826479,"template":"","meta":{"_seopress_robots_primary_cat":"none","_seopress_titles_title":"","_seopress_titles_desc":"","_seopress_robots_index":""},"product_brand":[3413],"product_cat":[21,189,200],"product_tag":[],"class_list":{"0":"post-826507","1":"product","2":"type-product","3":"status-publish","4":"has-post-thumbnail","6":"product_brand-crazy","7":"product_cat-abbigliamento","8":"product_cat-abbigliamento-per-il-tempo-libero","9":"product_cat-abbigliamento-da-donna","10":"sws-gruppo-abb-libero-fr","11":"sws-conto-ricavi-merci-rivendita-abbigliamento-fr","12":"sws-gruppo-iva-iva81-fr","14":"first","15":"instock","16":"sale","17":"shipping-taxable","18":"purchasable","19":"product-type-variable","20":"has-default-attributes"},"_links":{"self":[{"href":"https:\/\/lucacastelli.com\/fr\/wp-json\/wp\/v2\/product\/826507","targetHints":{"allow":["GET"]}}],"collection":[{"href":"https:\/\/lucacastelli.com\/fr\/wp-json\/wp\/v2\/product"}],"about":[{"href":"https:\/\/lucacastelli.com\/fr\/wp-json\/wp\/v2\/types\/product"}],"wp:featuredmedia":[{"embeddable":true,"href":"https:\/\/lucacastelli.com\/fr\/wp-json\/wp\/v2\/media\/826479"}],"wp:attachment":[{"href":"https:\/\/lucacastelli.com\/fr\/wp-json\/wp\/v2\/media?parent=826507"}],"wp:term":[{"taxonomy":"product_brand","embeddable":true,"href":"https:\/\/lucacastelli.com\/fr\/wp-json\/wp\/v2\/product_brand?post=826507"},{"taxonomy":"product_cat","embeddable":true,"href":"https:\/\/lucacastelli.com\/fr\/wp-json\/wp\/v2\/product_cat?post=826507"},{"taxonomy":"product_tag","embeddable":true,"href":"https:\/\/lucacastelli.com\/fr\/wp-json\/wp\/v2\/product_tag?post=826507"}],"curies":[{"name":"wp","href":"https:\/\/api.w.org\/{rel}","templated":true}]}}