{"id":826477,"date":"2026-03-28T16:14:09","date_gmt":"2026-03-28T15:14:09","guid":{"rendered":"https:\/\/lucacastelli.com\/prodotto\/crazy-top-after-2\/"},"modified":"2026-03-28T16:14:09","modified_gmt":"2026-03-28T15:14:09","slug":"crazy-top-after-2","status":"publish","type":"product","link":"https:\/\/lucacastelli.com\/fr\/produit\/crazy-top-after-2\/","title":{"rendered":"CRAZY TOP AFTER"},"content":{"rendered":"<p>Description du produit<\/p>\n<p>Le Top After est le v\u00eatement lifestyle par excellence, con\u00e7u pour ajouter une touche de couleur et de style aux activit\u00e9s de loisirs.<\/p>\n<p>Caract\u00e9ris\u00e9 par des motifs vifs et modernes, il est r\u00e9alis\u00e9 dans un m\u00e9lange frais de polyester et viscose imprim\u00e9 all-over, id\u00e9al pour les journ\u00e9es les plus chaudes. Le traitement devor\u00e9 all\u00e8ge le tissu, am\u00e9liorant la respirabilit\u00e9 et le confort. <\/p>\n<p>Le design est enrichi de bretelles am\u00e9ricaines et d&#8217;une construction avec pli crois\u00e9 au dos, qui valorise la silhouette. La partie sup\u00e9rieure du dos et les bretelles en dentelle teint\u00e9e ajoutent un d\u00e9tail \u00e9l\u00e9gant et distinctif. <\/p>\n<p>Le v\u00eatement est compl\u00e9t\u00e9 par des impressions s\u00e9rigraphiques et des patchs aux motifs exclusifs, pour un style unique et reconnaissable.<\/p>\n<p>Caract\u00e9ristiques principales<br \/>\nTissu l\u00e9ger en polyester et viscose imprim\u00e9 all-over<br \/>\nTraitement devor\u00e9 pour plus de fra\u00eecheur et de respirabilit\u00e9<br \/>\nBretelles am\u00e9ricaines<br \/>\nDos avec pli crois\u00e9<br \/>\nD\u00e9tails en dentelle teint\u00e9e sur les bretelles et la partie haute du dos<br \/>\nImpressions s\u00e9rigraphiques et patchs aux motifs exclusifs<br \/>\nDesign frais et color\u00e9<br \/>\nId\u00e9al pour<br \/>\nLoisirs<br \/>\nActivit\u00e9s outdoor l\u00e9g\u00e8res<br \/>\nJourn\u00e9es estivales<\/p>\n","protected":false},"excerpt":{"rendered":"<p>Description du produit Le Top After est le v\u00eatement lifestyle par excellence, con\u00e7u pour ajouter une touche de couleur et<\/p>\n","protected":false},"featured_media":826478,"template":"","meta":{"_seopress_robots_primary_cat":"none","_seopress_titles_title":"","_seopress_titles_desc":"","_seopress_robots_index":""},"product_brand":[3413],"product_cat":[21,189,200],"product_tag":[],"class_list":{"0":"post-826477","1":"product","2":"type-product","3":"status-publish","4":"has-post-thumbnail","6":"product_brand-crazy","7":"product_cat-abbigliamento","8":"product_cat-abbigliamento-per-il-tempo-libero","9":"product_cat-abbigliamento-da-donna","10":"sws-gruppo-abb-libero-fr","11":"sws-conto-ricavi-merci-rivendita-abbigliamento-fr","12":"sws-gruppo-iva-iva81-fr","14":"first","15":"instock","16":"sale","17":"shipping-taxable","18":"product-type-variable","19":"has-default-attributes"},"_links":{"self":[{"href":"https:\/\/lucacastelli.com\/fr\/wp-json\/wp\/v2\/product\/826477","targetHints":{"allow":["GET"]}}],"collection":[{"href":"https:\/\/lucacastelli.com\/fr\/wp-json\/wp\/v2\/product"}],"about":[{"href":"https:\/\/lucacastelli.com\/fr\/wp-json\/wp\/v2\/types\/product"}],"wp:featuredmedia":[{"embeddable":true,"href":"https:\/\/lucacastelli.com\/fr\/wp-json\/wp\/v2\/media\/826478"}],"wp:attachment":[{"href":"https:\/\/lucacastelli.com\/fr\/wp-json\/wp\/v2\/media?parent=826477"}],"wp:term":[{"taxonomy":"product_brand","embeddable":true,"href":"https:\/\/lucacastelli.com\/fr\/wp-json\/wp\/v2\/product_brand?post=826477"},{"taxonomy":"product_cat","embeddable":true,"href":"https:\/\/lucacastelli.com\/fr\/wp-json\/wp\/v2\/product_cat?post=826477"},{"taxonomy":"product_tag","embeddable":true,"href":"https:\/\/lucacastelli.com\/fr\/wp-json\/wp\/v2\/product_tag?post=826477"}],"curies":[{"name":"wp","href":"https:\/\/api.w.org\/{rel}","templated":true}]}}