{"id":826418,"date":"2026-03-30T17:36:28","date_gmt":"2026-03-30T15:36:28","guid":{"rendered":"https:\/\/lucacastelli.com\/prodotto\/la-sportiva-traverse-trucker\/"},"modified":"2026-03-30T17:36:28","modified_gmt":"2026-03-30T15:36:28","slug":"la-sportiva-traverse-trucker","status":"publish","type":"product","link":"https:\/\/lucacastelli.com\/fr\/produit\/la-sportiva-traverse-trucker\/","title":{"rendered":"LA SPORTIVA Traverse Trucker"},"content":{"rendered":"<p>La Sportiva Traverse Trucker est une casquette r\u00e9alis\u00e9e enti\u00e8rement en coton, extr\u00eamement respirante et donc parfaite pour les chaudes journ\u00e9es estivales.<\/p>\n","protected":false},"excerpt":{"rendered":"<p>La Sportiva Traverse Trucker est une casquette r\u00e9alis\u00e9e enti\u00e8rement en coton, extr\u00eamement respirante et donc parfaite pour les chaudes journ\u00e9es<\/p>\n","protected":false},"featured_media":826260,"template":"","meta":{"_seopress_robots_primary_cat":"none","_seopress_titles_title":"","_seopress_titles_desc":"","_seopress_robots_index":""},"product_brand":[3648],"product_cat":[1390,81,981],"product_tag":[],"class_list":{"0":"post-826418","1":"product","2":"type-product","3":"status-publish","4":"has-post-thumbnail","6":"product_brand-la-sportiva-fr","7":"product_cat-accessoires-dhabillement","8":"product_cat-vetements","9":"product_cat-vetements-de-loisirs","10":"sws-gruppo-abb-libero-fr","11":"sws-conto-ricavi-merci-rivendita-abbigliamento-fr","12":"sws-gruppo-iva-iva81-fr","14":"first","15":"instock","16":"shipping-taxable","17":"purchasable","18":"product-type-variable","19":"has-default-attributes"},"_links":{"self":[{"href":"https:\/\/lucacastelli.com\/fr\/wp-json\/wp\/v2\/product\/826418","targetHints":{"allow":["GET"]}}],"collection":[{"href":"https:\/\/lucacastelli.com\/fr\/wp-json\/wp\/v2\/product"}],"about":[{"href":"https:\/\/lucacastelli.com\/fr\/wp-json\/wp\/v2\/types\/product"}],"wp:featuredmedia":[{"embeddable":true,"href":"https:\/\/lucacastelli.com\/fr\/wp-json\/wp\/v2\/media\/826260"}],"wp:attachment":[{"href":"https:\/\/lucacastelli.com\/fr\/wp-json\/wp\/v2\/media?parent=826418"}],"wp:term":[{"taxonomy":"product_brand","embeddable":true,"href":"https:\/\/lucacastelli.com\/fr\/wp-json\/wp\/v2\/product_brand?post=826418"},{"taxonomy":"product_cat","embeddable":true,"href":"https:\/\/lucacastelli.com\/fr\/wp-json\/wp\/v2\/product_cat?post=826418"},{"taxonomy":"product_tag","embeddable":true,"href":"https:\/\/lucacastelli.com\/fr\/wp-json\/wp\/v2\/product_tag?post=826418"}],"curies":[{"name":"wp","href":"https:\/\/api.w.org\/{rel}","templated":true}]}}