{"id":826404,"date":"2026-03-30T20:39:46","date_gmt":"2026-03-30T18:39:46","guid":{"rendered":"https:\/\/lucacastelli.com\/prodotto\/crazy-pant-aria-light-2\/"},"modified":"2026-03-30T20:39:46","modified_gmt":"2026-03-30T18:39:46","slug":"crazy-pant-aria-light-2","status":"publish","type":"product","link":"https:\/\/lucacastelli.com\/fr\/produit\/crazy-pant-aria-light-2\/","title":{"rendered":"CRAZY PANT ARIA LIGHT"},"content":{"rendered":"<p>Caract\u00e9ristiques<\/p>\n<p>Poches pour les mains<\/p>\n<p>Ceinture \u00e9lastique ajustable avec cordon<\/p>\n<p>Inserts de poches imprim\u00e9s<\/p>\n<p>Logos brod\u00e9s<\/p>\n<p>Description<\/p>\n<p>Le Pant Aria Light est depuis toujours l&#8217;un des articles les plus appr\u00e9ci\u00e9s de la ligne lifestyle, devenu au fil des ann\u00e9es une v\u00e9ritable ic\u00f4ne pour son style et sa polyvalence.<\/p>\n<p>Propos\u00e9 en nombreuses variantes de couleur, il est r\u00e9alis\u00e9 en Performance Cotton, un tissu confortable, l\u00e9ger et agr\u00e9able \u00e0 porter tout au long de la journ\u00e9e.<\/p>\n<p>La ceinture \u00e9lastique avec cordon r\u00e9glable assure un ajustement pr\u00e9cis et adaptable, rendant ce pantalon id\u00e9al aussi bien pour les loisirs que pour un usage quotidien plac\u00e9 sous le signe du confort.<\/p>\n","protected":false},"excerpt":{"rendered":"<p>Caract\u00e9ristiques Poches pour les mains Ceinture \u00e9lastique ajustable avec cordon Inserts de poches imprim\u00e9s Logos brod\u00e9s Description Le Pant Aria<\/p>\n","protected":false},"featured_media":826406,"template":"","meta":{"_seopress_robots_primary_cat":"none","_seopress_titles_title":"","_seopress_titles_desc":"","_seopress_robots_index":""},"product_brand":[3616],"product_cat":[81,981,1387],"product_tag":[],"class_list":{"0":"post-826404","1":"product","2":"type-product","3":"status-publish","4":"has-post-thumbnail","6":"product_brand-crazy-fr","7":"product_cat-vetements","8":"product_cat-vetements-de-loisirs","9":"product_cat-vetements-pour-femmes","10":"sws-gruppo-abb-libero-fr","11":"sws-conto-ricavi-merci-rivendita-abbigliamento-fr","12":"sws-gruppo-iva-iva81-fr","14":"first","15":"instock","16":"sale","17":"shipping-taxable","18":"product-type-variable","19":"has-default-attributes"},"_links":{"self":[{"href":"https:\/\/lucacastelli.com\/fr\/wp-json\/wp\/v2\/product\/826404","targetHints":{"allow":["GET"]}}],"collection":[{"href":"https:\/\/lucacastelli.com\/fr\/wp-json\/wp\/v2\/product"}],"about":[{"href":"https:\/\/lucacastelli.com\/fr\/wp-json\/wp\/v2\/types\/product"}],"wp:featuredmedia":[{"embeddable":true,"href":"https:\/\/lucacastelli.com\/fr\/wp-json\/wp\/v2\/media\/826406"}],"wp:attachment":[{"href":"https:\/\/lucacastelli.com\/fr\/wp-json\/wp\/v2\/media?parent=826404"}],"wp:term":[{"taxonomy":"product_brand","embeddable":true,"href":"https:\/\/lucacastelli.com\/fr\/wp-json\/wp\/v2\/product_brand?post=826404"},{"taxonomy":"product_cat","embeddable":true,"href":"https:\/\/lucacastelli.com\/fr\/wp-json\/wp\/v2\/product_cat?post=826404"},{"taxonomy":"product_tag","embeddable":true,"href":"https:\/\/lucacastelli.com\/fr\/wp-json\/wp\/v2\/product_tag?post=826404"}],"curies":[{"name":"wp","href":"https:\/\/api.w.org\/{rel}","templated":true}]}}