{"id":824185,"date":"2026-03-26T18:27:14","date_gmt":"2026-03-26T17:27:14","guid":{"rendered":"https:\/\/lucacastelli.com\/prodotto\/stihl-chargeur-rapide-al-1802-mo\/"},"modified":"2026-03-26T18:27:14","modified_gmt":"2026-03-26T17:27:14","slug":"stihl-chargeur-rapide-al-1802-mo","status":"publish","type":"product","link":"https:\/\/lucacastelli.com\/fr\/produit\/stihl-chargeur-rapide-al-1802-mo\/","title":{"rendered":"STIHL Chargeur rapide AL 1802 MO"},"content":{"rendered":"<p>Chargeur rapide AL 1802 MO : recharge particuli\u00e8rement rapide et douce de 2 batteries du syst\u00e8me AP en atelier, en voiture et en ext\u00e9rieur<br \/>\nLe chargeur rapide STIHL AL 1802 MO est une solution pratique, id\u00e9ale pour les professionnels du jardinage et de l&#8217;entretien paysager, du b\u00e2timent, des services communaux et forestiers, ainsi que de l&#8217;entretien des arbres. Le chargeur STIHL AL 1802 MO dispose d&#8217;une protection certifi\u00e9e contre les projections d&#8217;eau et peut donc \u00eatre utilis\u00e9 en ext\u00e9rieur, s&#8217;il est employ\u00e9 correctement, m\u00eame dans des conditions m\u00e9t\u00e9orologiques d\u00e9favorables, par exemple en cas de pluie. Il permet une recharge particuli\u00e8rement rapide de 2 batteries du syst\u00e8me STIHL AP. Il est possible de recharger une batterie \u00e0 la fois ou les deux simultan\u00e9ment. Ainsi, il est possible d&#8217;\u00e9viter dans la plupart des cas des interruptions pendant le travail avec les outils du syst\u00e8me AP. D&#8217;autres avantages du STIHL AL 1802 MO sont, outre la courte dur\u00e9e de recharge, le refroidissement actif des batteries pendant le processus de recharge, un transport s\u00e9curis\u00e9 des batteries et la recharge en d\u00e9placement. \u00c0 ne pas oublier : la r\u00e9duction des temps de pr\u00e9paration quotidiens, car les batteries et le chargeur peuvent rester dans le v\u00e9hicule jusqu&#8217;au jour de travail suivant.<br \/>\nPour plus d&#8217;informations sur la recharge des batteries et sur ce qu&#8217;il faut prendre en compte, consultez notre guide STIHL sur la recharge des batteries lithium-ion.<br \/>\nLe chargeur rapide AL 1802 MO est certifi\u00e9 selon l&#8217;indice de protection IPX4.      <\/p>\n<p>&nbsp;<\/p>\n<p>&nbsp;<\/p>\n<table data-test-id=\"pdp-spec-tech-table\">\n<tbody>\n<tr>\n<td>Nennspannung<\/td>\n<td>220-240 V<\/td>\n<\/tr>\n<tr>\n<td>Nennstrom<\/td>\n<td>8,6 A<\/td>\n<\/tr>\n<tr>\n<td>Leistungsaufnahme<\/td>\n<td>2000 W<\/td>\n<\/tr>\n<tr>\n<td>Gewicht<\/td>\n<td>7,2 kg<\/td>\n<\/tr>\n<tr>\n<td>Ladestrom<\/td>\n<td>42 A<\/td>\n<\/tr>\n<tr>\n<td>Ladeleistung<\/td>\n<td>1785 W<\/td>\n<\/tr>\n<\/tbody>\n<\/table>\n","protected":false},"excerpt":{"rendered":"<p>Chargeur rapide AL 1802 MO : recharge particuli\u00e8rement rapide et douce de 2 batteries du syst\u00e8me AP en atelier, en<\/p>\n","protected":false},"featured_media":824178,"template":"","meta":{"_seopress_robots_primary_cat":"none","_seopress_titles_title":"","_seopress_titles_desc":"","_seopress_robots_index":""},"product_brand":[3555],"product_cat":[167,1450],"product_tag":[],"class_list":{"0":"post-824185","1":"product","2":"type-product","3":"status-publish","4":"has-post-thumbnail","6":"product_brand-stihl-fr","7":"product_cat-machines","8":"product_cat-systemes-de-batteries-accessoires","9":"sws-gruppo-macchinari-fr","10":"sws-conto-ricavi-merci-rivendita-macchinari-fr","11":"sws-gruppo-iva-iva81-fr","13":"first","14":"instock","15":"shipping-taxable","16":"purchasable","17":"product-type-simple"},"_links":{"self":[{"href":"https:\/\/lucacastelli.com\/fr\/wp-json\/wp\/v2\/product\/824185","targetHints":{"allow":["GET"]}}],"collection":[{"href":"https:\/\/lucacastelli.com\/fr\/wp-json\/wp\/v2\/product"}],"about":[{"href":"https:\/\/lucacastelli.com\/fr\/wp-json\/wp\/v2\/types\/product"}],"wp:featuredmedia":[{"embeddable":true,"href":"https:\/\/lucacastelli.com\/fr\/wp-json\/wp\/v2\/media\/824178"}],"wp:attachment":[{"href":"https:\/\/lucacastelli.com\/fr\/wp-json\/wp\/v2\/media?parent=824185"}],"wp:term":[{"taxonomy":"product_brand","embeddable":true,"href":"https:\/\/lucacastelli.com\/fr\/wp-json\/wp\/v2\/product_brand?post=824185"},{"taxonomy":"product_cat","embeddable":true,"href":"https:\/\/lucacastelli.com\/fr\/wp-json\/wp\/v2\/product_cat?post=824185"},{"taxonomy":"product_tag","embeddable":true,"href":"https:\/\/lucacastelli.com\/fr\/wp-json\/wp\/v2\/product_tag?post=824185"}],"curies":[{"name":"wp","href":"https:\/\/api.w.org\/{rel}","templated":true}]}}