{"id":819899,"date":"2026-03-23T09:11:13","date_gmt":"2026-03-23T08:11:13","guid":{"rendered":"https:\/\/lucacastelli.com\/prodotto\/ortovox-affinity-shorts-w\/"},"modified":"2026-03-23T09:11:13","modified_gmt":"2026-03-23T08:11:13","slug":"ortovox-affinity-shorts-w","status":"publish","type":"product","link":"https:\/\/lucacastelli.com\/fr\/produit\/ortovox-affinity-shorts-w\/","title":{"rendered":"ORTOVOX AFFINITY SHORTS W"},"content":{"rendered":"<p>V\u00caTEMENT POLYVALENT POUR L&#8217;ESCALADE<\/p>\n<p>Short d&#8217;escalade sportive confortable et polyvalent en coton biologique<\/p>\n<p>Points forts<br \/>\nConfortable et polyvalent<br \/>\nTissu bi-\u00e9lastique en coton biologique<br \/>\nCoupe sp\u00e9cialement con\u00e7ue pour l&#8217;escalade<br \/>\nPolyvalent, coupe-vent et d\u00e9perlant, l&#8217;AFFINITY SHORTS est pr\u00eat \u00e0 affronter les passages cl\u00e9s les plus difficiles et les dynos les plus spectaculaires. Gr\u00e2ce au mat\u00e9riau bi-\u00e9lastique compos\u00e9 \u00e0 66 % de coton biologique et \u00e0 la coupe optimis\u00e9e pour l&#8217;escalade, ce short de longueur moyenne accompagne chacun de vos mouvements. La ceinture \u00e9lastique \u00e0 la taille avec cordon de serrage assure un ajustement parfait, tandis que les poches lat\u00e9rales pratiques gardent en s\u00e9curit\u00e9 les petits objets. L&#8217;effet denim avec coutures apparentes conf\u00e8re \u00e0 ce short un look d\u00e9contract\u00e9 adapt\u00e9 \u00e0 la ville. Un v\u00eatement qui ne manque de rien, id\u00e9al aussi bien en falaise qu&#8217;au bar.    <\/p>\n<p>&nbsp;<\/p>\n<div id=\"acc_product_features_collapse\" class=\"accordion-collapse cms-element-acris-accordion-content collapse show\" aria-labelledby=\"acc_product_features_heading\" data-bs-parent=\"#acc_properties\">\n<div class=\"accordion-body\">\n<div id=\"acc_product_features_collapse\" class=\"accordion-collapse cms-element-acris-accordion-content collapse show\" aria-labelledby=\"acc_product_features_heading\" data-bs-parent=\"#acc_properties\">\n<div class=\"accordion-body\">\n<p>Caract\u00e9ristiques<br \/>\nCeinture \u00e9lastique \u00e0 la taille<br \/>\nTaille r\u00e9glable avec cordon de serrage<br \/>\n2 poches lat\u00e9rales<br \/>\nGousset \u00e0 l&#8217;entrejambe<\/p>\n<\/div>\n<p>Mati\u00e8re<br \/>\n66 % coton biologique + 29 % polyamide + 5 % \u00e9lasthanne<br \/>\nM\u00c9LANGE DE MAT\u00c9RIAUX ROBUSTE (min. 120 000 cycles d&#8217;abrasion au test Martindale)<br \/>\nCOTON BIOLOGIQUE<br \/>\nMAT\u00c9RIAU BI-\u00c9LASTIQUE<br \/>\nD\u00c9PERLANT<br \/>\nRESPIRANT<\/p>\n<\/div>\n<\/div>\n<\/div>\n","protected":false},"excerpt":{"rendered":"<p>V\u00caTEMENT POLYVALENT POUR L&#8217;ESCALADE Short d&#8217;escalade sportive confortable et polyvalent en coton biologique Points forts Confortable et polyvalent Tissu bi-\u00e9lastique<\/p>\n","protected":false},"featured_media":819605,"template":"","meta":{"_seopress_robots_primary_cat":"","_seopress_titles_title":"","_seopress_titles_desc":"","_seopress_robots_index":""},"product_brand":[3664],"product_cat":[81,981,1387],"product_tag":[],"class_list":{"0":"post-819899","1":"product","2":"type-product","3":"status-publish","4":"has-post-thumbnail","6":"product_brand-ortovox-fr","7":"product_cat-vetements","8":"product_cat-vetements-de-loisirs","9":"product_cat-vetements-pour-femmes","10":"sws-gruppo-abb-libero-fr","11":"sws-conto-ricavi-merci-rivendita-abbigliamento-fr","12":"sws-gruppo-iva-iva81-fr","14":"first","15":"instock","16":"shipping-taxable","17":"purchasable","18":"product-type-variable","19":"has-default-attributes"},"_links":{"self":[{"href":"https:\/\/lucacastelli.com\/fr\/wp-json\/wp\/v2\/product\/819899","targetHints":{"allow":["GET"]}}],"collection":[{"href":"https:\/\/lucacastelli.com\/fr\/wp-json\/wp\/v2\/product"}],"about":[{"href":"https:\/\/lucacastelli.com\/fr\/wp-json\/wp\/v2\/types\/product"}],"wp:featuredmedia":[{"embeddable":true,"href":"https:\/\/lucacastelli.com\/fr\/wp-json\/wp\/v2\/media\/819605"}],"wp:attachment":[{"href":"https:\/\/lucacastelli.com\/fr\/wp-json\/wp\/v2\/media?parent=819899"}],"wp:term":[{"taxonomy":"product_brand","embeddable":true,"href":"https:\/\/lucacastelli.com\/fr\/wp-json\/wp\/v2\/product_brand?post=819899"},{"taxonomy":"product_cat","embeddable":true,"href":"https:\/\/lucacastelli.com\/fr\/wp-json\/wp\/v2\/product_cat?post=819899"},{"taxonomy":"product_tag","embeddable":true,"href":"https:\/\/lucacastelli.com\/fr\/wp-json\/wp\/v2\/product_tag?post=819899"}],"curies":[{"name":"wp","href":"https:\/\/api.w.org\/{rel}","templated":true}]}}