{"id":819890,"date":"2026-03-23T09:55:35","date_gmt":"2026-03-23T08:55:35","guid":{"rendered":"https:\/\/lucacastelli.com\/prodotto\/ortovox-120-cool-tec-logo-headband-2\/"},"modified":"2026-03-23T09:55:35","modified_gmt":"2026-03-23T08:55:35","slug":"ortovox-120-cool-tec-logo-headband-2","status":"publish","type":"product","link":"https:\/\/lucacastelli.com\/fr\/produit\/ortovox-120-cool-tec-logo-headband-2\/","title":{"rendered":"ORTOVOX 120 COOL TEC LOGO HEADBAND"},"content":{"rendered":"<p>Pratique et polyvalent<\/p>\n<p>Un compagnon pratique pour le sport et la montagne : le bandeau 120 Tec Logo dOrtovox ! Ce bandeau polyvalent r\u00e9chauffe la t\u00eate de mani\u00e8re tr\u00e8s agr\u00e9able gr\u00e2ce \u00e0 son tissu extensible en m\u00e9lange de laine m\u00e9rinos et de polyamide. De plus, les propri\u00e9t\u00e9s de r\u00e9gulation de lhumidit\u00e9 et de la temp\u00e9rature de la laine m\u00e9rinos se ressentent directement sur la peau.  <\/p>\n<p>Confortable et l\u00e9ger<br \/>\nLe mat\u00e9riau n\u2019est pas trop encombrant et s\u2019adapte donc bien sous un casque d\u2019escalade. De plus, le bandeau 120 Tec Logo est tr\u00e8s compact, il peut donc \u00eatre emport\u00e9 partout &#8211; au cas o\u00f9 ! Les points forts en bref :<br \/>\nLa laine m\u00e9rinos offre des fonctionnalit\u00e9s naturelles<br \/>\nConfortable et agr\u00e9able \u00e0 porter<br \/>\nPeut \u00eatre emport\u00e9 partout, en toute occasion  <\/p>\n","protected":false},"excerpt":{"rendered":"<p>Pratique et polyvalent Un compagnon pratique pour le sport et la montagne : le bandeau 120 Tec Logo dOrtovox !<\/p>\n","protected":false},"featured_media":819788,"template":"","meta":{"_seopress_robots_primary_cat":"none","_seopress_titles_title":"","_seopress_titles_desc":"","_seopress_robots_index":""},"product_brand":[3664],"product_cat":[1390,81,981],"product_tag":[],"class_list":{"0":"post-819890","1":"product","2":"type-product","3":"status-publish","4":"has-post-thumbnail","6":"product_brand-ortovox-fr","7":"product_cat-accessoires-dhabillement","8":"product_cat-vetements","9":"product_cat-vetements-de-loisirs","10":"sws-gruppo-abb-libero-fr","11":"sws-conto-ricavi-merci-rivendita-abbigliamento-fr","12":"sws-gruppo-iva-iva81-fr","14":"first","15":"instock","16":"shipping-taxable","17":"purchasable","18":"product-type-variable","19":"has-default-attributes"},"_links":{"self":[{"href":"https:\/\/lucacastelli.com\/fr\/wp-json\/wp\/v2\/product\/819890","targetHints":{"allow":["GET"]}}],"collection":[{"href":"https:\/\/lucacastelli.com\/fr\/wp-json\/wp\/v2\/product"}],"about":[{"href":"https:\/\/lucacastelli.com\/fr\/wp-json\/wp\/v2\/types\/product"}],"wp:featuredmedia":[{"embeddable":true,"href":"https:\/\/lucacastelli.com\/fr\/wp-json\/wp\/v2\/media\/819788"}],"wp:attachment":[{"href":"https:\/\/lucacastelli.com\/fr\/wp-json\/wp\/v2\/media?parent=819890"}],"wp:term":[{"taxonomy":"product_brand","embeddable":true,"href":"https:\/\/lucacastelli.com\/fr\/wp-json\/wp\/v2\/product_brand?post=819890"},{"taxonomy":"product_cat","embeddable":true,"href":"https:\/\/lucacastelli.com\/fr\/wp-json\/wp\/v2\/product_cat?post=819890"},{"taxonomy":"product_tag","embeddable":true,"href":"https:\/\/lucacastelli.com\/fr\/wp-json\/wp\/v2\/product_tag?post=819890"}],"curies":[{"name":"wp","href":"https:\/\/api.w.org\/{rel}","templated":true}]}}