{"id":819875,"date":"2026-03-23T09:35:31","date_gmt":"2026-03-23T08:35:31","guid":{"rendered":"https:\/\/lucacastelli.com\/prodotto\/ortovox-fleece-rib-jacket-2\/"},"modified":"2026-03-23T09:35:31","modified_gmt":"2026-03-23T08:35:31","slug":"ortovox-fleece-rib-jacket-2","status":"publish","type":"product","link":"https:\/\/lucacastelli.com\/fr\/produit\/ortovox-fleece-rib-jacket-2\/","title":{"rendered":"ORTOVOX FLEECE RIB JACKET"},"content":{"rendered":"<p>UN TALENT SUR LA ROCHE<br \/>\nVeste polaire technique robuste pour l\u2019escalade lors de vos journ\u00e9es sur la roche<\/p>\n<p>Points forts<br \/>\n\u2022 Coupe et caract\u00e9ristiques con\u00e7ues pour les grimpeurs et grimpeuses<br \/>\n\u2022 Un m\u00e9lange ing\u00e9nieux de mat\u00e9riaux combine respirabilit\u00e9 et r\u00e9sistance \u00e0 l\u2019abrasion<br \/>\n\u2022 Confort \u00e9lev\u00e9 gr\u00e2ce \u00e0 la laine m\u00e9rinos au contact de la peau<\/p>\n<p>Fiable dans chaque mouvement, robuste et respirante : de la premi\u00e8re voie multi-longueurs \u00e0 Arco au bigwall de Yosemite, la FLEECE RIB JACKET pour homme se sentira toujours chez elle.<\/p>\n<p>Les inserts robustes en MERINO SHIELD TEC prot\u00e8gent des abrasions caus\u00e9es par les roches les plus dures et par le baudrier descalade dans les zones particuli\u00e8rement sollicit\u00e9es comme les avant-bras et les hanches. La coupe avec une large zone aux aisselles garantit une grande libert\u00e9 de mouvement, m\u00eame dans les passages les plus exigeants. <\/p>\n<p>La fine structure \u00e0 canaux \u00e0 lint\u00e9rieur du mat\u00e9riau \u00e9lastique MERINO FLEECE RIB garantit une ventilation agr\u00e9able et pr\u00e9sente des propri\u00e9t\u00e9s isolantes remarquables. De plus, la laine m\u00e9rinos agr\u00e9ablement douce sur la peau a un effet de r\u00e9gulation de lhumidit\u00e9 et de la temp\u00e9rature et pr\u00e9vient la formation de mauvaises odeurs. <\/p>\n<p>Gr\u00e2ce \u00e0 la fermeture \u00e9clair frontale \u00e0 double curseur, il est possible denfiler la veste rapidement et confortablement par-dessus le baudrier descalade. Le col haut prot\u00e8ge efficacement du froid et du vent, tandis que les deux poches avant offrent beaucoup despace. <\/p>\n<p>Faite pour les parois les plus escarp\u00e9es et les itin\u00e9raires les plus longs : la polyvalente FLEECE RIB JACKET pour homme ne peut manquer dans vos aventures sur la roche.<\/p>\n<p>&nbsp;<\/p>\n<p>Caract\u00e9ristiques<br \/>\nCol de protection<br \/>\n2 poches poitrine<br \/>\nFermeture \u00e9clair avant \u00e0 double curseur<br \/>\nRegular Fit<br \/>\nFull Zip<br \/>\nTurtle Neck<br \/>\nRespirant<\/p>\n<p>&nbsp;<\/p>\n<p>Mat\u00e9riau<br \/>\nMAT\u00c9RIAU PRINCIPAL 1 : 66 % polyester (recycl\u00e9) + 21 % laine (MERINO OWP) + 8 % \u00e9lasthanne + 5 % polyamide (recycl\u00e9) MAT\u00c9RIAU PRINCIPAL 2 : 74 % polyamide + 15 % laine (MERINO OWP) + 11 % \u00e9lasthanne<br \/>\nMERINO FLEECE RIB : laine m\u00e9rinos sur la peau, structure \u00e0 canaux \u00e0 l\u2019int\u00e9rieur (favorise la ventilation et pr\u00e9sente des propri\u00e9t\u00e9s isolantes remarquables), hautement respirant, \u00e9lasticit\u00e9 \u00e9lev\u00e9e, r\u00e9gule l\u2019humidit\u00e9<br \/>\nMERINO SHIELD TEC : laine m\u00e9rinos sur la peau, r\u00e9sistance \u00e9lev\u00e9e \u00e0 l\u2019abrasion (&gt; 50 000 cycles d\u2019abrasion au test Martindale), mat\u00e9riau coupe-vent, \u00e9lastique dans 4 directions, l\u00e9ger et \u00e0 s\u00e9chage rapide.<\/p>\n","protected":false},"excerpt":{"rendered":"<p>UN TALENT SUR LA ROCHE Veste polaire technique robuste pour l\u2019escalade lors de vos journ\u00e9es sur la roche Points forts<\/p>\n","protected":false},"featured_media":819768,"template":"","meta":{"_seopress_robots_primary_cat":"none","_seopress_titles_title":"","_seopress_titles_desc":"","_seopress_robots_index":""},"product_brand":[3664],"product_cat":[81,981,982],"product_tag":[],"class_list":{"0":"post-819875","1":"product","2":"type-product","3":"status-publish","4":"has-post-thumbnail","6":"product_brand-ortovox-fr","7":"product_cat-vetements","8":"product_cat-vetements-de-loisirs","9":"product_cat-vetements-pour-hommes","10":"sws-gruppo-abb-libero-fr","11":"sws-conto-ricavi-merci-rivendita-abbigliamento-fr","12":"sws-gruppo-iva-iva81-fr","14":"first","15":"instock","16":"shipping-taxable","17":"purchasable","18":"product-type-variable","19":"has-default-attributes"},"_links":{"self":[{"href":"https:\/\/lucacastelli.com\/fr\/wp-json\/wp\/v2\/product\/819875","targetHints":{"allow":["GET"]}}],"collection":[{"href":"https:\/\/lucacastelli.com\/fr\/wp-json\/wp\/v2\/product"}],"about":[{"href":"https:\/\/lucacastelli.com\/fr\/wp-json\/wp\/v2\/types\/product"}],"wp:featuredmedia":[{"embeddable":true,"href":"https:\/\/lucacastelli.com\/fr\/wp-json\/wp\/v2\/media\/819768"}],"wp:attachment":[{"href":"https:\/\/lucacastelli.com\/fr\/wp-json\/wp\/v2\/media?parent=819875"}],"wp:term":[{"taxonomy":"product_brand","embeddable":true,"href":"https:\/\/lucacastelli.com\/fr\/wp-json\/wp\/v2\/product_brand?post=819875"},{"taxonomy":"product_cat","embeddable":true,"href":"https:\/\/lucacastelli.com\/fr\/wp-json\/wp\/v2\/product_cat?post=819875"},{"taxonomy":"product_tag","embeddable":true,"href":"https:\/\/lucacastelli.com\/fr\/wp-json\/wp\/v2\/product_tag?post=819875"}],"curies":[{"name":"wp","href":"https:\/\/api.w.org\/{rel}","templated":true}]}}