{"id":819869,"date":"2026-03-23T09:14:38","date_gmt":"2026-03-23T08:14:38","guid":{"rendered":"https:\/\/lucacastelli.com\/prodotto\/ortovox-affinity-crew-neck\/"},"modified":"2026-03-23T09:14:38","modified_gmt":"2026-03-23T08:14:38","slug":"ortovox-affinity-crew-neck","status":"publish","type":"product","link":"https:\/\/lucacastelli.com\/fr\/produit\/ortovox-affinity-crew-neck\/","title":{"rendered":"ORTOVOX AFFINITY CREW NECK"},"content":{"rendered":"<p>V\u00caTEMENT CONFORTABLE POUR L\u2019ESCALADE<br \/>\nPull confortable et polyvalent en laine m\u00e9rinos pour les longues journ\u00e9es en paroi<\/p>\n<p>Points forts<br \/>\nThermor\u00e9gulation exceptionnelle gr\u00e2ce \u00e0 la laine m\u00e9rinos<br \/>\nDoublure int\u00e9rieure en 19 % de polyester recycl\u00e9 textile \u00e0 textile (T2T)<br \/>\nCoupe d\u00e9contract\u00e9e pour une libert\u00e9 de mouvement optimale<br \/>\nCon\u00e7u pour vous accompagner lors de longues journ\u00e9es en falaise, l\u2019AFFINITY CREW NECK offre un confort maximal pendant l\u2019approche, l\u2019assurage et les moments de d\u00e9tente. Le m\u00e9lange technique de laine m\u00e9rinos de qualit\u00e9 avec 19 % de polyester recycl\u00e9 textile \u00e0 textile (T2T) poss\u00e8de un pouvoir thermor\u00e9gulant exceptionnel. La coupe ample plus courte \u00e0 l\u2019avant offre une libert\u00e9 de mouvement maximale, dans un look d\u00e9contract\u00e9 adapt\u00e9 aussi bien en falaise que pour les loisirs.  <\/p>\n<p>Caract\u00e9ristiques<br \/>\nFente lat\u00e9rale<br \/>\nDesign asym\u00e9trique : la partie avant est plus courte que l\u2019arri\u00e8re<\/p>\n<p>&nbsp;<\/p>\n<div id=\"acc_material_properties_collapse\" class=\"accordion-collapse cms-element-acris-accordion-content collapse show\" aria-labelledby=\"acc_material_properties_heading\" data-bs-parent=\"#acc_properties\">\n<p>Mati\u00e8re<br \/>\n60 % polyester + 19 % polyester (recycl\u00e9) + 14 % laine vierge (M\u00c9RINOS) + 7 % \u00e9lasthanne<br \/>\nDOUBLURE INT\u00c9RIEURE EN 19 % DE POLYESTER RECYCL\u00c9 TEXTILE \u00c0 TEXTILE (fabriqu\u00e9 \u00e0 partir de d\u00e9chets textiles pr\u00e9 et post-consommation)<br \/>\nSTRUCTURE GAUFFR\u00c9E \u00c0 L\u2019INT\u00c9RIEUR : ASSURE LA VENTILATION<br \/>\nHAUTEMENT RESPIRANT<br \/>\nGRANDE \u00c9LASTICIT\u00c9<br \/>\nR\u00c9GULE L\u2019HUMIDIT\u00c9<\/p>\n<\/div>\n<p>&nbsp;<\/p>\n","protected":false},"excerpt":{"rendered":"<p>V\u00caTEMENT CONFORTABLE POUR L\u2019ESCALADE Pull confortable et polyvalent en laine m\u00e9rinos pour les longues journ\u00e9es en paroi Points forts Thermor\u00e9gulation<\/p>\n","protected":false},"featured_media":819670,"template":"","meta":{"_seopress_robots_primary_cat":"none","_seopress_titles_title":"","_seopress_titles_desc":"","_seopress_robots_index":""},"product_brand":[3664],"product_cat":[81,981,1387],"product_tag":[],"class_list":{"0":"post-819869","1":"product","2":"type-product","3":"status-publish","4":"has-post-thumbnail","6":"product_brand-ortovox-fr","7":"product_cat-vetements","8":"product_cat-vetements-de-loisirs","9":"product_cat-vetements-pour-femmes","10":"sws-gruppo-abb-libero-fr","11":"sws-conto-ricavi-merci-rivendita-abbigliamento-fr","12":"sws-gruppo-iva-iva81-fr","14":"first","15":"instock","16":"shipping-taxable","17":"purchasable","18":"product-type-variable","19":"has-default-attributes"},"_links":{"self":[{"href":"https:\/\/lucacastelli.com\/fr\/wp-json\/wp\/v2\/product\/819869","targetHints":{"allow":["GET"]}}],"collection":[{"href":"https:\/\/lucacastelli.com\/fr\/wp-json\/wp\/v2\/product"}],"about":[{"href":"https:\/\/lucacastelli.com\/fr\/wp-json\/wp\/v2\/types\/product"}],"wp:featuredmedia":[{"embeddable":true,"href":"https:\/\/lucacastelli.com\/fr\/wp-json\/wp\/v2\/media\/819670"}],"wp:attachment":[{"href":"https:\/\/lucacastelli.com\/fr\/wp-json\/wp\/v2\/media?parent=819869"}],"wp:term":[{"taxonomy":"product_brand","embeddable":true,"href":"https:\/\/lucacastelli.com\/fr\/wp-json\/wp\/v2\/product_brand?post=819869"},{"taxonomy":"product_cat","embeddable":true,"href":"https:\/\/lucacastelli.com\/fr\/wp-json\/wp\/v2\/product_cat?post=819869"},{"taxonomy":"product_tag","embeddable":true,"href":"https:\/\/lucacastelli.com\/fr\/wp-json\/wp\/v2\/product_tag?post=819869"}],"curies":[{"name":"wp","href":"https:\/\/api.w.org\/{rel}","templated":true}]}}