{"id":819516,"date":"2026-03-23T08:43:55","date_gmt":"2026-03-23T07:43:55","guid":{"rendered":"https:\/\/lucacastelli.com\/prodotto\/t-shirt-technique-a-logo-hh-helly-hansen-pour-homme\/"},"modified":"2026-03-23T08:43:55","modified_gmt":"2026-03-23T07:43:55","slug":"t-shirt-technique-a-logo-hh-helly-hansen-pour-homme","status":"publish","type":"product","link":"https:\/\/lucacastelli.com\/fr\/produit\/t-shirt-technique-a-logo-hh-helly-hansen-pour-homme\/","title":{"rendered":"T-shirt technique \u00e0 logo HH Helly Hansen pour homme"},"content":{"rendered":"<div class=\"productDetailsSection_productDescriptionSection__FDg0y\">\n<div class=\"productDescription_productDescription__sJIE6\" data-mt-type=\"product-description\">\n<div class=\"richtext_wrapper__3MzTU productDescription_productDescriptionContent__0A3VB\">Emportez lessentiel sur les sentiers avec ce t-shirt technique pour homme, l\u00e9ger et confortable. Con\u00e7u pour offrir des performances optimales lorsque vous vous donnez \u00e0 fond, ce tissu ultra-doux est un m\u00e9lange r\u00e9sistant de 60 % coton et 40 % polyester. <\/div>\n<\/div>\n<\/div>\n<div class=\"productDetailsSection_productUseForSection__jiMZL\">\n<div class=\"Collapsible accordion_accordionContainerOpen__CclY2 accordion_accordionContainer__onjDO\"><span id=\"collapsible-trigger-_r_0_\" class=\"Collapsible__trigger is-open\" role=\"button\" aria-expanded=\"true\" aria-disabled=\"false\" aria-controls=\"collapsible-content-_r_0_\"><\/span><\/p>\n<div class=\"productUseFor_listItem__bOFv_ productUseFor_listItemRight__oPxip\">\nComposition : 60 % coton, 40 % polyester<\/div>\n<\/div>\n<\/div>\n","protected":false},"excerpt":{"rendered":"<p>Emportez lessentiel sur les sentiers avec ce t-shirt technique pour homme, l\u00e9ger et confortable. Con\u00e7u pour offrir des performances optimales<\/p>\n","protected":false},"featured_media":819460,"template":"","meta":{"_seopress_robots_primary_cat":"","_seopress_titles_title":"","_seopress_titles_desc":"","_seopress_robots_index":""},"product_brand":[3646],"product_cat":[81,981,982],"product_tag":[],"class_list":{"0":"post-819516","1":"product","2":"type-product","3":"status-publish","4":"has-post-thumbnail","6":"product_brand-helly-hansen-fr","7":"product_cat-vetements","8":"product_cat-vetements-de-loisirs","9":"product_cat-vetements-pour-hommes","10":"sws-gruppo-abb-libero-fr","11":"sws-conto-ricavi-merci-rivendita-abbigliamento-fr","12":"sws-gruppo-iva-iva81-fr","14":"first","15":"instock","16":"shipping-taxable","17":"purchasable","18":"product-type-variable","19":"has-default-attributes"},"_links":{"self":[{"href":"https:\/\/lucacastelli.com\/fr\/wp-json\/wp\/v2\/product\/819516","targetHints":{"allow":["GET"]}}],"collection":[{"href":"https:\/\/lucacastelli.com\/fr\/wp-json\/wp\/v2\/product"}],"about":[{"href":"https:\/\/lucacastelli.com\/fr\/wp-json\/wp\/v2\/types\/product"}],"wp:featuredmedia":[{"embeddable":true,"href":"https:\/\/lucacastelli.com\/fr\/wp-json\/wp\/v2\/media\/819460"}],"wp:attachment":[{"href":"https:\/\/lucacastelli.com\/fr\/wp-json\/wp\/v2\/media?parent=819516"}],"wp:term":[{"taxonomy":"product_brand","embeddable":true,"href":"https:\/\/lucacastelli.com\/fr\/wp-json\/wp\/v2\/product_brand?post=819516"},{"taxonomy":"product_cat","embeddable":true,"href":"https:\/\/lucacastelli.com\/fr\/wp-json\/wp\/v2\/product_cat?post=819516"},{"taxonomy":"product_tag","embeddable":true,"href":"https:\/\/lucacastelli.com\/fr\/wp-json\/wp\/v2\/product_tag?post=819516"}],"curies":[{"name":"wp","href":"https:\/\/api.w.org\/{rel}","templated":true}]}}