{"id":819479,"date":"2026-03-19T07:10:00","date_gmt":"2026-03-19T06:10:00","guid":{"rendered":"https:\/\/lucacastelli.com\/prodotto\/haix-black-eagle-safety-610-ltr-gtx-mid\/"},"modified":"2026-03-19T07:10:00","modified_gmt":"2026-03-19T06:10:00","slug":"haix-black-eagle-safety-610-ltr-gtx-mid","status":"publish","type":"product","link":"https:\/\/lucacastelli.com\/fr\/produit\/haix-black-eagle-safety-610-ltr-gtx-mid\/","title":{"rendered":"HAIX BLACK EAGLE Safety 610 LTR GTX mid"},"content":{"rendered":"<p>Tige : Cuir pleine fleur, hydrophobe, respirant, \u00e9paisseur du cuir 2,0-2,2 mm. Sun Reflect : r\u00e9duit leffet de r\u00e9chauffement du cuir de la tige par lexposition au soleil, la lumi\u00e8re solaire est r\u00e9fl\u00e9chie par le cuir. Doublure int\u00e9rieure : GORE TEX, imperm\u00e9able, hautement respirante, tissu de doublure r\u00e9sistant \u00e0 labrasion, grand confort climatique, particuli\u00e8rement adapt\u00e9 pour une utilisation flexible en alternance \u00e0 lint\u00e9rieur et \u00e0 lext\u00e9rieur et par temp\u00e9ratures plus chaudes. Semelle int\u00e9rieure : Confortable, amortissante, \u00e9vacuant lhumidit\u00e9, coque de talon s\u00e9par\u00e9e assurant un bon amorti et un bon maintien du pied, canaux \u00ab AIRFLOW \u00bb, marquage \u00ab Perfect-Fit \u00bb pour une v\u00e9rification optimale de la pointure correcte. XLR8 : Technologies XLR8 pour am\u00e9liorer les performances, le contr\u00f4le et lendurance. Reforce g\u00e9n\u00e8re un mouvement de rotation cibl\u00e9 du calcan\u00e9um et redresse ainsi la vo\u00fbte plantaire. Le contrefort de talon adaptatif sadapte avec le temps \u00e0 la forme individuelle du calcan\u00e9um et le relie id\u00e9alement \u00e0 la chaussure. Lors de la pose du pied, la chaussure est ainsi contr\u00f4l\u00e9e par le calcan\u00e9um. La suspension \u00e9quilibr\u00e9e absorbe limpact, stocke l\u00e9nergie et la restitue de mani\u00e8re cibl\u00e9e lors de la propulsion. La forme ergonomique permet au pied de se d\u00e9ployer naturellement et librement tout en \u00e9tant guid\u00e9 de mani\u00e8re optimale par la chaussure. Premi\u00e8re de montage : Ultra l\u00e9g\u00e8re, souple, amortissante, avec contrecollage en microfibre r\u00e9sistant \u00e0 labrasion et absorbant lhumidit\u00e9. Protection anti-perforation : Insert de semelle flexible, l\u00e9ger, m\u00e9tallique et r\u00e9sistant \u00e0 la perforation. Semelle dusure : Semelle dusure en caoutchouc moderne et l\u00e9g\u00e8re avec profil route\/terrain avec une semelle interm\u00e9diaire en PU aux bonnes propri\u00e9t\u00e9s damortissement, dexcellentes propri\u00e9t\u00e9s de marche et une tr\u00e8s bonne isolation contre la chaleur et le froid. La semelle dusure en caoutchouc est antid\u00e9rapante, r\u00e9sistante \u00e0 labrasion, non marquante, antistatique et r\u00e9sistante aux carburants. ESD Chaussures \u00e0 dissipation \u00e9lectrostatique test\u00e9es selon EN IEC 61340-4-3:2018, EN IEC 61340-5-1:2016. Embout de protection : Embout de protection anatomique, ultra l\u00e9ger, en plastique renforc\u00e9 de fibre de verre pour les exigences de s\u00e9curit\u00e9 les plus \u00e9lev\u00e9es. HAIX CO-System : D\u00e9compression, amortissement, correction de la position du pied, redressement du corps, \u00e9quilibre musculaire. HAIX Smart Lacing : Ajustement facile et sans pression de la chaussure au pied, fermeture rapide et poche pour lacets. HAIX Vario Wide Fit System : Gr\u00e2ce \u00e0 3 semelles int\u00e9rieures diff\u00e9rentes, la largeur de la chaussure peut \u00eatre ajust\u00e9e individuellement. La semelle rouge (medium) est livr\u00e9e avec la chaussure, une semelle int\u00e9rieure jaune (wide) et bleue (narrow) doit \u00eatre command\u00e9e s\u00e9par\u00e9ment. Divers : Embout TPU r\u00e9sistant \u00e0 labrasion, languette de tirage, certifi\u00e9 pour semelles orthop\u00e9diques.                  <\/p>\n<p>Bottine \u00e0 lacets en cuir imperm\u00e9able pour des performances quotidiennes.<\/p>\n<p>La\u00e7age classique<br \/>\nCuir<br \/>\nimperm\u00e9able gr\u00e2ce au GORE-TEX\u00ae<\/p>\n","protected":false},"excerpt":{"rendered":"<p>Tige : Cuir pleine fleur, hydrophobe, respirant, \u00e9paisseur du cuir 2,0-2,2 mm. Sun Reflect : r\u00e9duit leffet de r\u00e9chauffement du<\/p>\n","protected":false},"featured_media":787490,"template":"","meta":{"_seopress_robots_primary_cat":"none","_seopress_titles_title":"","_seopress_titles_desc":"","_seopress_robots_index":""},"product_brand":[3638],"product_cat":[173,1423],"product_tag":[],"class_list":{"0":"post-819479","1":"product","2":"type-product","3":"status-publish","4":"has-post-thumbnail","6":"product_brand-haix-fr","7":"product_cat-chaussures","8":"product_cat-chaussures-de-travail","9":"sws-gruppo-abb-libero-fr","10":"sws-conto-ricavi-merci-rivendita-abbigliamento-fr","11":"sws-gruppo-iva-iva81-fr","13":"first","14":"instock","15":"shipping-taxable","16":"purchasable","17":"product-type-variable","18":"has-default-attributes"},"_links":{"self":[{"href":"https:\/\/lucacastelli.com\/fr\/wp-json\/wp\/v2\/product\/819479","targetHints":{"allow":["GET"]}}],"collection":[{"href":"https:\/\/lucacastelli.com\/fr\/wp-json\/wp\/v2\/product"}],"about":[{"href":"https:\/\/lucacastelli.com\/fr\/wp-json\/wp\/v2\/types\/product"}],"wp:featuredmedia":[{"embeddable":true,"href":"https:\/\/lucacastelli.com\/fr\/wp-json\/wp\/v2\/media\/787490"}],"wp:attachment":[{"href":"https:\/\/lucacastelli.com\/fr\/wp-json\/wp\/v2\/media?parent=819479"}],"wp:term":[{"taxonomy":"product_brand","embeddable":true,"href":"https:\/\/lucacastelli.com\/fr\/wp-json\/wp\/v2\/product_brand?post=819479"},{"taxonomy":"product_cat","embeddable":true,"href":"https:\/\/lucacastelli.com\/fr\/wp-json\/wp\/v2\/product_cat?post=819479"},{"taxonomy":"product_tag","embeddable":true,"href":"https:\/\/lucacastelli.com\/fr\/wp-json\/wp\/v2\/product_tag?post=819479"}],"curies":[{"name":"wp","href":"https:\/\/api.w.org\/{rel}","templated":true}]}}