{"id":809619,"date":"2026-03-18T15:08:40","date_gmt":"2026-03-18T14:08:40","guid":{"rendered":"https:\/\/lucacastelli.com\/?post_type=product&#038;p=809619"},"modified":"2026-03-18T15:46:33","modified_gmt":"2026-03-18T14:46:33","slug":"crazy-short-alpinstar-copia-copia-copia-copia-copia","status":"publish","type":"product","link":"https:\/\/lucacastelli.com\/fr\/produit\/crazy-short-alpinstar-copia-copia-copia-copia-copia\/","title":{"rendered":"CRAZY PANT IONIC LIGHT"},"content":{"rendered":"<p>Description du produit<\/p>\n<p>Le PANT Ionic est le pantalon de montagne id\u00e9al pour ceux qui recherchent l\u00e9quilibre parfait entre performance technique et style moderne. Le design renouvel\u00e9, \u00e9pur\u00e9 et essentiel, sassocie \u00e0 une coupe ergonomique qui met en valeur la silhouette et garantit une libert\u00e9 de mouvement maximale. <\/p>\n<p>Enti\u00e8rement repens\u00e9, il conserve le haut niveau technique qui caract\u00e9rise la ligne Ionic, offrant une excellente combinaison de protection et de respirabilit\u00e9. Le tissu Endurance Light, bi-extensible et respirant, est trait\u00e9 avec une finition d\u00e9perlante DWR, pour affronter au mieux les conditions outdoor. <\/p>\n<p>La nouvelle ceinture haute \u00e9lastique, r\u00e9glable par un cordon interne, assure un ajustement stable et confortable. Le design rehauss\u00e9 \u00e0 larri\u00e8re offre un meilleur soutien lombaire, tandis que la doublure en mesh favorise la ventilation pendant lactivit\u00e9. <\/p>\n<p>&nbsp;<\/p>\n<p>Caract\u00e9ristiques principales<\/p>\n<p>Tissu Endurance Light : respirant, bi-extensible et l\u00e9ger<\/p>\n<p>Traitement d\u00e9perlant DWR<\/p>\n<p>Ceinture haute \u00e9lastique avec cordon de serrage<\/p>\n<p>Partie arri\u00e8re rehauss\u00e9e pour un meilleur soutien lombaire<\/p>\n<p>Int\u00e9rieur de la taille avec insert en mesh pour une meilleure respirabilit\u00e9<\/p>\n<p>Poches pour les mains las\u00e9r\u00e9es avec zip coll\u00e9es<\/p>\n<p>Coutures plates contrast\u00e9es<\/p>\n<p>Logos r\u00e9fl\u00e9chissants pour une meilleure visibilit\u00e9<\/p>\n<p>Bas de jambe r\u00e9glable avec boutons<\/p>\n","protected":false},"excerpt":{"rendered":"<p>Description du produit Le PANT Ionic est le pantalon de montagne id\u00e9al pour ceux qui recherchent l\u00e9quilibre parfait entre performance<\/p>\n","protected":false},"featured_media":809643,"template":"","meta":{"_seopress_robots_primary_cat":"none","_seopress_titles_title":"","_seopress_titles_desc":"","_seopress_robots_index":""},"product_brand":[3616],"product_cat":[81,981,1387],"product_tag":[],"class_list":{"0":"post-809619","1":"product","2":"type-product","3":"status-publish","4":"has-post-thumbnail","6":"product_brand-crazy-fr","7":"product_cat-vetements","8":"product_cat-vetements-de-loisirs","9":"product_cat-vetements-pour-femmes","10":"sws-gruppo-abb-libero-fr","11":"sws-conto-ricavi-merci-rivendita-abbigliamento-fr","12":"sws-gruppo-iva-iva81-fr","14":"first","15":"instock","16":"sale","17":"shipping-taxable","18":"product-type-variable","19":"has-default-attributes"},"_links":{"self":[{"href":"https:\/\/lucacastelli.com\/fr\/wp-json\/wp\/v2\/product\/809619","targetHints":{"allow":["GET"]}}],"collection":[{"href":"https:\/\/lucacastelli.com\/fr\/wp-json\/wp\/v2\/product"}],"about":[{"href":"https:\/\/lucacastelli.com\/fr\/wp-json\/wp\/v2\/types\/product"}],"wp:featuredmedia":[{"embeddable":true,"href":"https:\/\/lucacastelli.com\/fr\/wp-json\/wp\/v2\/media\/809643"}],"wp:attachment":[{"href":"https:\/\/lucacastelli.com\/fr\/wp-json\/wp\/v2\/media?parent=809619"}],"wp:term":[{"taxonomy":"product_brand","embeddable":true,"href":"https:\/\/lucacastelli.com\/fr\/wp-json\/wp\/v2\/product_brand?post=809619"},{"taxonomy":"product_cat","embeddable":true,"href":"https:\/\/lucacastelli.com\/fr\/wp-json\/wp\/v2\/product_cat?post=809619"},{"taxonomy":"product_tag","embeddable":true,"href":"https:\/\/lucacastelli.com\/fr\/wp-json\/wp\/v2\/product_tag?post=809619"}],"curies":[{"name":"wp","href":"https:\/\/api.w.org\/{rel}","templated":true}]}}