{"id":809587,"date":"2026-03-18T14:50:24","date_gmt":"2026-03-18T13:50:24","guid":{"rendered":"https:\/\/lucacastelli.com\/?post_type=product&#038;p=809587"},"modified":"2026-03-18T15:49:12","modified_gmt":"2026-03-18T14:49:12","slug":"crazy-short-alpinstar-copia-copia-copia-copia","status":"publish","type":"product","link":"https:\/\/lucacastelli.com\/fr\/produit\/crazy-short-alpinstar-copia-copia-copia-copia\/","title":{"rendered":"CRAZY PANT OXYGEN LIGHT"},"content":{"rendered":"<div class=\"flex flex-col text-sm pb-25\">\n<article class=\"text-token-text-primary w-full focus:outline-none [--shadow-height:45px] has-data-writing-block:pointer-events-none has-data-writing-block:-mt-(--shadow-height) has-data-writing-block:pt-(--shadow-height) [&amp;:has([data-writing-block])&gt;*]:pointer-events-auto scroll-mt-[calc(var(--header-height)+min(200px,max(70px,20svh)))]\" dir=\"auto\" tabindex=\"-1\" data-turn-id=\"request-WEB:dca93298-70f8-4659-a80a-ea8e5cc65860-17\" data-testid=\"conversation-turn-36\" data-scroll-anchor=\"true\" data-turn=\"assistant\">\n<div class=\"text-base my-auto mx-auto pb-10 [--thread-content-margin:var(--thread-content-margin-xs,calc(var(--spacing)*4))] @w-sm\/main:[--thread-content-margin:var(--thread-content-margin-sm,calc(var(--spacing)*6))] @w-lg\/main:[--thread-content-margin:var(--thread-content-margin-lg,calc(var(--spacing)*16))] px-(--thread-content-margin)\">\n<div class=\"[--thread-content-max-width:40rem] @w-lg\/main:[--thread-content-max-width:48rem] mx-auto max-w-(--thread-content-max-width) flex-1 group\/turn-messages focus-visible:outline-hidden relative flex w-full min-w-0 flex-col agent-turn\" tabindex=\"-1\">\n<div class=\"flex max-w-full flex-col gap-4 grow\">\n<div class=\"min-h-8 text-message relative flex w-full flex-col items-end gap-2 text-start break-words whitespace-normal [.text-message+&amp;]:mt-1\" dir=\"auto\" data-message-author-role=\"assistant\" data-message-id=\"ed0d4022-cf12-4c88-b976-f4d035ee0323\" data-message-model-slug=\"gpt-5-3\">\n<div class=\"flex w-full flex-col gap-1 empty:hidden\">\n<div class=\"markdown prose dark:prose-invert w-full wrap-break-word light markdown-new-styling\">\n<p>Description du produit<\/p>\n<p>Le pantalon Oxygen repr\u00e9sente la version la plus Fast &amp; Light de la collection, con\u00e7u pour ceux qui vivent la montagne de mani\u00e8re dynamique et athl\u00e9tique, sans renoncer \u00e0 un style moderne.<\/p>\n<p>Pens\u00e9 pour des activit\u00e9s intenses, il combine l\u00e9g\u00e8ret\u00e9, r\u00e9sistance et libert\u00e9 de mouvement maximale. Le design technique et fonctionnel sunit \u00e0 des d\u00e9tails soign\u00e9s, le rendant id\u00e9al pour le trekking rapide, le hiking et les activit\u00e9s outdoor \u00e0 haute intensit\u00e9. <\/p>\n<p>La construction pr\u00e9voit une taille \u00e9lastique r\u00e9glable, deux poches pratiques avec des d\u00e9tails r\u00e9fl\u00e9chissants et lutilisation de mat\u00e9riaux hautement performants: le tissu principal en Endurance Light, r\u00e9sistant et bi-\u00e9lastique, est accompagn\u00e9 dinserts en Stretch Series, extr\u00eamement l\u00e9gers et confortables, qui am\u00e9liorent la coupe et la mobilit\u00e9.<\/p>\n<p>&nbsp;<\/p>\n<p>Caract\u00e9ristiques principales<\/p>\n<p>Tissu principal Endurance Light: r\u00e9sistant, l\u00e9ger et bi-\u00e9lastique<\/p>\n<p>Inserts en Stretch Series pour plus de confort et de libert\u00e9 de mouvement<\/p>\n<p>Poches pour les mains las\u00e9r\u00e9es avec zip coll\u00e9es<\/p>\n<p>D\u00e9tails r\u00e9fl\u00e9chissants pour une meilleure visibilit\u00e9<\/p>\n<p>Taille r\u00e9glable avec cordon \u00e9lastique<\/p>\n<p>Bas de jambe r\u00e9glable avec bouton<\/p>\n<\/div>\n<\/div>\n<\/div>\n<\/div>\n<\/div>\n<\/div>\n<\/article>\n<\/div>\n<div class=\"pointer-events-none h-px w-px absolute bottom-0\" aria-hidden=\"true\" data-edge=\"true\"><\/div>\n","protected":false},"excerpt":{"rendered":"<p>Description du produit Le pantalon Oxygen repr\u00e9sente la version la plus Fast &amp; Light de la collection, con\u00e7u pour ceux<\/p>\n","protected":false},"featured_media":809601,"template":"","meta":{"_seopress_robots_primary_cat":"none","_seopress_titles_title":"","_seopress_titles_desc":"","_seopress_robots_index":""},"product_brand":[3616],"product_cat":[81,981,1387],"product_tag":[],"class_list":{"0":"post-809587","1":"product","2":"type-product","3":"status-publish","4":"has-post-thumbnail","6":"product_brand-crazy-fr","7":"product_cat-vetements","8":"product_cat-vetements-de-loisirs","9":"product_cat-vetements-pour-femmes","10":"sws-gruppo-abb-libero-fr","11":"sws-conto-ricavi-merci-rivendita-abbigliamento-fr","12":"sws-gruppo-iva-iva81-fr","14":"first","15":"instock","16":"sale","17":"shipping-taxable","18":"product-type-variable","19":"has-default-attributes"},"_links":{"self":[{"href":"https:\/\/lucacastelli.com\/fr\/wp-json\/wp\/v2\/product\/809587","targetHints":{"allow":["GET"]}}],"collection":[{"href":"https:\/\/lucacastelli.com\/fr\/wp-json\/wp\/v2\/product"}],"about":[{"href":"https:\/\/lucacastelli.com\/fr\/wp-json\/wp\/v2\/types\/product"}],"wp:featuredmedia":[{"embeddable":true,"href":"https:\/\/lucacastelli.com\/fr\/wp-json\/wp\/v2\/media\/809601"}],"wp:attachment":[{"href":"https:\/\/lucacastelli.com\/fr\/wp-json\/wp\/v2\/media?parent=809587"}],"wp:term":[{"taxonomy":"product_brand","embeddable":true,"href":"https:\/\/lucacastelli.com\/fr\/wp-json\/wp\/v2\/product_brand?post=809587"},{"taxonomy":"product_cat","embeddable":true,"href":"https:\/\/lucacastelli.com\/fr\/wp-json\/wp\/v2\/product_cat?post=809587"},{"taxonomy":"product_tag","embeddable":true,"href":"https:\/\/lucacastelli.com\/fr\/wp-json\/wp\/v2\/product_tag?post=809587"}],"curies":[{"name":"wp","href":"https:\/\/api.w.org\/{rel}","templated":true}]}}