{"id":809271,"date":"2026-03-16T11:51:38","date_gmt":"2026-03-16T10:51:38","guid":{"rendered":"https:\/\/lucacastelli.com\/prodotto\/crazy-short-traverse-woman\/"},"modified":"2026-03-16T11:51:38","modified_gmt":"2026-03-16T10:51:38","slug":"crazy-short-traverse-woman","status":"publish","type":"product","link":"https:\/\/lucacastelli.com\/fr\/produit\/crazy-short-traverse-woman\/","title":{"rendered":"CRAZY SHORT TRAVERSE WOMAN"},"content":{"rendered":"<div class=\"flex flex-col text-sm pb-25\">\n<article class=\"text-token-text-primary w-full focus:outline-none [--shadow-height:45px] has-data-writing-block:pointer-events-none has-data-writing-block:-mt-(--shadow-height) has-data-writing-block:pt-(--shadow-height) [&amp;:has([data-writing-block])&gt;*]:pointer-events-auto scroll-mt-[calc(var(--header-height)+min(200px,max(70px,20svh)))]\" dir=\"auto\" tabindex=\"-1\" data-turn-id=\"request-WEB:dca93298-70f8-4659-a80a-ea8e5cc65860-17\" data-testid=\"conversation-turn-36\" data-scroll-anchor=\"true\" data-turn=\"assistant\">\n<div class=\"text-base my-auto mx-auto pb-10 [--thread-content-margin:var(--thread-content-margin-xs,calc(var(--spacing)*4))] @w-sm\/main:[--thread-content-margin:var(--thread-content-margin-sm,calc(var(--spacing)*6))] @w-lg\/main:[--thread-content-margin:var(--thread-content-margin-lg,calc(var(--spacing)*16))] px-(--thread-content-margin)\">\n<div class=\"[--thread-content-max-width:40rem] @w-lg\/main:[--thread-content-max-width:48rem] mx-auto max-w-(--thread-content-max-width) flex-1 group\/turn-messages focus-visible:outline-hidden relative flex w-full min-w-0 flex-col agent-turn\" tabindex=\"-1\">\n<div class=\"flex max-w-full flex-col gap-4 grow\">\n<div class=\"min-h-8 text-message relative flex w-full flex-col items-end gap-2 text-start break-words whitespace-normal [.text-message+&amp;]:mt-1\" dir=\"auto\" data-message-author-role=\"assistant\" data-message-id=\"ed0d4022-cf12-4c88-b976-f4d035ee0323\" data-message-model-slug=\"gpt-5-3\">\n<div class=\"flex w-full flex-col gap-1 empty:hidden\">\n<div class=\"markdown prose dark:prose-invert w-full wrap-break-word light markdown-new-styling\">\n<div class=\"flex flex-col text-sm pb-25\">\n<article class=\"text-token-text-primary w-full focus:outline-none [--shadow-height:45px] has-data-writing-block:pointer-events-none has-data-writing-block:-mt-(--shadow-height) has-data-writing-block:pt-(--shadow-height) [&amp;:has([data-writing-block])&gt;*]:pointer-events-auto scroll-mt-[calc(var(--header-height)+min(200px,max(70px,20svh)))]\" dir=\"auto\" tabindex=\"-1\" data-turn-id=\"request-WEB:1bed4a84-83c6-41f3-9b56-1bead705c779-6\" data-testid=\"conversation-turn-14\" data-scroll-anchor=\"true\" data-turn=\"assistant\">\n<div class=\"text-base my-auto mx-auto pb-10 [--thread-content-margin:var(--thread-content-margin-xs,calc(var(--spacing)*4))] @w-sm\/main:[--thread-content-margin:var(--thread-content-margin-sm,calc(var(--spacing)*6))] @w-lg\/main:[--thread-content-margin:var(--thread-content-margin-lg,calc(var(--spacing)*16))] px-(--thread-content-margin)\">\n<div class=\"[--thread-content-max-width:40rem] @w-lg\/main:[--thread-content-max-width:48rem] mx-auto max-w-(--thread-content-max-width) flex-1 group\/turn-messages focus-visible:outline-hidden relative flex w-full min-w-0 flex-col agent-turn\" tabindex=\"-1\">\n<div class=\"flex max-w-full flex-col gap-4 grow\">\n<div class=\"min-h-8 text-message relative flex w-full flex-col items-end gap-2 text-start break-words whitespace-normal [.text-message+&amp;]:mt-1\" dir=\"auto\" data-message-author-role=\"assistant\" data-message-id=\"c145679a-d064-49ce-93f6-cd6fa472d023\" data-message-model-slug=\"gpt-5-3\">\n<div class=\"flex w-full flex-col gap-1 empty:hidden\">\n<div class=\"markdown prose dark:prose-invert w-full wrap-break-word light markdown-new-styling\">\n<p data-start=\"0\" data-end=\"19\"><strong data-start=\"0\" data-end=\"19\">Caract\u00e9ristiques<\/strong><\/p>\n<ul data-start=\"21\" data-end=\"193\">\n<li data-section-id=\"1y9jype\" data-start=\"21\" data-end=\"77\">\n<p data-start=\"23\" data-end=\"77\">Poche lat\u00e9rale avec fermeture zipp\u00e9e sur la jambe droite<\/p>\n<\/li>\n<li data-section-id=\"1ju6ea\" data-start=\"78\" data-end=\"124\">\n<p data-start=\"80\" data-end=\"124\">Poche <strong data-start=\"86\" data-end=\"101\">easy pocket<\/strong> sur la jambe gauche<\/p>\n<\/li>\n<li data-section-id=\"86oj26\" data-start=\"125\" data-end=\"152\">\n<p data-start=\"127\" data-end=\"152\">Taille \u00e9lastique<\/p>\n<\/li>\n<li data-section-id=\"j0d6n0\" data-start=\"153\" data-end=\"174\">\n<p data-start=\"155\" data-end=\"174\">Logos r\u00e9fl\u00e9chissants<\/p>\n<\/li>\n<li data-section-id=\"1x7ap1j\" data-start=\"175\" data-end=\"193\">\n<p data-start=\"177\" data-end=\"193\">Ourlets coll\u00e9s<\/p>\n<\/li>\n<\/ul>\n<p data-start=\"195\" data-end=\"210\"><strong data-start=\"195\" data-end=\"210\">Description<\/strong><\/p>\n<p data-start=\"212\" data-end=\"357\">La ligne <strong data-start=\"221\" data-end=\"233\">Traverse<\/strong> est con\u00e7ue pour le <strong data-start=\"254\" data-end=\"274\">trekking l\u00e9ger<\/strong> et les randonn\u00e9es en <strong data-start=\"294\" data-end=\"312\">moyenne montagne<\/strong>, offrant des v\u00eatements techniques, l\u00e9gers et polyvalents.<\/p>\n<p data-start=\"359\" data-end=\"575\">Ce <strong data-start=\"366\" data-end=\"375\">short<\/strong> se distingue par son design \u00e9pur\u00e9 et sa construction technique qui combine <strong data-start=\"455\" data-end=\"501\">confort, protection et libert\u00e9 de mouvement<\/strong>, le rendant id\u00e9al pour les activit\u00e9s outdoor durant la saison la plus chaude.<\/p>\n<p data-start=\"577\" data-end=\"773\">La <strong data-start=\"580\" data-end=\"607\">ceinture \u00e9lastique<\/strong>, mise \u00e0 jour avec un nouvel \u00e9lastique plus stable et confortable, peut \u00eatre ajust\u00e9e via un <strong data-start=\"698\" data-end=\"717\">cordon interne<\/strong>, garantissant un ajustement pr\u00e9cis durant l\u2019activit\u00e9.<\/p>\n<p data-start=\"775\" data-end=\"958\" data-is-last-node=\"\" data-is-only-node=\"\">Le v\u00eatement est r\u00e9alis\u00e9 en <strong data-start=\"799\" data-end=\"821\">tissu Lite-Guard<\/strong>, caract\u00e9ris\u00e9 par sa <strong data-start=\"841\" data-end=\"887\">l\u00e9g\u00e8ret\u00e9, compacit\u00e9 et bonne protection<\/strong>, tout en maintenant confort et praticit\u00e9 durant les randonn\u00e9es.<\/p>\n<\/div>\n<\/div>\n<\/div>\n<\/div>\n<div class=\"z-0 flex min-h-[46px] justify-start\"><\/div>\n<div class=\"mt-3 w-full empty:hidden\">\n<div class=\"text-center\"><\/div>\n<\/div>\n<\/div>\n<\/div>\n<\/article>\n<\/div>\n<div class=\"pointer-events-none h-px w-px absolute bottom-0\" aria-hidden=\"true\" data-edge=\"true\"><\/div>\n<p data-start=\"0\" data-end=\"19\">\n<\/div>\n<\/div>\n<\/div>\n<\/div>\n<\/div>\n<\/div>\n<\/article>\n<\/div>\n<div class=\"pointer-events-none h-px w-px absolute bottom-0\" aria-hidden=\"true\" data-edge=\"true\"><\/div>\n","protected":false},"excerpt":{"rendered":"<p>Caract\u00e9ristiques Poche lat\u00e9rale avec fermeture zipp\u00e9e sur la jambe droite Poche easy pocket sur la jambe gauche Taille \u00e9lastique Logos<\/p>\n","protected":false},"featured_media":809272,"template":"","meta":{"_seopress_robots_primary_cat":"none","_seopress_titles_title":"","_seopress_titles_desc":"","_seopress_robots_index":""},"product_brand":[3413],"product_cat":[21,189,200],"product_tag":[],"class_list":{"0":"post-809271","1":"product","2":"type-product","3":"status-publish","4":"has-post-thumbnail","6":"product_brand-crazy","7":"product_cat-abbigliamento","8":"product_cat-abbigliamento-per-il-tempo-libero","9":"product_cat-abbigliamento-da-donna","10":"sws-gruppo-abb-libero-fr","11":"sws-conto-ricavi-merci-rivendita-abbigliamento-fr","12":"sws-gruppo-iva-iva81-fr","14":"first","15":"instock","16":"sale","17":"shipping-taxable","18":"product-type-variable","19":"has-default-attributes"},"_links":{"self":[{"href":"https:\/\/lucacastelli.com\/fr\/wp-json\/wp\/v2\/product\/809271","targetHints":{"allow":["GET"]}}],"collection":[{"href":"https:\/\/lucacastelli.com\/fr\/wp-json\/wp\/v2\/product"}],"about":[{"href":"https:\/\/lucacastelli.com\/fr\/wp-json\/wp\/v2\/types\/product"}],"wp:featuredmedia":[{"embeddable":true,"href":"https:\/\/lucacastelli.com\/fr\/wp-json\/wp\/v2\/media\/809272"}],"wp:attachment":[{"href":"https:\/\/lucacastelli.com\/fr\/wp-json\/wp\/v2\/media?parent=809271"}],"wp:term":[{"taxonomy":"product_brand","embeddable":true,"href":"https:\/\/lucacastelli.com\/fr\/wp-json\/wp\/v2\/product_brand?post=809271"},{"taxonomy":"product_cat","embeddable":true,"href":"https:\/\/lucacastelli.com\/fr\/wp-json\/wp\/v2\/product_cat?post=809271"},{"taxonomy":"product_tag","embeddable":true,"href":"https:\/\/lucacastelli.com\/fr\/wp-json\/wp\/v2\/product_tag?post=809271"}],"curies":[{"name":"wp","href":"https:\/\/api.w.org\/{rel}","templated":true}]}}