{"id":809012,"date":"2026-03-18T09:43:13","date_gmt":"2026-03-18T08:43:13","guid":{"rendered":"https:\/\/lucacastelli.com\/prodotto\/petzl-eashook-open-2\/"},"modified":"2026-03-18T09:43:13","modified_gmt":"2026-03-18T08:43:13","slug":"petzl-eashook-open-2","status":"publish","type":"product","link":"https:\/\/lucacastelli.com\/fr\/produit\/petzl-eashook-open-2\/","title":{"rendered":"PETZL EASHOOK OPEN"},"content":{"rendered":"<p class=\"productSubtitle\">Connecteur avec point de connexion ouvrable pour longe double et longe de maintien au travail<\/p>\n<div class=\"productCaracteristiquesPosition inlineblock\">\n<p class=\"productCaracteristiques inlineblock\">Le connecteur EASHOOK OPEN est con\u00e7u pour \u00eatre utilis\u00e9 aux extr\u00e9mit\u00e9s dune longe double ou de maintien au travail. Le point de connexion ouvrable permet dinstaller directement le connecteur sur les longes. En cas dendommagement de la longe, il peut \u00eatre r\u00e9utilis\u00e9. Lexcellente prise en main et le syst\u00e8me de verrouillage automatique facilitent les man\u0153uvres lors du passage de fractionnements.   <\/p>\n<\/div>\n<p>Description d\u00e9taill\u00e9e<br \/>\nCon\u00e7u pour \u00eatre utilis\u00e9 \u00e0 l\u2019extr\u00e9mit\u00e9 d\u2019une longe double de type ABSORBICA-Y, PROGRESS ou PROGRESS ADJUST et d\u2019une longe de maintien au travail de type GRILLON.<br \/>\nConnecteur amovible :<br \/>\n&#8211; point de connexion ouvrable pour installer directement le connecteur sur les longes. En cas d\u2019endommagement de la longe, il peut \u00eatre r\u00e9utilis\u00e9,<br \/>\n&#8211; point de connexion d\u00e9di\u00e9 pour favoriser le travail selon le grand axe.<br \/>\nFacilite les man\u0153uvres lors du passage de fractionnements :<br \/>\n&#8211; excellente prise en main gr\u00e2ce \u00e0 sa forme ergonomique,<br \/>\n&#8211; syst\u00e8me de verrouillage automatique double action facile \u00e0 utiliser,<br \/>\n&#8211; grande ouverture pour faciliter la connexion du connecteur,<br \/>\n&#8211; syst\u00e8me Keylock pour \u00e9viter l\u2019accrochage involontaire du connecteur,<br \/>\nProfil en H :<br \/>\n&#8211; garantit le meilleur rapport r\u00e9sistance\/l\u00e9g\u00e8ret\u00e9,<br \/>\n&#8211; prot\u00e8ge les marquages de l\u2019abrasion.<br \/>\nDisponible \u00e9galement en version noire.<br \/>\nCaract\u00e9ristiques<br \/>\nMat\u00e9riaux : aluminium<br \/>\nCertification(s) : CE EN 362, CE EN 12275, XF 494: FZL-G-Q, GB\/T 23469\/A and T, EAC, conforme \u00e0 la r\u00e9glementation japonaise de protection contre les chutes<\/p>\n<p>&nbsp;<\/p>\n<p>&nbsp;<\/p>\n<table>\n<tbody>\n<tr>\n<th class=\"rowTitle\">R\u00e9f\u00e9rences<\/th>\n<th>M043AA00<\/th>\n<th>M043AA01<\/th>\n<\/tr>\n<tr>\n<td class=\"rowTitle\">Syst\u00e8me de verrouillage<\/td>\n<td>automatique<\/td>\n<td>automatique<\/td>\n<\/tr>\n<tr>\n<td class=\"rowTitle\">Couleur(s)<\/td>\n<td>gris\/jaune<\/td>\n<td>noir<\/td>\n<\/tr>\n<tr>\n<td class=\"rowTitle\">Poids<\/td>\n<td>160 g<\/td>\n<td>160 g<\/td>\n<\/tr>\n<tr>\n<td class=\"rowTitle\">R\u00e9sistance grand axe<\/td>\n<td>25 kN<\/td>\n<td>25 kN<\/td>\n<\/tr>\n<tr>\n<td class=\"rowTitle\">R\u00e9sistance doigt ouvert<\/td>\n<td>10 kN<\/td>\n<td>10 kN<\/td>\n<\/tr>\n<tr>\n<td class=\"rowTitle\">Ouverture<\/td>\n<td>25 mm<\/td>\n<td>25 mm<\/td>\n<\/tr>\n<tr>\n<td class=\"rowTitle\">Garantie<\/td>\n<td>3 ans<\/td>\n<td>3 ans<\/td>\n<\/tr>\n<tr>\n<td class=\"rowTitle\">Conditionnement<\/td>\n<td>1<\/td>\n<td>1<\/td>\n<\/tr>\n<\/tbody>\n<\/table>\n","protected":false},"excerpt":{"rendered":"<p>Connecteur avec point de connexion ouvrable pour longe double et longe de maintien au travail Le connecteur EASHOOK OPEN est<\/p>\n","protected":false},"featured_media":808757,"template":"","meta":{"_seopress_robots_primary_cat":"","_seopress_titles_title":"","_seopress_titles_desc":"","_seopress_robots_index":""},"product_brand":[3667],"product_cat":[144,1397,1402],"product_tag":[],"class_list":{"0":"post-809012","1":"product","2":"type-product","3":"status-publish","4":"has-post-thumbnail","6":"product_brand-petzl-fr","7":"product_cat-equipement","8":"product_cat-equipement-de-travail","9":"product_cat-harnais-et-equipements-de-securite","10":"sws-gruppo-abb-libero-fr","11":"sws-conto-ricavi-merci-rivendita-abbigliamento-fr","12":"sws-gruppo-iva-iva81-fr","14":"first","15":"instock","16":"shipping-taxable","17":"purchasable","18":"product-type-variable","19":"has-default-attributes"},"_links":{"self":[{"href":"https:\/\/lucacastelli.com\/fr\/wp-json\/wp\/v2\/product\/809012","targetHints":{"allow":["GET"]}}],"collection":[{"href":"https:\/\/lucacastelli.com\/fr\/wp-json\/wp\/v2\/product"}],"about":[{"href":"https:\/\/lucacastelli.com\/fr\/wp-json\/wp\/v2\/types\/product"}],"wp:featuredmedia":[{"embeddable":true,"href":"https:\/\/lucacastelli.com\/fr\/wp-json\/wp\/v2\/media\/808757"}],"wp:attachment":[{"href":"https:\/\/lucacastelli.com\/fr\/wp-json\/wp\/v2\/media?parent=809012"}],"wp:term":[{"taxonomy":"product_brand","embeddable":true,"href":"https:\/\/lucacastelli.com\/fr\/wp-json\/wp\/v2\/product_brand?post=809012"},{"taxonomy":"product_cat","embeddable":true,"href":"https:\/\/lucacastelli.com\/fr\/wp-json\/wp\/v2\/product_cat?post=809012"},{"taxonomy":"product_tag","embeddable":true,"href":"https:\/\/lucacastelli.com\/fr\/wp-json\/wp\/v2\/product_tag?post=809012"}],"curies":[{"name":"wp","href":"https:\/\/api.w.org\/{rel}","templated":true}]}}