{"id":808988,"date":"2026-03-18T09:55:48","date_gmt":"2026-03-18T08:55:48","guid":{"rendered":"https:\/\/lucacastelli.com\/prodotto\/petzl-chestair\/"},"modified":"2026-03-18T09:55:48","modified_gmt":"2026-03-18T08:55:48","slug":"petzl-chestair","status":"publish","type":"product","link":"https:\/\/lucacastelli.com\/fr\/produit\/petzl-chestair\/","title":{"rendered":"PETZL CHEST&#8217;AIR"},"content":{"rendered":"<p class=\"productSubtitle\">Baudrier haut pour harnais bas<\/p>\n<div class=\"productCaracteristiquesPosition inlineblock\">\n<p class=\"productCaracteristiques inlineblock\">Le baudrier haut CHEST&#8217;AIR permet de transformer les harnais bas FALCON, FALCON MOUNTAIN, AVAO SIT et SEQUOIA SRT en harnais antichute. Gr\u00e2ce \u00e0 sa certification multiple, CHEST&#8217;AIR peut \u00e9galement \u00eatre reli\u00e9 \u00e0 un harnais descalade et dalpinisme pour maintenir en position verticale un bless\u00e9 lors du secours. Il se connecte simplement sur le point dattache ventral du harnais bas et se ferme au moyen de la boucle FAST LT sur la poitrine, pour une installation rapide. Il sadapte facilement \u00e0 toutes les morphologies gr\u00e2ce aux boucles autobloquantes DOUBLEBACK positionn\u00e9es sur les bretelles et sur la sangle ventrale. La conception avec rembourrage 3D garantit au baudrier haut CHEST&#8217;AIR un confort suppl\u00e9mentaire en suspension.    <\/p>\n<\/div>\n<div class=\"list\">\n<p>Description d\u00e9taill\u00e9e<br \/>\nPolyvalent et confortable :<br \/>\n&#8211; reli\u00e9 au point ventral, transforme les harnais bas FALCON, FALCON MOUNTAIN, AVAO SIT, AVAO SIT FAST et SEQUOIA SRT en harnais antichute,<br \/>\n&#8211; compatible avec les harnais bas d\u2019escalade et d\u2019alpinisme, permet de maintenir en position verticale un bless\u00e9 (lors de l\u2019\u00e9vacuation en h\u00e9licopt\u00e8re),<br \/>\n&#8211; dosseret et bretelles avec rembourrage 3D et s\u00e9par\u00e9s du cou pour r\u00e9duire les frottements et garantir un confort suppl\u00e9mentaire en suspension,<br \/>\n&#8211; point d\u2019attache sternal en tissu pour ne pas g\u00eaner lorsqu\u2019il n\u2019est pas utilis\u00e9.<br \/>\nSimple et rapide \u00e0 installer :<br \/>\n&#8211; enfilage et retrait rapides gr\u00e2ce \u00e0 la boucle FAST LT sur la poitrine, m\u00eame avec des v\u00eatements \u00e9pais,<br \/>\n&#8211; r\u00e9glage simplifi\u00e9 et rapide gr\u00e2ce aux boucles autobloquantes DOUBLEBACK sur les sangles ventrales et sur les bretelles,<br \/>\n&#8211; connexion rapide au point ventral du harnais bas au moyen d\u2019un mousqueton OK TRIACT-LOCK,<br \/>\n&#8211; transport possible de petits outils, gr\u00e2ce aux deux porte-mat\u00e9riel sur les c\u00f4t\u00e9s.<br \/>\nCaract\u00e9ristiques<br \/>\nPoint dattache sternal : connexion du syst\u00e8me darr\u00eat de chute<br \/>\nPoids : 525 g<br \/>\nCertification(s) : CE EN 361, CE EN 12277 type D, UKCA, EAC<br \/>\nMat\u00e9riaux : polyamide, polyester, aluminium<br \/>\nTour de poitrine : 140 cm maximum<\/p>\n<\/div>\n<p>&nbsp;<\/p>\n<table>\n<tbody>\n<tr>\n<th class=\"rowTitle\">R\u00e9f\u00e9rences<\/th>\n<th>C098AA00<\/th>\n<\/tr>\n<tr>\n<td class=\"rowTitle\">Garantie<\/td>\n<td>3 ans<\/td>\n<\/tr>\n<tr>\n<td class=\"rowTitle\">Emballage<\/td>\n<td>1<\/td>\n<\/tr>\n<\/tbody>\n<\/table>\n","protected":false},"excerpt":{"rendered":"<p>Baudrier haut pour harnais bas Le baudrier haut CHEST&#8217;AIR permet de transformer les harnais bas FALCON, FALCON MOUNTAIN, AVAO SIT<\/p>\n","protected":false},"featured_media":808801,"template":"","meta":{"_seopress_robots_primary_cat":"","_seopress_titles_title":"","_seopress_titles_desc":"","_seopress_robots_index":""},"product_brand":[3667],"product_cat":[1397,1402],"product_tag":[],"class_list":{"0":"post-808988","1":"product","2":"type-product","3":"status-publish","4":"has-post-thumbnail","6":"product_brand-petzl-fr","7":"product_cat-equipement-de-travail","8":"product_cat-harnais-et-equipements-de-securite","9":"sws-gruppo-abb-libero-fr","10":"sws-conto-ricavi-merci-rivendita-abbigliamento-fr","11":"sws-gruppo-iva-iva81-fr","13":"first","14":"instock","15":"shipping-taxable","16":"purchasable","17":"product-type-simple"},"_links":{"self":[{"href":"https:\/\/lucacastelli.com\/fr\/wp-json\/wp\/v2\/product\/808988","targetHints":{"allow":["GET"]}}],"collection":[{"href":"https:\/\/lucacastelli.com\/fr\/wp-json\/wp\/v2\/product"}],"about":[{"href":"https:\/\/lucacastelli.com\/fr\/wp-json\/wp\/v2\/types\/product"}],"wp:featuredmedia":[{"embeddable":true,"href":"https:\/\/lucacastelli.com\/fr\/wp-json\/wp\/v2\/media\/808801"}],"wp:attachment":[{"href":"https:\/\/lucacastelli.com\/fr\/wp-json\/wp\/v2\/media?parent=808988"}],"wp:term":[{"taxonomy":"product_brand","embeddable":true,"href":"https:\/\/lucacastelli.com\/fr\/wp-json\/wp\/v2\/product_brand?post=808988"},{"taxonomy":"product_cat","embeddable":true,"href":"https:\/\/lucacastelli.com\/fr\/wp-json\/wp\/v2\/product_cat?post=808988"},{"taxonomy":"product_tag","embeddable":true,"href":"https:\/\/lucacastelli.com\/fr\/wp-json\/wp\/v2\/product_tag?post=808988"}],"curies":[{"name":"wp","href":"https:\/\/api.w.org\/{rel}","templated":true}]}}