{"id":808979,"date":"2026-03-18T10:10:42","date_gmt":"2026-03-18T09:10:42","guid":{"rendered":"https:\/\/lucacastelli.com\/prodotto\/petzl-cordex-plus-gants-dassurage-et-de-rappel-2\/"},"modified":"2026-03-18T10:10:42","modified_gmt":"2026-03-18T09:10:42","slug":"petzl-cordex-plus-gants-dassurage-et-de-rappel-2","status":"publish","type":"product","link":"https:\/\/lucacastelli.com\/fr\/produit\/petzl-cordex-plus-gants-dassurage-et-de-rappel-2\/","title":{"rendered":"PETZL CORDEX PLUS Gants dassurage et de rappel"},"content":{"rendered":"<p class=\"productSubtitle\">Gants dassurage et de rappel<\/p>\n<div class=\"productCaracteristiquesPosition inlineblock\">\n<p class=\"productCaracteristiques inlineblock\">Ces gants dassurage et de rappel garantissent une protection maximale sans compromettre la pr\u00e9cision. Le cuir double \u00e9paisseur et les renforts prot\u00e8gent la paume des \u00e9chauffements provoqu\u00e9s par de longs rappels et moulinettes. Les extr\u00e9mit\u00e9s et les parties expos\u00e9es sont renforc\u00e9es pour une plus grande robustesse. Le dos est en cuir avec un nylon stretch anti-abrasion sur les articulations. Le poignet en n\u00e9opr\u00e8ne, avec fermeture Velcro, dispose dun trou pour attacher les gants au baudrier au moyen dun mousqueton.    <\/p>\n<\/div>\n<div class=\"list\">\n<p>Description d\u00e9taill\u00e9e<br \/>\nCoupe ergonomique pour une excellente dext\u00e9rit\u00e9 sans \u00eatre trop serr\u00e9.<br \/>\nFabriqu\u00e9 en cuir naturel de haute qualit\u00e9 pour un \u00e9quilibre parfait entre robustesse et pr\u00e9cision.<br \/>\nPaume renforc\u00e9e pour prot\u00e9ger des \u00e9chauffements lors de longs rappels et moulinettes.<br \/>\nDos en cuir robuste avec nylon stretch anti-abrasion sur les articulations.<br \/>\nCuir double \u00e9paisseur r\u00e9sistant pour les parties expos\u00e9es de la main : extr\u00e9mit\u00e9s, paume, espace entre le pouce et l\u2019index.<br \/>\nPoignet en n\u00e9opr\u00e8ne avec fermeture Velcro.<br \/>\nTrou de fixation des gants au baudrier.<br \/>\nSp\u00e9cifications<br \/>\nMat\u00e9riaux : cuir de ch\u00e8vre, nylon stretch<\/p>\n<p>Certification(s) : CE EN 21420, CE EN 388 (3123), EAC<br \/>\nCertification CE EN 388 (3123) : &#8211; protection contre l\u2019abrasion 3\/4, &#8211; protection contre la coupure 1\/5, &#8211; protection contre la d\u00e9chirure 2\/4, &#8211; protection contre la perforation 3\/4.<\/p>\n<\/div>\n<table>\n<tbody>\n<tr>\n<th class=\"rowTitle\">Num\u00e9ros d\u2019article<\/th>\n<th>K53 XST<\/th>\n<th>K53 ST<\/th>\n<th>K53 MT<\/th>\n<th>K53 LT<\/th>\n<th>K53 XLT<\/th>\n<th>K53 SN<\/th>\n<\/tr>\n<tr>\n<td class=\"rowTitle\">Couleur(s)<\/td>\n<td>marron clair<\/td>\n<td>marron clair<\/td>\n<td>marron clair<\/td>\n<td>marron clair<\/td>\n<td>marron clair<\/td>\n<td>noir<\/td>\n<\/tr>\n<tr>\n<td class=\"rowTitle\">Taille<\/td>\n<td>XS<\/td>\n<td>S<\/td>\n<td>M<\/td>\n<td>L<\/td>\n<td>XL<\/td>\n<td>S<\/td>\n<\/tr>\n<tr>\n<td class=\"rowTitle\">Taille<\/td>\n<td>7,5<\/td>\n<td>8<\/td>\n<td>8,5<\/td>\n<td>9<\/td>\n<td>9,5<\/td>\n<td>8<\/td>\n<\/tr>\n<tr>\n<td class=\"rowTitle\">Circonf\u00e9rence main<\/td>\n<td>19 cm<\/td>\n<td>20 cm<\/td>\n<td>21,5 cm<\/td>\n<td>23 cm<\/td>\n<td>24,5 cm<\/td>\n<td>20 cm<\/td>\n<\/tr>\n<tr>\n<td class=\"rowTitle\">Poids<\/td>\n<td>132 g<\/td>\n<td>136 g<\/td>\n<td>140 g<\/td>\n<td>146 g<\/td>\n<td>152 g<\/td>\n<td>136 g<\/td>\n<\/tr>\n<tr>\n<td class=\"rowTitle\">Emballage<\/td>\n<td>1<\/td>\n<td>1<\/td>\n<td>1<\/td>\n<td>1<\/td>\n<td>1<\/td>\n<td>1<\/td>\n<\/tr>\n<\/tbody>\n<\/table>\n<p>&nbsp;<\/p>\n<table>\n<tbody>\n<tr>\n<th class=\"rowTitle\">Codes article<\/th>\n<th>K53 MN<\/th>\n<th>K53 LN<\/th>\n<th>K53 XLN<\/th>\n<\/tr>\n<tr>\n<td class=\"rowTitle\">Couleur(s)<\/td>\n<td>noir<\/td>\n<td>noir<\/td>\n<td>noir<\/td>\n<\/tr>\n<tr>\n<td class=\"rowTitle\">Taille<\/td>\n<td>M<\/td>\n<td>L<\/td>\n<td>XL<\/td>\n<\/tr>\n<tr>\n<td class=\"rowTitle\">Taille<\/td>\n<td>8,5<\/td>\n<td>9<\/td>\n<td>9,5<\/td>\n<\/tr>\n<tr>\n<td class=\"rowTitle\">Circonf\u00e9rence main<\/td>\n<td>21,5 cm<\/td>\n<td>23 cm<\/td>\n<td>24,5 cm<\/td>\n<\/tr>\n<tr>\n<td class=\"rowTitle\">Poids<\/td>\n<td>140 g<\/td>\n<td>146 g<\/td>\n<td>152 g<\/td>\n<\/tr>\n<tr>\n<td class=\"rowTitle\">Conditionnement<\/td>\n<td>1<\/td>\n<td>1<\/td>\n<td>1<\/td>\n<\/tr>\n<\/tbody>\n<\/table>\n","protected":false},"excerpt":{"rendered":"<p>Gants dassurage et de rappel Ces gants dassurage et de rappel garantissent une protection maximale sans compromettre la pr\u00e9cision. Le<\/p>\n","protected":false},"featured_media":808818,"template":"","meta":{"_seopress_robots_primary_cat":"","_seopress_titles_title":"","_seopress_titles_desc":"","_seopress_robots_index":""},"product_brand":[3667],"product_cat":[81,1381,1390,144,1397,1402],"product_tag":[],"class_list":{"0":"post-808979","1":"product","2":"type-product","3":"status-publish","4":"has-post-thumbnail","6":"product_brand-petzl-fr","7":"product_cat-vetements","8":"product_cat-vetements-de-travail","9":"product_cat-accessoires-dhabillement","10":"product_cat-equipement","11":"product_cat-equipement-de-travail","12":"product_cat-harnais-et-equipements-de-securite","13":"sws-gruppo-abb-libero-fr","14":"sws-conto-ricavi-merci-rivendita-abbigliamento-fr","15":"sws-gruppo-iva-iva81-fr","17":"first","18":"instock","19":"shipping-taxable","20":"purchasable","21":"product-type-variable","22":"has-default-attributes"},"_links":{"self":[{"href":"https:\/\/lucacastelli.com\/fr\/wp-json\/wp\/v2\/product\/808979","targetHints":{"allow":["GET"]}}],"collection":[{"href":"https:\/\/lucacastelli.com\/fr\/wp-json\/wp\/v2\/product"}],"about":[{"href":"https:\/\/lucacastelli.com\/fr\/wp-json\/wp\/v2\/types\/product"}],"wp:featuredmedia":[{"embeddable":true,"href":"https:\/\/lucacastelli.com\/fr\/wp-json\/wp\/v2\/media\/808818"}],"wp:attachment":[{"href":"https:\/\/lucacastelli.com\/fr\/wp-json\/wp\/v2\/media?parent=808979"}],"wp:term":[{"taxonomy":"product_brand","embeddable":true,"href":"https:\/\/lucacastelli.com\/fr\/wp-json\/wp\/v2\/product_brand?post=808979"},{"taxonomy":"product_cat","embeddable":true,"href":"https:\/\/lucacastelli.com\/fr\/wp-json\/wp\/v2\/product_cat?post=808979"},{"taxonomy":"product_tag","embeddable":true,"href":"https:\/\/lucacastelli.com\/fr\/wp-json\/wp\/v2\/product_tag?post=808979"}],"curies":[{"name":"wp","href":"https:\/\/api.w.org\/{rel}","templated":true}]}}