{"id":808957,"date":"2026-03-18T09:25:43","date_gmt":"2026-03-18T08:25:43","guid":{"rendered":"https:\/\/lucacastelli.com\/prodotto\/petzl-rad-line-6-mm\/"},"modified":"2026-03-18T09:25:43","modified_gmt":"2026-03-18T08:25:43","slug":"petzl-rad-line-6-mm","status":"publish","type":"product","link":"https:\/\/lucacastelli.com\/fr\/produit\/petzl-rad-line-6-mm\/","title":{"rendered":"PETZL RAD LINE 6 mm"},"content":{"rendered":"<p class=\"productSubtitle\">Cordelette hyperstatique, ultral\u00e9g\u00e8re et compacte, destin\u00e9e aux skieurs pour le secours en crevasse, la descente en rappel et lencordement sur glacier pour fuir une zone crevass\u00e9e<\/p>\n<div class=\"productCaracteristiquesPosition inlineblock\">\n<p class=\"productCaracteristiques inlineblock\">Destin\u00e9e aux skieurs, RAD LINE 6 mm est une cordelette ultral\u00e9g\u00e8re et compacte pour le secours en crevasse, la descente en rappel et lencordement sur glacier pour fuir une zone crevass\u00e9e. Hyperstatique et souple, elle est dot\u00e9e dune gaine rugueuse qui garantit une excellente pr\u00e9hension et facilite les man\u0153uvres. Elle est disponible en deux longueurs : 30 et 60 m\u00e8tres.  <\/p>\n<\/div>\n<div class=\"list\">\n<p>Description d\u00e9taill\u00e9e<br \/>\nUltral\u00e9g\u00e8re et compacte :<br \/>\n&#8211; seulement 22 grammes au m\u00e8tre,<br \/>\n&#8211; se transporte facilement dans le sac \u00e0 dos, gr\u00e2ce \u00e0 sa l\u00e9g\u00e8ret\u00e9 et sa compacit\u00e9.<br \/>\nConstruction sp\u00e9cifique de la gaine :<br \/>\n&#8211; compatible avec le bloqueur TIBLOC et les poulies bloquantes MICRO TRAXION et NANO TRAXION, gr\u00e2ce \u00e0 la gaine sp\u00e9cifique renforc\u00e9e en PEHD (1),<br \/>\n&#8211; cordelette souple dot\u00e9e d\u2019une gaine rugueuse pour une excellente pr\u00e9hension, pour am\u00e9liorer le contr\u00f4le de la descente en rappel et faciliter l\u2019action de freinage en cas de chute en crevasse.<br \/>\nHyperstatique :<br \/>\n&#8211; allongement de la cordelette inf\u00e9rieur \u00e0 2 %, pour faciliter et am\u00e9liorer le rendement dans les man\u0153uvres de secours, mais aussi \u00e9liminer l\u2019effet yoyo en rappel ou en cas d\u2019arr\u00eat de chute en crevasse,<br \/>\n&#8211; permet de s\u2019encorder \u00e0 skis pour fuir une zone crevass\u00e9e.<\/p>\n<p>(1) D\u00e9tails de compatibilit\u00e9 et utilisations possibles de cette cordelette dans les conseils techniques sur le site www.petzl.com.<br \/>\nSp\u00e9cifications<br \/>\nDiam\u00e8tre : 6 mm<br \/>\nPoids au m\u00e8tre : 22 g<br \/>\nMat\u00e9riaux : poly\u00e9thyl\u00e8ne haute densit\u00e9 (PEHD), polyester, polyamide<br \/>\nCertification(s) : CE EN 564<br \/>\nAllongement statique : inf\u00e9rieur \u00e0 2 %<\/p>\n<\/div>\n<p>&nbsp;<\/p>\n<table>\n<tbody>\n<tr>\n<th class=\"rowTitle\">Codes article<\/th>\n<th>R011AA00<\/th>\n<th>R011AA01<\/th>\n<\/tr>\n<tr>\n<td class=\"rowTitle\">Couleur(s)<\/td>\n<td>orange<\/td>\n<td>orange<\/td>\n<\/tr>\n<tr>\n<td class=\"rowTitle\">Longueur<\/td>\n<td>30 m<\/td>\n<td>60 m<\/td>\n<\/tr>\n<tr>\n<td class=\"rowTitle\">Poids<\/td>\n<td>660 g<\/td>\n<td>1320 g<\/td>\n<\/tr>\n<tr>\n<td class=\"rowTitle\">Garantie<\/td>\n<td>3 ans<\/td>\n<td>3 ans<\/td>\n<\/tr>\n<tr>\n<td class=\"rowTitle\">Conditionnement<\/td>\n<td>1<\/td>\n<td>1<\/td>\n<\/tr>\n<\/tbody>\n<\/table>\n","protected":false},"excerpt":{"rendered":"<p>Cordelette hyperstatique, ultral\u00e9g\u00e8re et compacte, destin\u00e9e aux skieurs pour le secours en crevasse, la descente en rappel et lencordement sur<\/p>\n","protected":false},"featured_media":808695,"template":"","meta":{"_seopress_robots_primary_cat":"none","_seopress_titles_title":"","_seopress_titles_desc":"","_seopress_robots_index":""},"product_brand":[3638],"product_cat":[144,1397,1402],"product_tag":[],"class_list":{"0":"post-808957","1":"product","2":"type-product","3":"status-publish","4":"has-post-thumbnail","6":"product_brand-haix-fr","7":"product_cat-equipement","8":"product_cat-equipement-de-travail","9":"product_cat-harnais-et-equipements-de-securite","10":"sws-gruppo-abb-libero-fr","11":"sws-conto-ricavi-merci-rivendita-abbigliamento-fr","12":"sws-gruppo-iva-iva81-fr","14":"first","15":"instock","16":"shipping-taxable","17":"purchasable","18":"product-type-variable"},"_links":{"self":[{"href":"https:\/\/lucacastelli.com\/fr\/wp-json\/wp\/v2\/product\/808957","targetHints":{"allow":["GET"]}}],"collection":[{"href":"https:\/\/lucacastelli.com\/fr\/wp-json\/wp\/v2\/product"}],"about":[{"href":"https:\/\/lucacastelli.com\/fr\/wp-json\/wp\/v2\/types\/product"}],"wp:featuredmedia":[{"embeddable":true,"href":"https:\/\/lucacastelli.com\/fr\/wp-json\/wp\/v2\/media\/808695"}],"wp:attachment":[{"href":"https:\/\/lucacastelli.com\/fr\/wp-json\/wp\/v2\/media?parent=808957"}],"wp:term":[{"taxonomy":"product_brand","embeddable":true,"href":"https:\/\/lucacastelli.com\/fr\/wp-json\/wp\/v2\/product_brand?post=808957"},{"taxonomy":"product_cat","embeddable":true,"href":"https:\/\/lucacastelli.com\/fr\/wp-json\/wp\/v2\/product_cat?post=808957"},{"taxonomy":"product_tag","embeddable":true,"href":"https:\/\/lucacastelli.com\/fr\/wp-json\/wp\/v2\/product_tag?post=808957"}],"curies":[{"name":"wp","href":"https:\/\/api.w.org\/{rel}","templated":true}]}}