{"id":808946,"date":"2026-03-18T09:35:34","date_gmt":"2026-03-18T08:35:34","guid":{"rendered":"https:\/\/lucacastelli.com\/prodotto\/petzl-absorbicay-tie-back-mgo\/"},"modified":"2026-03-18T09:35:34","modified_gmt":"2026-03-18T08:35:34","slug":"petzl-absorbicay-tie-back-mgo","status":"publish","type":"product","link":"https:\/\/lucacastelli.com\/fr\/produit\/petzl-absorbicay-tie-back-mgo\/","title":{"rendered":"PETZL ABSORBICAY TIE-BACK MGO"},"content":{"rendered":"<p class=\"productSubtitle\">Longe double avec anneaux de renvoi intermdiaires, absorbeur dnergie et connecteurs MGO intgrs<\/p>\n<div class=\"productCaracteristiquesPosition inlineblock\">\n<p class=\"productCaracteristiques inlineblock\">ABSORBICA-Y TIE-BACK MGO est une longe double avec anneaux de renvoi intermdiaires et absorbeur dnergie compact intgrs. Elle est conue pour la progression verticale sur de grandes structures avec passage de fractionnements. Elle convient aux utilisateurs pesant entre 60 et 140 kg. Le systme TIE-BACK permet dentourer des structures de trs forte section. Les brins sont lastiques pour ne pas entraver la progression. Elle est prte  lemploi grce aux deux connecteurs  grande ouverture MGO en bout de longe et au connecteur BmD pour la connexion au harnais.     <\/p>\n<\/div>\n<div class=\"list\">\n<p>Description d\u00e9taill\u00e9e<br \/>\nCon\u00e7ue pour la progression sur une structure verticale avec passage de fractionnements.<br \/>\nAnneaux de renvoi interm\u00e9diaires TIE-BACK sur la longe pour permettre l\u2019amarrage par ceinturage de structures de tr\u00e8s forte section. En cas de secours, ces anneaux sont facilement accessibles pour le sauveteur, m\u00eame si la personne est suspendue dans sa longe apr\u00e8s une chute.<br \/>\nAbsorbe l\u2019\u00e9nergie en cas de chute :<br \/>\n&#8211; d\u00e9chirement progressif de la sangle de l\u2019absorbeur d\u2019\u00e9nergie pour r\u00e9duire la force de choc subie par l\u2019utilisateur,<br \/>\n&#8211; fonctionne avec des utilisateurs pesant entre 60 et 140 kg (1).<br \/>\nEncombrement minimal :<br \/>\n&#8211; design tr\u00e8s compact de l\u2019absorbeur d\u2019\u00e9nergie pour ne pas g\u00eaner l\u2019utilisateur pendant la progression,<br \/>\n&#8211; brins \u00e9lastiques pour ne pas entraver la progression.<br \/>\nPochette en tissu rsistant, avec systme douverture simplifi, pour protger labsorbeur dnergie de labrasion et des projections, tout en permettant le contrle priodique de labsorbeur.<br \/>\nSolution prte  lemploi : livre avec deux connecteurs  grande ouverture MGO en bout de longe pour la connexion  la structure mtallique et un connecteur BmD pour la connexion au harnais.<\/p>\n<p>(1) Dans le cadre de la norme CSA Z259.11-17, le poids des utilisateurs doit tre compris entre 75 et 140 kg.<\/p>\n<\/div>\n<div class=\"list\">\n<ul>\n<li>Sp\u00e9cifications<br \/>\nCertifications : &#8211; CE EN 355 (r\u00e9pond aux exigences de la RFU PPE-R\/11.074), &#8211; ANSI Z359.13, 12 ft. FF, &#8211; CSA Z259.11-17, &#8211; conforme aux normes japonaises contre les chutes, &#8211; GB\/T 24538 : type II.<br \/>\nLongueur totale (longe + connecteurs) : 183 cm<br \/>\nMati\u00e8res : polyester, polyamide, poly\u00e9thyl\u00e8ne haute densit\u00e9, aluminium  <\/li>\n<\/ul>\n<p>&nbsp;<\/p>\n<\/div>\n<table>\n<tbody>\n<tr>\n<th class=\"rowTitle\">R\u00e9f\u00e9rences<\/th>\n<th>L015BB00<\/th>\n<\/tr>\n<tr>\n<td class=\"rowTitle\">Longueur avec connecteurs<\/td>\n<td>183 cm<\/td>\n<\/tr>\n<tr>\n<td class=\"rowTitle\">Poids<\/td>\n<td>1780 g<\/td>\n<\/tr>\n<tr>\n<td class=\"rowTitle\">Garantie<\/td>\n<td>3 ans<\/td>\n<\/tr>\n<tr>\n<td class=\"rowTitle\">Emballage<\/td>\n<td>1<\/td>\n<\/tr>\n<\/tbody>\n<\/table>\n","protected":false},"excerpt":{"rendered":"<p>Longe double avec anneaux de renvoi intermdiaires, absorbeur dnergie et connecteurs MGO intgrs ABSORBICA-Y TIE-BACK MGO est une longe double<\/p>\n","protected":false},"featured_media":808740,"template":"","meta":{"_seopress_robots_primary_cat":"none","_seopress_titles_title":"","_seopress_titles_desc":"","_seopress_robots_index":""},"product_brand":[3667],"product_cat":[144,1397,1402],"product_tag":[],"class_list":{"0":"post-808946","1":"product","2":"type-product","3":"status-publish","4":"has-post-thumbnail","6":"product_brand-petzl-fr","7":"product_cat-equipement","8":"product_cat-equipement-de-travail","9":"product_cat-harnais-et-equipements-de-securite","10":"sws-gruppo-abb-libero-fr","11":"sws-conto-ricavi-merci-rivendita-abbigliamento-fr","12":"sws-gruppo-iva-iva81-fr","14":"first","15":"instock","16":"shipping-taxable","17":"purchasable","18":"product-type-simple"},"_links":{"self":[{"href":"https:\/\/lucacastelli.com\/fr\/wp-json\/wp\/v2\/product\/808946","targetHints":{"allow":["GET"]}}],"collection":[{"href":"https:\/\/lucacastelli.com\/fr\/wp-json\/wp\/v2\/product"}],"about":[{"href":"https:\/\/lucacastelli.com\/fr\/wp-json\/wp\/v2\/types\/product"}],"wp:featuredmedia":[{"embeddable":true,"href":"https:\/\/lucacastelli.com\/fr\/wp-json\/wp\/v2\/media\/808740"}],"wp:attachment":[{"href":"https:\/\/lucacastelli.com\/fr\/wp-json\/wp\/v2\/media?parent=808946"}],"wp:term":[{"taxonomy":"product_brand","embeddable":true,"href":"https:\/\/lucacastelli.com\/fr\/wp-json\/wp\/v2\/product_brand?post=808946"},{"taxonomy":"product_cat","embeddable":true,"href":"https:\/\/lucacastelli.com\/fr\/wp-json\/wp\/v2\/product_cat?post=808946"},{"taxonomy":"product_tag","embeddable":true,"href":"https:\/\/lucacastelli.com\/fr\/wp-json\/wp\/v2\/product_tag?post=808946"}],"curies":[{"name":"wp","href":"https:\/\/api.w.org\/{rel}","templated":true}]}}