{"id":808418,"date":"2026-03-18T05:55:41","date_gmt":"2026-03-18T04:55:41","guid":{"rendered":"https:\/\/lucacastelli.com\/prodotto\/haix-airpower-xr-810-n-gtx-marron\/"},"modified":"2026-03-18T05:55:41","modified_gmt":"2026-03-18T04:55:41","slug":"haix-airpower-xr-810-n-gtx-marron","status":"publish","type":"product","link":"https:\/\/lucacastelli.com\/fr\/produit\/haix-airpower-xr-810-n-gtx-marron\/","title":{"rendered":"HAIX AIRPOWER XR 810 N GTX marron"},"content":{"rendered":"<p>Tige : cuir nubuck, hydrophobe, respirant, \u00e9paisseur du cuir 1,8-2,0 mm. Doublure int\u00e9rieure : GORE TEX, imperm\u00e9able, hautement respirant, tissu de doublure r\u00e9sistant \u00e0 labrasion, grand confort climatique, particuli\u00e8rement adapt\u00e9 pour une utilisation flexible en alternance \u00e0 lint\u00e9rieur et \u00e0 lext\u00e9rieur et par temp\u00e9ratures plus chaudes. Semelle de propret\u00e9 : confortable, amortissante, \u00e9vacuant lhumidit\u00e9, coque de talon s\u00e9par\u00e9e assurant un bon amorti et un bon maintien du pied, canaux \u00ab AIRFLOW \u00bb, marquage \u00ab Perfect-Fit \u00bb pour un contr\u00f4le optimal de la pointure correcte. Technologies XLR8 pour am\u00e9liorer les performances, le contr\u00f4le et lendurance. Reforce g\u00e9n\u00e8re un mouvement de rotation cibl\u00e9 du calcan\u00e9um et redresse ainsi la vo\u00fbte plantaire. Le contrefort de talon adaptatif sadapte avec le temps \u00e0 la forme individuelle du calcan\u00e9um et le relie id\u00e9alement \u00e0 la chaussure. Lors de la pose du pied, la chaussure est ainsi contr\u00f4l\u00e9e par le calcan\u00e9um. La suspension \u00e9quilibr\u00e9e absorbe limpact, stocke l\u00e9nergie et la restitue de mani\u00e8re cibl\u00e9e lors de la propulsion. La forme ergonomique permet au pied de se d\u00e9ployer naturellement et librement tout en \u00e9tant guid\u00e9 de mani\u00e8re optimale par la chaussure. Premi\u00e8re de montage : ultra l\u00e9g\u00e8re, souple, amortissante, avec contrecollage en microfibre r\u00e9sistant \u00e0 labrasion et absorbant lhumidit\u00e9. Protection anti-perforation : insert de semelle flexible, l\u00e9ger, m\u00e9tallique et r\u00e9sistant \u00e0 la perforation. Semelle dusure : semelle dusure en caoutchouc moderne et l\u00e9g\u00e8re avec profil route\/tout-terrain avec une semelle interm\u00e9diaire en PU aux bonnes propri\u00e9t\u00e9s damortissement, excellentes propri\u00e9t\u00e9s de marche et tr\u00e8s bonne isolation contre la chaleur et le froid. La semelle dusure en caoutchouc avec talon prononc\u00e9 est antid\u00e9rapante, r\u00e9sistante \u00e0 labrasion, non marquante, antistatique et r\u00e9sistante aux carburants. ESD : chaussures \u00e0 dissipation \u00e9lectrostatique test\u00e9es selon EN IEC 61340-4-3:2018, EN IEC 61340-5-1:2016. Embout de protection : embout de protection anatomique ultra l\u00e9ger en plastique renforc\u00e9 de fibre de verre pour les exigences de s\u00e9curit\u00e9 les plus \u00e9lev\u00e9es. Syst\u00e8me HAIX CO : d\u00e9charge de pression, amortissement, correction de la position du pied, redressement du corps, \u00e9quilibre musculaire. Syst\u00e8me HAIX Vario Wide Fit : gr\u00e2ce \u00e0 3 semelles de propret\u00e9 diff\u00e9rentes, la largeur de la chaussure peut \u00eatre ajust\u00e9e individuellement. La semelle rouge (medium) est livr\u00e9e avec la chaussure, une semelle de propret\u00e9 jaune (wide) et bleue (narrow) doit \u00eatre command\u00e9e s\u00e9par\u00e9ment. Syst\u00e8me climatique HAIX : le syst\u00e8me climatique HAIX utilise le mouvement de pompage g\u00e9n\u00e9r\u00e9 lors de la marche et \u00e9vacue lhumidit\u00e9 vers lext\u00e9rieur via la doublure Micro-Dry au niveau de la tige. Syst\u00e8me HAIX AS : le syst\u00e8me HAIX Arch Support soutient la cambrure naturelle du m\u00e9dio-pied. Les orteils et lavant-pied disposent ainsi de suffisamment despace, les malpositions du pied sont efficacement pr\u00e9venues. Divers : sur-embout en caoutchouc r\u00e9sistant \u00e0 labrasion, languette de tirage, certifi\u00e9 pour semelles orthop\u00e9diques.                    <\/p>\n<p>Infatigable sur le chantier ou \u00e0 latelier. Votre Airpower XR 810 en cuir nubuck. <\/p>\n<p>La\u00e7age classique<br \/>\nCuir nubuck<br \/>\nImperm\u00e9able gr\u00e2ce au GORE-TEX\u00ae<\/p>\n","protected":false},"excerpt":{"rendered":"<p>Tige : cuir nubuck, hydrophobe, respirant, \u00e9paisseur du cuir 1,8-2,0 mm. Doublure int\u00e9rieure : GORE TEX, imperm\u00e9able, hautement respirant, tissu<\/p>\n","protected":false},"featured_media":792482,"template":"","meta":{"_seopress_robots_primary_cat":"","_seopress_titles_title":"","_seopress_titles_desc":"","_seopress_robots_index":""},"product_brand":[3638],"product_cat":[173,1423],"product_tag":[],"class_list":{"0":"post-808418","1":"product","2":"type-product","3":"status-publish","4":"has-post-thumbnail","6":"product_brand-haix-fr","7":"product_cat-chaussures","8":"product_cat-chaussures-de-travail","9":"sws-gruppo-abb-libero-fr","10":"sws-conto-ricavi-merci-rivendita-abbigliamento-fr","11":"sws-gruppo-iva-iva81-fr","13":"first","14":"instock","15":"shipping-taxable","16":"purchasable","17":"product-type-variable","18":"has-default-attributes"},"_links":{"self":[{"href":"https:\/\/lucacastelli.com\/fr\/wp-json\/wp\/v2\/product\/808418","targetHints":{"allow":["GET"]}}],"collection":[{"href":"https:\/\/lucacastelli.com\/fr\/wp-json\/wp\/v2\/product"}],"about":[{"href":"https:\/\/lucacastelli.com\/fr\/wp-json\/wp\/v2\/types\/product"}],"wp:featuredmedia":[{"embeddable":true,"href":"https:\/\/lucacastelli.com\/fr\/wp-json\/wp\/v2\/media\/792482"}],"wp:attachment":[{"href":"https:\/\/lucacastelli.com\/fr\/wp-json\/wp\/v2\/media?parent=808418"}],"wp:term":[{"taxonomy":"product_brand","embeddable":true,"href":"https:\/\/lucacastelli.com\/fr\/wp-json\/wp\/v2\/product_brand?post=808418"},{"taxonomy":"product_cat","embeddable":true,"href":"https:\/\/lucacastelli.com\/fr\/wp-json\/wp\/v2\/product_cat?post=808418"},{"taxonomy":"product_tag","embeddable":true,"href":"https:\/\/lucacastelli.com\/fr\/wp-json\/wp\/v2\/product_tag?post=808418"}],"curies":[{"name":"wp","href":"https:\/\/api.w.org\/{rel}","templated":true}]}}