{"id":807015,"date":"2026-03-17T11:13:22","date_gmt":"2026-03-17T10:13:22","guid":{"rendered":"https:\/\/lucacastelli.com\/prodotto\/la-sportiva-tx5-evo-gtx\/"},"modified":"2026-03-25T16:09:33","modified_gmt":"2026-03-25T15:09:33","slug":"la-sportiva-tx5-evo-gtx","status":"publish","type":"product","link":"https:\/\/lucacastelli.com\/fr\/produit\/la-sportiva-tx5-evo-gtx\/","title":{"rendered":"La Sportiva TX5 EVO GTX"},"content":{"rendered":"<div class=\"row viewport_pdp\">\n<div class=\"col-md-5\">\n<div class=\"product-info-main\">\n<div class=\"product attribute overview\">\n<div class=\"value\">\n<p class=\"product-short-description\">R\u00e9sistantes, imperm\u00e9ables et confortables, les chaussures TX5 EVO GTX sont con\u00e7ues pour vos aventures en haute altitude.<\/p>\n<\/div>\n<\/div>\n<\/div>\n<\/div>\n<\/div>\n<div class=\"row justify-content-center product-details\">\n<div class=\"product-description col col-12 col-md-6\">Vias ferratas, trekking, randonn\u00e9es : quels que soient vos projets, avec les chaussures TX5 EVO GTX vous pouvez avancer dun pas s\u00fbr sur tout type de terrain. La tige, r\u00e9alis\u00e9e en cuir nubuck avec membrane GORE-TEX ePE Extended Comfort, est imperm\u00e9able et respirante : lid\u00e9al pour garder vos pieds frais et secs lorsque vous traversez rivi\u00e8res ou sentiers boueux. La technologie 3D Flex Evo\u2122 pr\u00e9vient les frottements et facilite les mouvements de la cheville, tandis que la semelle int\u00e9rieure Ortholite\u00ae Hybrid\u2122 Mountain Hiking 5MM vous offre un confort prolong\u00e9. Le syst\u00e8me de la\u00e7age, inspir\u00e9 des chaussures dapproche, enveloppe le pied pour un chaussant s\u00fbr. De plus, la semelle dusure en Vibram Megagrip\u2122 avec technologie Impact Brake System\u2122 offre une adh\u00e9rence exceptionnelle aussi bien en mont\u00e9e quen descente. Enfin, gr\u00e2ce aux inserts Resole Platform\u2122, vous pourrez r\u00e9parer et ressemeler vos chaussures et les porter ann\u00e9e apr\u00e8s ann\u00e9e sans compromettre performances et confort.     <\/div>\n<div class=\"col col-12 col-md-6 block-detailed\">\n<h3>Informations techniques<\/h3>\n<p><b>Membrane imperm\u00e9able : <\/b>GORE-TEX Extended Comfort<\/p>\n<p><b>Hauteur de la semelle (mm) &#8211; Talon : <\/b>31<\/p>\n<p><b>Hauteur de la semelle (mm) &#8211; Avant-pied : <\/b>23<\/p>\n<p><b>Diff\u00e9rentiel (mm) : <\/b>8<\/p>\n<p><b>Hauteur des crampons (mm) : <\/b>4,5<\/p>\n<p><b>Coupe large : <\/b>Non<\/p>\n<p><b>Semelle int\u00e9rieure : <\/b>La semelle de propret\u00e9 Ortholite\u00ae Hybrid\u2122 Mountain Hiking de 5 mm augmente le confort au contact du pied<\/p>\n<p><b>Syst\u00e8me de la\u00e7age : <\/b>Syst\u00e8me de la\u00e7age inspir\u00e9 des chaussures d\u2019approche pour un ajustement pr\u00e9cis et un bon maintien<\/p>\n<p><b>Doublure : <\/b>GORE-TEX ePE Extended Comfort ajoute imperm\u00e9abilit\u00e9 et r\u00e9sistance \u00e0 la d\u00e9chirure<\/p>\n<p><b>Semelle interm\u00e9diaire : <\/b>La semelle interm\u00e9diaire en EVA CM ajoute de l\u2019amorti<\/p>\n<p><b>Brevets : <\/b>Impact Brake System\u2122 3D Flex System\u2122 Resole Platform\u2122<\/p>\n<p><b>Semelle ext\u00e9rieure : <\/b>La semelle Vibram\u00ae Megagrip\u2122 s\u2019associe \u00e0 l\u2019Impact Brake System\u2122 pour une traction exceptionnelle en pente<\/p>\n<p><b>Tige : <\/b>Le cuir nubuck augmente la durabilit\u00e9 et le confort<\/p>\n<\/div>\n<\/div>\n","protected":false},"excerpt":{"rendered":"<p>R\u00e9sistantes, imperm\u00e9ables et confortables, les chaussures TX5 EVO GTX sont con\u00e7ues pour vos aventures en haute altitude. Vias ferratas, trekking,<\/p>\n","protected":false},"featured_media":806890,"template":"","meta":{"_seopress_robots_primary_cat":"none","_seopress_titles_title":"","_seopress_titles_desc":"","_seopress_robots_index":""},"product_brand":[3648],"product_cat":[173,1420,1432],"product_tag":[],"class_list":{"0":"post-807015","1":"product","2":"type-product","3":"status-publish","4":"has-post-thumbnail","6":"product_brand-la-sportiva-fr","7":"product_cat-chaussures","8":"product_cat-chaussures-de-loisirs","9":"product_cat-chaussures-pour-hommes","10":"sws-gruppo-abb-libero-fr","11":"sws-conto-ricavi-merci-rivendita-abbigliamento-fr","12":"sws-gruppo-iva-iva81-fr","14":"first","15":"instock","16":"shipping-taxable","17":"purchasable","18":"product-type-variable","19":"has-default-attributes"},"_links":{"self":[{"href":"https:\/\/lucacastelli.com\/fr\/wp-json\/wp\/v2\/product\/807015","targetHints":{"allow":["GET"]}}],"collection":[{"href":"https:\/\/lucacastelli.com\/fr\/wp-json\/wp\/v2\/product"}],"about":[{"href":"https:\/\/lucacastelli.com\/fr\/wp-json\/wp\/v2\/types\/product"}],"wp:featuredmedia":[{"embeddable":true,"href":"https:\/\/lucacastelli.com\/fr\/wp-json\/wp\/v2\/media\/806890"}],"wp:attachment":[{"href":"https:\/\/lucacastelli.com\/fr\/wp-json\/wp\/v2\/media?parent=807015"}],"wp:term":[{"taxonomy":"product_brand","embeddable":true,"href":"https:\/\/lucacastelli.com\/fr\/wp-json\/wp\/v2\/product_brand?post=807015"},{"taxonomy":"product_cat","embeddable":true,"href":"https:\/\/lucacastelli.com\/fr\/wp-json\/wp\/v2\/product_cat?post=807015"},{"taxonomy":"product_tag","embeddable":true,"href":"https:\/\/lucacastelli.com\/fr\/wp-json\/wp\/v2\/product_tag?post=807015"}],"curies":[{"name":"wp","href":"https:\/\/api.w.org\/{rel}","templated":true}]}}