{"id":806971,"date":"2026-03-17T11:19:24","date_gmt":"2026-03-17T10:19:24","guid":{"rendered":"https:\/\/lucacastelli.com\/prodotto\/la-sportiva-ultra-raptor-iii\/"},"modified":"2026-03-17T11:19:24","modified_gmt":"2026-03-17T10:19:24","slug":"la-sportiva-ultra-raptor-iii","status":"publish","type":"product","link":"https:\/\/lucacastelli.com\/fr\/produit\/la-sportiva-ultra-raptor-iii\/","title":{"rendered":"La Sportiva Ultra Raptor III"},"content":{"rendered":"<p>La l\u00e9gendaire Ultra Raptor 3 arrive dans sa troisi\u00e8me \u00e9dition. Quil sagisse dascensions au sommet, de trekking ou de simples randonn\u00e9es, cette chaussure de trekking polyvalente et techniquement avanc\u00e9e est pr\u00eate \u00e0 affronter toutes les aventures. La tige en ripstop, r\u00e9sistante et respirante, associ\u00e9e \u00e0 un bout renforc\u00e9 en caoutchouc et \u00e0 un bord robuste, prot\u00e8ge de mani\u00e8re fiable contre les rochers, les racines et les d\u00e9bris. La semelle interm\u00e9diaire combine un mat\u00e9riau souple avec une couche stabilisatrice sous le talon pour une meilleure tenue, tandis que le col \u00e0 gu\u00eatre emp\u00eache les cailloux ou la salet\u00e9 de p\u00e9n\u00e9trer dans la chaussure. La semelle FriXion\u00ae White avec Impact Brake System\u2122 maximise ladh\u00e9rence &#8211; aussi bien en mont\u00e9e quen descente &#8211; et les rainures de flexibilit\u00e9 le long de la semelle favorisent un mouvement naturel du pied sur les terrains exigeants. De plus, le contrefort en TPU garantit une tenue s\u00fbre \u00e0 chaque pas. LUltra Raptor 3 est une chaussure robuste et polyvalente pour vos randonn\u00e9es exploratoires.      <\/p>\n<ul>\n<li>Tige en mesh recycl\u00e9 r\u00e9sistant qui \u00e9vacue efficacement la transpiration lors de randonn\u00e9es intenses<\/li>\n<li>Semelle int\u00e9rieure Ortholite\u00ae Hybrid\u2122 Mountain Hiking de 5 mm pour un chaussant confortable et pr\u00e9cis<\/li>\n<li>Semelle interm\u00e9diaire souple et soutenante pour un confort qui dure toute la journ\u00e9e sur le sentier<\/li>\n<li>Mousse EVA compacte au talon pour un soutien et une stabilit\u00e9 maximaux<\/li>\n<li>Semelle FriXion\u00ae White pour une adh\u00e9rence exceptionnelle sur terrains escarp\u00e9s<\/li>\n<li>LImpact Brake System\u2122 absorbe les chocs et am\u00e9liore la traction<\/li>\n<li>Le col \u00e0 gu\u00eatre maintient de mani\u00e8re fiable \u00e0 lext\u00e9rieur cailloux, gravier et salet\u00e9<\/li>\n<li>Encoches de flexibilit\u00e9 le long de la semelle pour une totale libert\u00e9 de mouvement<\/li>\n<li>Bout renforc\u00e9 en caoutchouc et bord protecteur contre cailloux et racines<\/li>\n<\/ul>\n","protected":false},"excerpt":{"rendered":"<p>La l\u00e9gendaire Ultra Raptor 3 arrive dans sa troisi\u00e8me \u00e9dition. Quil sagisse dascensions au sommet, de trekking ou de simples<\/p>\n","protected":false},"featured_media":806950,"template":"","meta":{"_seopress_robots_primary_cat":"none","_seopress_titles_title":"","_seopress_titles_desc":"","_seopress_robots_index":""},"product_brand":[3648],"product_cat":[173,1420,1432],"product_tag":[],"class_list":{"0":"post-806971","1":"product","2":"type-product","3":"status-publish","4":"has-post-thumbnail","6":"product_brand-la-sportiva-fr","7":"product_cat-chaussures","8":"product_cat-chaussures-de-loisirs","9":"product_cat-chaussures-pour-hommes","10":"sws-gruppo-abb-libero-fr","11":"sws-conto-ricavi-merci-rivendita-abbigliamento-fr","12":"sws-gruppo-iva-iva81-fr","14":"first","15":"instock","16":"shipping-taxable","17":"purchasable","18":"product-type-variable","19":"has-default-attributes"},"_links":{"self":[{"href":"https:\/\/lucacastelli.com\/fr\/wp-json\/wp\/v2\/product\/806971","targetHints":{"allow":["GET"]}}],"collection":[{"href":"https:\/\/lucacastelli.com\/fr\/wp-json\/wp\/v2\/product"}],"about":[{"href":"https:\/\/lucacastelli.com\/fr\/wp-json\/wp\/v2\/types\/product"}],"wp:featuredmedia":[{"embeddable":true,"href":"https:\/\/lucacastelli.com\/fr\/wp-json\/wp\/v2\/media\/806950"}],"wp:attachment":[{"href":"https:\/\/lucacastelli.com\/fr\/wp-json\/wp\/v2\/media?parent=806971"}],"wp:term":[{"taxonomy":"product_brand","embeddable":true,"href":"https:\/\/lucacastelli.com\/fr\/wp-json\/wp\/v2\/product_brand?post=806971"},{"taxonomy":"product_cat","embeddable":true,"href":"https:\/\/lucacastelli.com\/fr\/wp-json\/wp\/v2\/product_cat?post=806971"},{"taxonomy":"product_tag","embeddable":true,"href":"https:\/\/lucacastelli.com\/fr\/wp-json\/wp\/v2\/product_tag?post=806971"}],"curies":[{"name":"wp","href":"https:\/\/api.w.org\/{rel}","templated":true}]}}