{"id":806792,"date":"2026-03-16T20:38:11","date_gmt":"2026-03-16T19:38:11","guid":{"rendered":"https:\/\/lucacastelli.com\/prodotto\/haix-airpower-xr-810-ltr-gtx-black\/"},"modified":"2026-03-16T20:38:11","modified_gmt":"2026-03-16T19:38:11","slug":"haix-airpower-xr-810-ltr-gtx-black","status":"publish","type":"product","link":"https:\/\/lucacastelli.com\/fr\/produit\/haix-airpower-xr-810-ltr-gtx-black\/","title":{"rendered":"HAIX AIRPOWER XR 810 LTR GTX black"},"content":{"rendered":"<p>Dessus : Cuir pleine fleur, hydrophobe, respirant, \u00e9paisseur 2,0-2,2 mm. Sun Reflect : r\u00e9duit l\u00e9chauffement du cuir par le rayonnement solaire, la lumi\u00e8re est r\u00e9fl\u00e9chie. Doublure : GORE-TEX, imperm\u00e9able, hautement respirante, r\u00e9sistante \u00e0 labrasion, confort climatique \u00e9lev\u00e9, id\u00e9ale pour une utilisation altern\u00e9e int\u00e9rieur\/ext\u00e9rieur et par temps chaud. Semelle int\u00e9rieure : Confortable, amortissante, \u00e9vacuant lhumidit\u00e9, coque de talon s\u00e9par\u00e9e pour un bon guidage, canaux  AIRFLOW , marquage  Perfect-Fit  pour v\u00e9rifier la pointure. XLR8 : Technologies pour la performance et lendurance. Reforce redresse la vo\u00fbte plantaire par une rotation du calcan\u00e9um. Le contrefort adaptatif sajuste \u00e0 la forme du talon pour une liaison id\u00e9ale. La suspension \u00e9quilibr\u00e9e absorbe les chocs et restitue l\u00e9nergie. La forme ergonomique permet un mouvement naturel du pied. Semelle premi\u00e8re : Ultra l\u00e9g\u00e8re, souple, amortissante, avec rev\u00eatement microfibre absorbant. Anti-perforation : Insert m\u00e9tallique flexible et l\u00e9ger. Semelle de marche : Caoutchouc moderne avec profil route\/tout-terrain, intercalaire PU amortissant, excellente isolation thermique. Antid\u00e9rapante, r\u00e9sistante \u00e0 labrasion, non marquante, antistatique et r\u00e9sistante aux hydrocarbures. ESD : Chaussures dissipatrices selon EN IEC 61340-4-3:2018, EN IEC 61340-5-1:2016. Embout : Plastique renforc\u00e9 de fibres de verre, anatomique et ultra-l\u00e9ger. HAIX CO-System : Soulagement, amorti, correction de posture et \u00e9quilibre musculaire. HAIX Vario Wide Fit System : Largeur ajustable par 3 semelles (rouge\/medium incluse, jaune\/wide et bleue\/narrow vendues s\u00e9par\u00e9ment). HAIX Climate System : \u00c9vacue lhumidit\u00e9 par le mouvement de pompage lors de la marche. HAIX AS System : Soutient la vo\u00fbte plantaire pour pr\u00e9venir les d\u00e9formations. Divers : Sur-embout en caoutchouc, boucle denfilage, certifi\u00e9 pour semelles orthop\u00e9diques.                    <\/p>\n<p>Usage intensif ? Aucun probl\u00e8me pour vos pieds avec lAirpower XR 810 en cuir lisse. <\/p>\n<p>La\u00e7age classique<br \/>\nCuir<br \/>\nimperm\u00e9able gr\u00e2ce au GORE-TEX\u00ae<\/p>\n","protected":false},"excerpt":{"rendered":"<p>Dessus : Cuir pleine fleur, hydrophobe, respirant, \u00e9paisseur 2,0-2,2 mm. Sun Reflect : r\u00e9duit l\u00e9chauffement du cuir par le rayonnement<\/p>\n","protected":false},"featured_media":792512,"template":"","meta":{"_seopress_robots_primary_cat":"","_seopress_titles_title":"","_seopress_titles_desc":"","_seopress_robots_index":""},"product_brand":[3638],"product_cat":[173,1423],"product_tag":[],"class_list":{"0":"post-806792","1":"product","2":"type-product","3":"status-publish","4":"has-post-thumbnail","6":"product_brand-haix-fr","7":"product_cat-chaussures","8":"product_cat-chaussures-de-travail","9":"sws-gruppo-abb-libero-fr","10":"sws-conto-ricavi-merci-rivendita-abbigliamento-fr","11":"sws-gruppo-iva-iva81-fr","13":"first","14":"instock","15":"shipping-taxable","16":"purchasable","17":"product-type-variable","18":"has-default-attributes"},"_links":{"self":[{"href":"https:\/\/lucacastelli.com\/fr\/wp-json\/wp\/v2\/product\/806792","targetHints":{"allow":["GET"]}}],"collection":[{"href":"https:\/\/lucacastelli.com\/fr\/wp-json\/wp\/v2\/product"}],"about":[{"href":"https:\/\/lucacastelli.com\/fr\/wp-json\/wp\/v2\/types\/product"}],"wp:featuredmedia":[{"embeddable":true,"href":"https:\/\/lucacastelli.com\/fr\/wp-json\/wp\/v2\/media\/792512"}],"wp:attachment":[{"href":"https:\/\/lucacastelli.com\/fr\/wp-json\/wp\/v2\/media?parent=806792"}],"wp:term":[{"taxonomy":"product_brand","embeddable":true,"href":"https:\/\/lucacastelli.com\/fr\/wp-json\/wp\/v2\/product_brand?post=806792"},{"taxonomy":"product_cat","embeddable":true,"href":"https:\/\/lucacastelli.com\/fr\/wp-json\/wp\/v2\/product_cat?post=806792"},{"taxonomy":"product_tag","embeddable":true,"href":"https:\/\/lucacastelli.com\/fr\/wp-json\/wp\/v2\/product_tag?post=806792"}],"curies":[{"name":"wp","href":"https:\/\/api.w.org\/{rel}","templated":true}]}}