{"id":806784,"date":"2026-03-17T10:07:44","date_gmt":"2026-03-17T09:07:44","guid":{"rendered":"https:\/\/lucacastelli.com\/prodotto\/stihl-etui-pour-asa-advance-x-flex\/"},"modified":"2026-03-17T10:07:44","modified_gmt":"2026-03-17T09:07:44","slug":"stihl-etui-pour-asa-advance-x-flex","status":"publish","type":"product","link":"https:\/\/lucacastelli.com\/fr\/produit\/stihl-etui-pour-asa-advance-x-flex\/","title":{"rendered":"STIHL \u00c9tui pour ASA ADVANCE X-FLEX"},"content":{"rendered":"<p>Le s\u00e9cateur toujours \u00e0 port\u00e9e de main<br \/>\nL\u2019\u00e9tui STIHL ADVANCE X-Flex pour les s\u00e9cateurs \u00e0 batterie ASA 20, ASA 130 et ASA 140 augmente le confort de travail, par exemple lors de la taille de buissons, de vignes et d\u2019arbres fruitiers. Gr\u00e2ce \u00e0 l\u2019\u00e9tui, vous pouvez toujours transporter votre s\u00e9cateur \u00e0 batterie confortablement. De plus, le s\u00e9cateur est prot\u00e9g\u00e9 contre les chutes gr\u00e2ce au rembourrage sp\u00e9cial de l\u2019\u00e9tui, tout en restant toujours \u00e0 port\u00e9e de main.  <\/p>\n<p>Gr\u00e2ce au syst\u00e8me innovant STIHL Clip avec double clip en m\u00e9tal, l\u00e9tui robuste et facile \u00e0 nettoyer peut \u00eatre fix\u00e9 rapidement et confortablement au ceinturon STIHL ADVANCE X-Flex ou \u00e0 la ceinture STIHL ADVANCE X-Flex (tous deux disponibles s\u00e9par\u00e9ment). Le syst\u00e8me STIHL Clip permet \u00e9galement de fixer l\u00e9tui \u00e0 une ceinture traditionnelle. <\/p>\n<p>L\u00e9tui STIHL ADVANCE X-Flex est compatible avec les s\u00e9cateurs \u00e0 batterie STIHL suivants :<\/p>\n<p>ASA 20<br \/>\nASA 130<br \/>\nASA 140<br \/>\nRemarque : l\u2019\u00e9tui STIHL ADVANCE X-Flex est inclus dans la livraison des s\u00e9cateurs \u00e0 batterie ASA 130 et ASA 140 et est compatible avec le syst\u00e8me de transport pour ASA 130 et ASA 140.<\/p>\n<p>&nbsp;<\/p>\n<p>&nbsp;<\/p>\n","protected":false},"excerpt":{"rendered":"<p>Le s\u00e9cateur toujours \u00e0 port\u00e9e de main L\u2019\u00e9tui STIHL ADVANCE X-Flex pour les s\u00e9cateurs \u00e0 batterie ASA 20, ASA 130<\/p>\n","protected":false},"featured_media":806763,"template":"","meta":{"_seopress_robots_primary_cat":"","_seopress_titles_title":"","_seopress_titles_desc":"","_seopress_robots_index":""},"product_brand":[3555],"product_cat":[1453,1496,144,1397,167],"product_tag":[],"class_list":{"0":"post-806784","1":"product","2":"type-product","3":"status-publish","4":"has-post-thumbnail","6":"product_brand-stihl-fr","7":"product_cat-autres-appareils","8":"product_cat-autres-equipements-de-travail","9":"product_cat-equipement","10":"product_cat-equipement-de-travail","11":"product_cat-machines","12":"sws-gruppo-macchinari-fr","13":"sws-conto-ricavi-merci-rivendita-abbigliamento-fr","14":"sws-gruppo-iva-iva81-fr","16":"first","17":"instock","18":"shipping-taxable","19":"purchasable","20":"product-type-simple"},"_links":{"self":[{"href":"https:\/\/lucacastelli.com\/fr\/wp-json\/wp\/v2\/product\/806784","targetHints":{"allow":["GET"]}}],"collection":[{"href":"https:\/\/lucacastelli.com\/fr\/wp-json\/wp\/v2\/product"}],"about":[{"href":"https:\/\/lucacastelli.com\/fr\/wp-json\/wp\/v2\/types\/product"}],"wp:featuredmedia":[{"embeddable":true,"href":"https:\/\/lucacastelli.com\/fr\/wp-json\/wp\/v2\/media\/806763"}],"wp:attachment":[{"href":"https:\/\/lucacastelli.com\/fr\/wp-json\/wp\/v2\/media?parent=806784"}],"wp:term":[{"taxonomy":"product_brand","embeddable":true,"href":"https:\/\/lucacastelli.com\/fr\/wp-json\/wp\/v2\/product_brand?post=806784"},{"taxonomy":"product_cat","embeddable":true,"href":"https:\/\/lucacastelli.com\/fr\/wp-json\/wp\/v2\/product_cat?post=806784"},{"taxonomy":"product_tag","embeddable":true,"href":"https:\/\/lucacastelli.com\/fr\/wp-json\/wp\/v2\/product_tag?post=806784"}],"curies":[{"name":"wp","href":"https:\/\/api.w.org\/{rel}","templated":true}]}}