{"id":804683,"date":"2026-03-16T11:47:15","date_gmt":"2026-03-16T10:47:15","guid":{"rendered":"https:\/\/lucacastelli.com\/prodotto\/crazy-skirt-exit\/"},"modified":"2026-03-16T11:47:15","modified_gmt":"2026-03-16T10:47:15","slug":"crazy-skirt-exit","status":"publish","type":"product","link":"https:\/\/lucacastelli.com\/fr\/produit\/crazy-skirt-exit\/","title":{"rendered":"CRAZY SKIRT EXIT"},"content":{"rendered":"<div class=\"flex flex-col text-sm pb-25\">\n<article class=\"text-token-text-primary w-full focus:outline-none [--shadow-height:45px] has-data-writing-block:pointer-events-none has-data-writing-block:-mt-(--shadow-height) has-data-writing-block:pt-(--shadow-height) [&amp;:has([data-writing-block])&gt;*]:pointer-events-auto scroll-mt-[calc(var(--header-height)+min(200px,max(70px,20svh)))]\" dir=\"auto\" tabindex=\"-1\" data-turn-id=\"request-WEB:dca93298-70f8-4659-a80a-ea8e5cc65860-17\" data-testid=\"conversation-turn-36\" data-scroll-anchor=\"true\" data-turn=\"assistant\">\n<div class=\"text-base my-auto mx-auto pb-10 [--thread-content-margin:var(--thread-content-margin-xs,calc(var(--spacing)*4))] @w-sm\/main:[--thread-content-margin:var(--thread-content-margin-sm,calc(var(--spacing)*6))] @w-lg\/main:[--thread-content-margin:var(--thread-content-margin-lg,calc(var(--spacing)*16))] px-(--thread-content-margin)\">\n<div class=\"[--thread-content-max-width:40rem] @w-lg\/main:[--thread-content-max-width:48rem] mx-auto max-w-(--thread-content-max-width) flex-1 group\/turn-messages focus-visible:outline-hidden relative flex w-full min-w-0 flex-col agent-turn\" tabindex=\"-1\">\n<div class=\"flex max-w-full flex-col gap-4 grow\">\n<div class=\"min-h-8 text-message relative flex w-full flex-col items-end gap-2 text-start break-words whitespace-normal [.text-message+&amp;]:mt-1\" dir=\"auto\" data-message-author-role=\"assistant\" data-message-id=\"ed0d4022-cf12-4c88-b976-f4d035ee0323\" data-message-model-slug=\"gpt-5-3\">\n<div class=\"flex w-full flex-col gap-1 empty:hidden\">\n<div class=\"markdown prose dark:prose-invert w-full wrap-break-word light markdown-new-styling\">\n<div class=\"flex flex-col text-sm pb-25\">\n<article class=\"text-token-text-primary w-full focus:outline-none [--shadow-height:45px] has-data-writing-block:pointer-events-none has-data-writing-block:-mt-(--shadow-height) has-data-writing-block:pt-(--shadow-height) [&amp;:has([data-writing-block])&gt;*]:pointer-events-auto scroll-mt-[calc(var(--header-height)+min(200px,max(70px,20svh)))]\" dir=\"auto\" tabindex=\"-1\" data-turn-id=\"request-WEB:1bed4a84-83c6-41f3-9b56-1bead705c779-6\" data-testid=\"conversation-turn-14\" data-scroll-anchor=\"true\" data-turn=\"assistant\">\n<div class=\"text-base my-auto mx-auto pb-10 [--thread-content-margin:var(--thread-content-margin-xs,calc(var(--spacing)*4))] @w-sm\/main:[--thread-content-margin:var(--thread-content-margin-sm,calc(var(--spacing)*6))] @w-lg\/main:[--thread-content-margin:var(--thread-content-margin-lg,calc(var(--spacing)*16))] px-(--thread-content-margin)\">\n<div class=\"[--thread-content-max-width:40rem] @w-lg\/main:[--thread-content-max-width:48rem] mx-auto max-w-(--thread-content-max-width) flex-1 group\/turn-messages focus-visible:outline-hidden relative flex w-full min-w-0 flex-col agent-turn\" tabindex=\"-1\">\n<div class=\"flex max-w-full flex-col gap-4 grow\">\n<div class=\"min-h-8 text-message relative flex w-full flex-col items-end gap-2 text-start break-words whitespace-normal [.text-message+&amp;]:mt-1\" dir=\"auto\" data-message-author-role=\"assistant\" data-message-id=\"c145679a-d064-49ce-93f6-cd6fa472d023\" data-message-model-slug=\"gpt-5-3\">\n<div class=\"flex w-full flex-col gap-1 empty:hidden\">\n<div class=\"markdown prose dark:prose-invert w-full wrap-break-word light markdown-new-styling\">\n<p data-start=\"0\" data-end=\"19\"><strong data-start=\"0\" data-end=\"19\">Caract\u00e9ristiques<\/strong><\/p>\n<ul data-start=\"21\" data-end=\"234\">\n<li data-section-id=\"h2ebzs\" data-start=\"21\" data-end=\"51\">\n<p data-start=\"23\" data-end=\"51\">Une poche avant ouverte<\/p>\n<\/li>\n<li data-section-id=\"86oj26\" data-start=\"52\" data-end=\"79\">\n<p data-start=\"54\" data-end=\"79\">Taille \u00e9lastique<\/p>\n<\/li>\n<li data-section-id=\"1td8crn\" data-start=\"80\" data-end=\"128\">\n<p data-start=\"82\" data-end=\"128\">Construction portefeuille avec ourlets coll\u00e9s<\/p>\n<\/li>\n<li data-section-id=\"j0d6n0\" data-start=\"129\" data-end=\"150\">\n<p data-start=\"131\" data-end=\"150\">Logos r\u00e9fl\u00e9chissants<\/p>\n<\/li>\n<li data-section-id=\"tc1qzf\" data-start=\"151\" data-end=\"185\">\n<p data-start=\"153\" data-end=\"185\">Coutures contrast\u00e9es<\/p>\n<\/li>\n<li data-section-id=\"1gv9iah\" data-start=\"186\" data-end=\"234\">\n<p data-start=\"188\" data-end=\"234\">Variante <strong data-start=\"197\" data-end=\"209\">01 Black<\/strong> avec impression r\u00e9fl\u00e9chissante<\/p>\n<\/li>\n<\/ul>\n<p data-start=\"236\" data-end=\"251\"><strong data-start=\"236\" data-end=\"251\">Description<\/strong><\/p>\n<p data-start=\"253\" data-end=\"498\">La <strong data-start=\"256\" data-end=\"270\">Skirt Exit<\/strong> associe un tissu technique con\u00e7u pour l\u2019utilisation en montagne \u00e0 un <strong data-start=\"337\" data-end=\"367\">design f\u00e9minin et moderne<\/strong>. Sa <strong data-start=\"384\" data-end=\"413\">construction portefeuille<\/strong> particuli\u00e8re, inhabituelle pour un v\u00eatement outdoor, conf\u00e8re \u00e0 la jupe un style distinctif et contemporain. <\/p>\n<p data-start=\"500\" data-end=\"845\">Outre son esth\u00e9tique raffin\u00e9e, le v\u00eatement est con\u00e7u pour garantir une <strong data-start=\"565\" data-end=\"617\">fonctionnalit\u00e9 maximale pendant l\u2019activit\u00e9 sportive<\/strong>. \u00c0 l\u2019int\u00e9rieur se trouve un <strong data-start=\"646\" data-end=\"703\">short int\u00e9gr\u00e9 en tissu italien Revolutional Slim<\/strong>, r\u00e9put\u00e9 pour ses propri\u00e9t\u00e9s de <strong data-start=\"734\" data-end=\"752\">micromassage<\/strong>, qui favorisent la microcirculation sanguine et augmentent le confort pendant le mouvement. <\/p>\n<p data-start=\"847\" data-end=\"1013\" data-is-last-node=\"\" data-is-only-node=\"\">Le tissu ext\u00e9rieur est <strong data-start=\"868\" data-end=\"914\">frais, bi-\u00e9lastique et hautement performant<\/strong>, offrant libert\u00e9 de mouvement et respirabilit\u00e9 m\u00eame lors des activit\u00e9s les plus intenses en montagne.<\/p>\n<\/div>\n<\/div>\n<\/div>\n<\/div>\n<div class=\"z-0 flex min-h-[46px] justify-start\"><\/div>\n<div class=\"mt-3 w-full empty:hidden\">\n<div class=\"text-center\"><\/div>\n<\/div>\n<\/div>\n<\/div>\n<\/article>\n<\/div>\n<div class=\"pointer-events-none h-px w-px absolute bottom-0\" aria-hidden=\"true\" data-edge=\"true\"><\/div>\n<p data-start=\"0\" data-end=\"19\">\n<\/div>\n<\/div>\n<\/div>\n<\/div>\n<\/div>\n<\/div>\n<\/article>\n<\/div>\n<div class=\"pointer-events-none h-px w-px absolute bottom-0\" aria-hidden=\"true\" data-edge=\"true\"><\/div>\n","protected":false},"excerpt":{"rendered":"<p>Caract\u00e9ristiques Une poche avant ouverte Taille \u00e9lastique Construction portefeuille avec ourlets coll\u00e9s Logos r\u00e9fl\u00e9chissants Coutures contrast\u00e9es Variante 01 Black avec<\/p>\n","protected":false},"featured_media":804684,"template":"","meta":{"_seopress_robots_primary_cat":"none","_seopress_titles_title":"","_seopress_titles_desc":"","_seopress_robots_index":""},"product_brand":[3616],"product_cat":[81,981,1387],"product_tag":[],"class_list":{"0":"post-804683","1":"product","2":"type-product","3":"status-publish","4":"has-post-thumbnail","6":"product_brand-crazy-fr","7":"product_cat-vetements","8":"product_cat-vetements-de-loisirs","9":"product_cat-vetements-pour-femmes","10":"sws-gruppo-abb-libero-fr","11":"sws-conto-ricavi-merci-rivendita-abbigliamento-fr","12":"sws-gruppo-iva-iva81-fr","14":"first","15":"instock","16":"sale","17":"shipping-taxable","18":"product-type-variable","19":"has-default-attributes"},"_links":{"self":[{"href":"https:\/\/lucacastelli.com\/fr\/wp-json\/wp\/v2\/product\/804683","targetHints":{"allow":["GET"]}}],"collection":[{"href":"https:\/\/lucacastelli.com\/fr\/wp-json\/wp\/v2\/product"}],"about":[{"href":"https:\/\/lucacastelli.com\/fr\/wp-json\/wp\/v2\/types\/product"}],"wp:featuredmedia":[{"embeddable":true,"href":"https:\/\/lucacastelli.com\/fr\/wp-json\/wp\/v2\/media\/804684"}],"wp:attachment":[{"href":"https:\/\/lucacastelli.com\/fr\/wp-json\/wp\/v2\/media?parent=804683"}],"wp:term":[{"taxonomy":"product_brand","embeddable":true,"href":"https:\/\/lucacastelli.com\/fr\/wp-json\/wp\/v2\/product_brand?post=804683"},{"taxonomy":"product_cat","embeddable":true,"href":"https:\/\/lucacastelli.com\/fr\/wp-json\/wp\/v2\/product_cat?post=804683"},{"taxonomy":"product_tag","embeddable":true,"href":"https:\/\/lucacastelli.com\/fr\/wp-json\/wp\/v2\/product_tag?post=804683"}],"curies":[{"name":"wp","href":"https:\/\/api.w.org\/{rel}","templated":true}]}}