{"id":804665,"date":"2026-03-16T10:22:06","date_gmt":"2026-03-16T09:22:06","guid":{"rendered":"https:\/\/lucacastelli.com\/prodotto\/crazy-pull-traverse-woman\/"},"modified":"2026-03-16T10:22:06","modified_gmt":"2026-03-16T09:22:06","slug":"crazy-pull-traverse-woman","status":"publish","type":"product","link":"https:\/\/lucacastelli.com\/fr\/produit\/crazy-pull-traverse-woman\/","title":{"rendered":"CRAZY PULL TRAVERSE WOMAN"},"content":{"rendered":"<div class=\"flex flex-col text-sm pb-25\">\n<article class=\"text-token-text-primary w-full focus:outline-none [--shadow-height:45px] has-data-writing-block:pointer-events-none has-data-writing-block:-mt-(--shadow-height) has-data-writing-block:pt-(--shadow-height) [&amp;:has([data-writing-block])&gt;*]:pointer-events-auto scroll-mt-[calc(var(--header-height)+min(200px,max(70px,20svh)))]\" dir=\"auto\" tabindex=\"-1\" data-turn-id=\"request-WEB:dca93298-70f8-4659-a80a-ea8e5cc65860-17\" data-testid=\"conversation-turn-36\" data-scroll-anchor=\"true\" data-turn=\"assistant\">\n<div class=\"text-base my-auto mx-auto pb-10 [--thread-content-margin:var(--thread-content-margin-xs,calc(var(--spacing)*4))] @w-sm\/main:[--thread-content-margin:var(--thread-content-margin-sm,calc(var(--spacing)*6))] @w-lg\/main:[--thread-content-margin:var(--thread-content-margin-lg,calc(var(--spacing)*16))] px-(--thread-content-margin)\">\n<div class=\"[--thread-content-max-width:40rem] @w-lg\/main:[--thread-content-max-width:48rem] mx-auto max-w-(--thread-content-max-width) flex-1 group\/turn-messages focus-visible:outline-hidden relative flex w-full min-w-0 flex-col agent-turn\" tabindex=\"-1\">\n<div class=\"flex max-w-full flex-col gap-4 grow\">\n<div class=\"min-h-8 text-message relative flex w-full flex-col items-end gap-2 text-start break-words whitespace-normal [.text-message+&amp;]:mt-1\" dir=\"auto\" data-message-author-role=\"assistant\" data-message-id=\"ed0d4022-cf12-4c88-b976-f4d035ee0323\" data-message-model-slug=\"gpt-5-3\">\n<div class=\"flex w-full flex-col gap-1 empty:hidden\">\n<div class=\"markdown prose dark:prose-invert w-full wrap-break-word light markdown-new-styling\"><\/div>\n<\/div>\n<\/div>\n<\/div>\n<div class=\"mt-3 w-full empty:hidden\">\n<div class=\"text-center\">\n<div class=\"flex flex-col text-sm pb-25\">\n<article class=\"text-token-text-primary w-full focus:outline-none [--shadow-height:45px] has-data-writing-block:pointer-events-none has-data-writing-block:-mt-(--shadow-height) has-data-writing-block:pt-(--shadow-height) [&amp;:has([data-writing-block])&gt;*]:pointer-events-auto scroll-mt-[calc(var(--header-height)+min(200px,max(70px,20svh)))]\" dir=\"auto\" tabindex=\"-1\" data-turn-id=\"request-WEB:1bed4a84-83c6-41f3-9b56-1bead705c779-2\" data-testid=\"conversation-turn-6\" data-scroll-anchor=\"true\" data-turn=\"assistant\">\n<div class=\"text-base my-auto mx-auto pb-10 [--thread-content-margin:var(--thread-content-margin-xs,calc(var(--spacing)*4))] @w-sm\/main:[--thread-content-margin:var(--thread-content-margin-sm,calc(var(--spacing)*6))] @w-lg\/main:[--thread-content-margin:var(--thread-content-margin-lg,calc(var(--spacing)*16))] px-(--thread-content-margin)\">\n<div class=\"[--thread-content-max-width:40rem] @w-lg\/main:[--thread-content-max-width:48rem] mx-auto max-w-(--thread-content-max-width) flex-1 group\/turn-messages focus-visible:outline-hidden relative flex w-full min-w-0 flex-col agent-turn\" tabindex=\"-1\">\n<div class=\"flex max-w-full flex-col gap-4 grow\">\n<div class=\"min-h-8 text-message relative flex w-full flex-col items-end gap-2 text-start break-words whitespace-normal [.text-message+&amp;]:mt-1\" dir=\"auto\" data-message-author-role=\"assistant\" data-message-id=\"a5c52cf7-a496-4ef6-8a69-2c3d577d6c2f\" data-message-model-slug=\"gpt-5-3\">\n<div class=\"flex w-full flex-col gap-1 empty:hidden\">\n<div class=\"markdown prose dark:prose-invert w-full wrap-break-word light markdown-new-styling\">\n<p data-start=\"0\" data-end=\"19\"><strong data-start=\"0\" data-end=\"19\">Caract\u00e9ristiques<\/strong><\/p>\n<ul data-start=\"21\" data-end=\"194\">\n<li data-section-id=\"10yifua\" data-start=\"21\" data-end=\"62\">\n<p data-start=\"23\" data-end=\"62\">Zip frontale enti\u00e8rement s\u00e9parable<\/p>\n<\/li>\n<li data-section-id=\"1udjq6e\" data-start=\"63\" data-end=\"104\">\n<p data-start=\"65\" data-end=\"104\">Coutures plates contrast\u00e9es<\/p>\n<\/li>\n<li data-section-id=\"137fpdx\" data-start=\"105\" data-end=\"127\">\n<p data-start=\"107\" data-end=\"127\">Poches pour les mains<\/p>\n<\/li>\n<li data-section-id=\"149ixh6\" data-start=\"128\" data-end=\"172\">\n<p data-start=\"130\" data-end=\"172\">Capuche ergonomique avec ouverture pour queue de cheval<\/p>\n<\/li>\n<li data-section-id=\"j0d6n0\" data-start=\"173\" data-end=\"194\">\n<p data-start=\"175\" data-end=\"194\">Logos r\u00e9fl\u00e9chissants<\/p>\n<\/li>\n<\/ul>\n<p data-start=\"196\" data-end=\"211\"><strong data-start=\"196\" data-end=\"211\">Description<\/strong><\/p>\n<p data-start=\"213\" data-end=\"386\">La ligne <strong data-start=\"222\" data-end=\"234\">Traverse<\/strong> est con\u00e7ue pour le <strong data-start=\"255\" data-end=\"275\">trekking l\u00e9ger<\/strong> et les randonn\u00e9es en <strong data-start=\"295\" data-end=\"313\">moyenne montagne<\/strong>, offrant un \u00e9quilibre parfait entre confort, protection et fonctionnalit\u00e9.<\/p>\n<p data-start=\"388\" data-end=\"567\">Ce pull est un v\u00eatement <strong data-start=\"410\" data-end=\"436\">extr\u00eamement polyvalent<\/strong>, caract\u00e9ris\u00e9 par un design simple et \u00e9pur\u00e9 associ\u00e9 \u00e0 une construction technique qui garantit le confort lors des activit\u00e9s outdoor.<\/p>\n<p data-start=\"569\" data-end=\"826\">Il est r\u00e9alis\u00e9 avec les m\u00eames mat\u00e9riaux utilis\u00e9s dans les mid layers de la cat\u00e9gorie <strong data-start=\"648\" data-end=\"665\">High Mountain<\/strong>. Le tissu principal <strong data-start=\"689\" data-end=\"708\">Endurance Light<\/strong> est l\u00e9ger, respirant et dot\u00e9 d\u2019un <strong data-start=\"744\" data-end=\"769\">traitement coupe-vent<\/strong>, id\u00e9al pour affronter des conditions variables en montagne. <\/p>\n<p data-start=\"828\" data-end=\"1080\" data-is-last-node=\"\" data-is-only-node=\"\">La technicit\u00e9 du v\u00eatement est encore am\u00e9lior\u00e9e gr\u00e2ce \u00e0 l\u2019insertion de panneaux en <strong data-start=\"915\" data-end=\"933\">Stretch Series<\/strong> et <strong data-start=\"936\" data-end=\"942\">HP<\/strong>, des tissus encore plus l\u00e9gers et \u00e9lastiques qui augmentent le confort et assurent une plus grande <strong data-start=\"1034\" data-end=\"1058\">libert\u00e9 de mouvement<\/strong> pendant la randonn\u00e9e.<\/p>\n<\/div>\n<\/div>\n<\/div>\n<\/div>\n<div class=\"z-0 flex min-h-[46px] justify-start\"><\/div>\n<div class=\"mt-3 w-full empty:hidden\">\n<div class=\"text-center\"><\/div>\n<\/div>\n<\/div>\n<\/div>\n<\/article>\n<\/div>\n<div class=\"pointer-events-none h-px w-px absolute bottom-0\" aria-hidden=\"true\" data-edge=\"true\"><\/div>\n<\/div>\n<\/div>\n<\/div>\n<\/div>\n<\/article>\n<\/div>\n<div class=\"pointer-events-none h-px w-px absolute bottom-0\" aria-hidden=\"true\" data-edge=\"true\"><\/div>\n","protected":false},"excerpt":{"rendered":"<p>Caract\u00e9ristiques Zip frontale enti\u00e8rement s\u00e9parable Coutures plates contrast\u00e9es Poches pour les mains Capuche ergonomique avec ouverture pour queue de cheval<\/p>\n","protected":false},"featured_media":804666,"template":"","meta":{"_seopress_robots_primary_cat":"none","_seopress_titles_title":"","_seopress_titles_desc":"","_seopress_robots_index":""},"product_brand":[3413],"product_cat":[21,189,200],"product_tag":[],"class_list":{"0":"post-804665","1":"product","2":"type-product","3":"status-publish","4":"has-post-thumbnail","6":"product_brand-crazy","7":"product_cat-abbigliamento","8":"product_cat-abbigliamento-per-il-tempo-libero","9":"product_cat-abbigliamento-da-donna","10":"sws-gruppo-abb-libero-fr","11":"sws-conto-ricavi-merci-rivendita-abbigliamento-fr","12":"sws-gruppo-iva-iva81-fr","14":"first","15":"instock","16":"sale","17":"shipping-taxable","18":"purchasable","19":"product-type-variable","20":"has-default-attributes"},"_links":{"self":[{"href":"https:\/\/lucacastelli.com\/fr\/wp-json\/wp\/v2\/product\/804665","targetHints":{"allow":["GET"]}}],"collection":[{"href":"https:\/\/lucacastelli.com\/fr\/wp-json\/wp\/v2\/product"}],"about":[{"href":"https:\/\/lucacastelli.com\/fr\/wp-json\/wp\/v2\/types\/product"}],"wp:featuredmedia":[{"embeddable":true,"href":"https:\/\/lucacastelli.com\/fr\/wp-json\/wp\/v2\/media\/804666"}],"wp:attachment":[{"href":"https:\/\/lucacastelli.com\/fr\/wp-json\/wp\/v2\/media?parent=804665"}],"wp:term":[{"taxonomy":"product_brand","embeddable":true,"href":"https:\/\/lucacastelli.com\/fr\/wp-json\/wp\/v2\/product_brand?post=804665"},{"taxonomy":"product_cat","embeddable":true,"href":"https:\/\/lucacastelli.com\/fr\/wp-json\/wp\/v2\/product_cat?post=804665"},{"taxonomy":"product_tag","embeddable":true,"href":"https:\/\/lucacastelli.com\/fr\/wp-json\/wp\/v2\/product_tag?post=804665"}],"curies":[{"name":"wp","href":"https:\/\/api.w.org\/{rel}","templated":true}]}}