{"id":804609,"date":"2026-03-16T10:01:19","date_gmt":"2026-03-16T09:01:19","guid":{"rendered":"https:\/\/lucacastelli.com\/prodotto\/crazy-pull-ionic-light\/"},"modified":"2026-03-16T10:01:19","modified_gmt":"2026-03-16T09:01:19","slug":"crazy-pull-ionic-light","status":"publish","type":"product","link":"https:\/\/lucacastelli.com\/fr\/produit\/crazy-pull-ionic-light\/","title":{"rendered":"CRAZY PULL IONIC LIGHT"},"content":{"rendered":"<div class=\"flex flex-col text-sm pb-25\">\n<article class=\"text-token-text-primary w-full focus:outline-none [--shadow-height:45px] has-data-writing-block:pointer-events-none has-data-writing-block:-mt-(--shadow-height) has-data-writing-block:pt-(--shadow-height) [&amp;:has([data-writing-block])&gt;*]:pointer-events-auto scroll-mt-[calc(var(--header-height)+min(200px,max(70px,20svh)))]\" dir=\"auto\" tabindex=\"-1\" data-turn-id=\"request-WEB:dca93298-70f8-4659-a80a-ea8e5cc65860-17\" data-testid=\"conversation-turn-36\" data-scroll-anchor=\"true\" data-turn=\"assistant\">\n<div class=\"text-base my-auto mx-auto pb-10 [--thread-content-margin:var(--thread-content-margin-xs,calc(var(--spacing)*4))] @w-sm\/main:[--thread-content-margin:var(--thread-content-margin-sm,calc(var(--spacing)*6))] @w-lg\/main:[--thread-content-margin:var(--thread-content-margin-lg,calc(var(--spacing)*16))] px-(--thread-content-margin)\">\n<div class=\"[--thread-content-max-width:40rem] @w-lg\/main:[--thread-content-max-width:48rem] mx-auto max-w-(--thread-content-max-width) flex-1 group\/turn-messages focus-visible:outline-hidden relative flex w-full min-w-0 flex-col agent-turn\" tabindex=\"-1\">\n<div class=\"flex max-w-full flex-col gap-4 grow\">\n<div class=\"min-h-8 text-message relative flex w-full flex-col items-end gap-2 text-start break-words whitespace-normal [.text-message+&amp;]:mt-1\" dir=\"auto\" data-message-author-role=\"assistant\" data-message-id=\"ed0d4022-cf12-4c88-b976-f4d035ee0323\" data-message-model-slug=\"gpt-5-3\">\n<div class=\"flex w-full flex-col gap-1 empty:hidden\">\n<div class=\"markdown prose dark:prose-invert w-full wrap-break-word light markdown-new-styling\"><\/div>\n<\/div>\n<\/div>\n<\/div>\n<div class=\"mt-3 w-full empty:hidden\">\n<div class=\"text-center\">\n<p data-start=\"0\" data-end=\"19\"><strong data-start=\"0\" data-end=\"19\">Caract\u00e9ristiques<\/strong><\/p>\n<ul data-start=\"21\" data-end=\"267\">\n<li data-section-id=\"14s42v\" data-start=\"21\" data-end=\"62\">\n<p data-start=\"23\" data-end=\"62\">Poches repose-mains zipp\u00e9es<\/p>\n<\/li>\n<li data-section-id=\"11wr0k8\" data-start=\"63\" data-end=\"91\">\n<p data-start=\"65\" data-end=\"91\">Bas avec bord \u00e9lastique<\/p>\n<\/li>\n<li data-section-id=\"j0d6n0\" data-start=\"92\" data-end=\"113\">\n<p data-start=\"94\" data-end=\"113\">Logos r\u00e9fl\u00e9chissants<\/p>\n<\/li>\n<li data-section-id=\"1udjq6e\" data-start=\"114\" data-end=\"155\">\n<p data-start=\"116\" data-end=\"155\">Coutures plates contrast\u00e9es<\/p>\n<\/li>\n<li data-section-id=\"149ixh6\" data-start=\"156\" data-end=\"200\">\n<p data-start=\"158\" data-end=\"200\">Capuche ergonomique avec passage pour queue de cheval<\/p>\n<\/li>\n<li data-section-id=\"10yifua\" data-start=\"201\" data-end=\"242\">\n<p data-start=\"203\" data-end=\"242\">Zip frontal int\u00e9gral<\/p>\n<\/li>\n<li data-section-id=\"mn930q\" data-start=\"243\" data-end=\"267\">\n<p data-start=\"245\" data-end=\"267\">Passe-pouce<\/p>\n<\/li>\n<\/ul>\n<p data-start=\"269\" data-end=\"284\"><strong data-start=\"269\" data-end=\"284\">Description<\/strong><\/p>\n<p data-start=\"286\" data-end=\"472\">La <strong data-start=\"289\" data-end=\"303\">Pull Ionic<\/strong> est l\u2019un des articles les plus appr\u00e9ci\u00e9s de la collection d\u2019\u00e9t\u00e9. Il s\u2019agit d\u2019une <strong data-start=\"375\" data-end=\"398\">couche interm\u00e9diaire polyvalente<\/strong>, con\u00e7ue pour le trekking et les activit\u00e9s de plein air d\u2019intensit\u00e9 moyenne. <\/p>\n<p data-start=\"474\" data-end=\"684\">Son <strong data-start=\"481\" data-end=\"510\">design moderne et dynamique<\/strong> la rend particuli\u00e8rement appr\u00e9ci\u00e9e d\u2019un point de vue esth\u00e9tique&nbsp;: les lignes sinueuses mettent en valeur la coupe et conf\u00e8rent au v\u00eatement un style sportif et contemporain.<\/p>\n<p data-start=\"686\" data-end=\"1049\" data-is-last-node=\"\" data-is-only-node=\"\">Elle est enti\u00e8rement r\u00e9alis\u00e9e en <strong data-start=\"714\" data-end=\"737\">High Performance 3D<\/strong>, un polaire technique \u00e9prouv\u00e9 qui favorise la <strong data-start=\"785\" data-end=\"802\">respirabilit\u00e9<\/strong> gr\u00e2ce \u00e0 sa construction tridimensionnelle sp\u00e9ciale en <strong data-start=\"854\" data-end=\"868\">nid d\u2019abeille<\/strong>. Cette structure permet une gestion optimale de l\u2019humidit\u00e9 et rend le v\u00eatement id\u00e9al comme <strong data-start=\"959\" data-end=\"980\">couche interm\u00e9diaire<\/strong> pour affronter les variations de temp\u00e9rature lors des activit\u00e9s de plein air. <\/p>\n<\/div>\n<\/div>\n<\/div>\n<\/div>\n<\/article>\n<\/div>\n<div class=\"pointer-events-none h-px w-px absolute bottom-0\" aria-hidden=\"true\" data-edge=\"true\"><\/div>\n","protected":false},"excerpt":{"rendered":"<p>Caract\u00e9ristiques Poches repose-mains zipp\u00e9es Bas avec bord \u00e9lastique Logos r\u00e9fl\u00e9chissants Coutures plates contrast\u00e9es Capuche ergonomique avec passage pour queue de<\/p>\n","protected":false},"featured_media":802830,"template":"","meta":{"_seopress_robots_primary_cat":"none","_seopress_titles_title":"","_seopress_titles_desc":"","_seopress_robots_index":""},"product_brand":[3413],"product_cat":[21,189,200],"product_tag":[],"class_list":{"0":"post-804609","1":"product","2":"type-product","3":"status-publish","4":"has-post-thumbnail","6":"product_brand-crazy","7":"product_cat-abbigliamento","8":"product_cat-abbigliamento-per-il-tempo-libero","9":"product_cat-abbigliamento-da-donna","10":"sws-gruppo-abb-libero-fr","11":"sws-conto-ricavi-merci-rivendita-abbigliamento-fr","12":"sws-gruppo-iva-iva81-fr","14":"first","15":"instock","16":"shipping-taxable","17":"purchasable","18":"product-type-variable","19":"has-default-attributes"},"_links":{"self":[{"href":"https:\/\/lucacastelli.com\/fr\/wp-json\/wp\/v2\/product\/804609","targetHints":{"allow":["GET"]}}],"collection":[{"href":"https:\/\/lucacastelli.com\/fr\/wp-json\/wp\/v2\/product"}],"about":[{"href":"https:\/\/lucacastelli.com\/fr\/wp-json\/wp\/v2\/types\/product"}],"wp:featuredmedia":[{"embeddable":true,"href":"https:\/\/lucacastelli.com\/fr\/wp-json\/wp\/v2\/media\/802830"}],"wp:attachment":[{"href":"https:\/\/lucacastelli.com\/fr\/wp-json\/wp\/v2\/media?parent=804609"}],"wp:term":[{"taxonomy":"product_brand","embeddable":true,"href":"https:\/\/lucacastelli.com\/fr\/wp-json\/wp\/v2\/product_brand?post=804609"},{"taxonomy":"product_cat","embeddable":true,"href":"https:\/\/lucacastelli.com\/fr\/wp-json\/wp\/v2\/product_cat?post=804609"},{"taxonomy":"product_tag","embeddable":true,"href":"https:\/\/lucacastelli.com\/fr\/wp-json\/wp\/v2\/product_tag?post=804609"}],"curies":[{"name":"wp","href":"https:\/\/api.w.org\/{rel}","templated":true}]}}