{"id":804588,"date":"2026-03-16T10:42:31","date_gmt":"2026-03-16T09:42:31","guid":{"rendered":"https:\/\/lucacastelli.com\/prodotto\/crazy-jkt-oxygen\/"},"modified":"2026-03-16T10:42:31","modified_gmt":"2026-03-16T09:42:31","slug":"crazy-jkt-oxygen","status":"publish","type":"product","link":"https:\/\/lucacastelli.com\/fr\/produit\/crazy-jkt-oxygen\/","title":{"rendered":"CRAZY JKT OXYGEN"},"content":{"rendered":"<div class=\"flex flex-col text-sm pb-25\">\n<article class=\"text-token-text-primary w-full focus:outline-none [--shadow-height:45px] has-data-writing-block:pointer-events-none has-data-writing-block:-mt-(--shadow-height) has-data-writing-block:pt-(--shadow-height) [&amp;:has([data-writing-block])&gt;*]:pointer-events-auto scroll-mt-[calc(var(--header-height)+min(200px,max(70px,20svh)))]\" dir=\"auto\" tabindex=\"-1\" data-turn-id=\"request-WEB:dca93298-70f8-4659-a80a-ea8e5cc65860-17\" data-testid=\"conversation-turn-36\" data-scroll-anchor=\"true\" data-turn=\"assistant\">\n<div class=\"text-base my-auto mx-auto pb-10 [--thread-content-margin:var(--thread-content-margin-xs,calc(var(--spacing)*4))] @w-sm\/main:[--thread-content-margin:var(--thread-content-margin-sm,calc(var(--spacing)*6))] @w-lg\/main:[--thread-content-margin:var(--thread-content-margin-lg,calc(var(--spacing)*16))] px-(--thread-content-margin)\">\n<div class=\"[--thread-content-max-width:40rem] @w-lg\/main:[--thread-content-max-width:48rem] mx-auto max-w-(--thread-content-max-width) flex-1 group\/turn-messages focus-visible:outline-hidden relative flex w-full min-w-0 flex-col agent-turn\" tabindex=\"-1\">\n<div class=\"flex max-w-full flex-col gap-4 grow\">\n<div class=\"min-h-8 text-message relative flex w-full flex-col items-end gap-2 text-start break-words whitespace-normal [.text-message+&amp;]:mt-1\" dir=\"auto\" data-message-author-role=\"assistant\" data-message-id=\"ed0d4022-cf12-4c88-b976-f4d035ee0323\" data-message-model-slug=\"gpt-5-3\">\n<div class=\"flex w-full flex-col gap-1 empty:hidden\">\n<div class=\"markdown prose dark:prose-invert w-full wrap-break-word light markdown-new-styling\">\n<p data-start=\"0\" data-end=\"19\"><strong data-start=\"0\" data-end=\"19\">Caract\u00e9ristiques<\/strong><\/p>\n<ul data-start=\"21\" data-end=\"266\">\n<li data-section-id=\"1nihh14\" data-start=\"21\" data-end=\"57\">\n<p data-start=\"23\" data-end=\"57\">Capuche avec visi\u00e8re r\u00e9glable<\/p>\n<\/li>\n<li data-section-id=\"j0d6n0\" data-start=\"58\" data-end=\"79\">\n<p data-start=\"60\" data-end=\"79\">Logos r\u00e9fl\u00e9chissants<\/p>\n<\/li>\n<li data-section-id=\"eaoyi0\" data-start=\"80\" data-end=\"121\">\n<p data-start=\"82\" data-end=\"121\">Poches pour les mains avec fermetures \u00e9clair invisibles<\/p>\n<\/li>\n<li data-section-id=\"1p3zejq\" data-start=\"122\" data-end=\"187\">\n<p data-start=\"124\" data-end=\"187\">Fermeture \u00e9clair frontale enti\u00e8rement s\u00e9parable avec patte de protection<\/p>\n<\/li>\n<li data-section-id=\"1udjq6e\" data-start=\"188\" data-end=\"229\">\n<p data-start=\"190\" data-end=\"229\">Coutures plates contrast\u00e9es<\/p>\n<\/li>\n<li data-section-id=\"nme9hw\" data-start=\"230\" data-end=\"266\">\n<p data-start=\"232\" data-end=\"266\">Bas et poignets avec bord \u00e9lastique<\/p>\n<\/li>\n<\/ul>\n<p data-start=\"268\" data-end=\"283\"><strong data-start=\"268\" data-end=\"283\">Description<\/strong><\/p>\n<p data-start=\"285\" data-end=\"542\">Cette veste repr\u00e9sente parfaitement le concept <strong data-start=\"337\" data-end=\"353\">Fast &amp; Light<\/strong> : un v\u00eatement <strong data-start=\"363\" data-end=\"406\">hybride, hautement technique et performant<\/strong>, id\u00e9al pour la randonn\u00e9e \u00e0 haute intensit\u00e9. Aux performances techniques s\u2019ajoute un design moderne et dynamique, au look sportif et affirm\u00e9. <\/p>\n<p data-start=\"544\" data-end=\"896\">La construction est <strong data-start=\"561\" data-end=\"571\">hybride<\/strong>, con\u00e7ue pour optimiser protection et respirabilit\u00e9. Le tissu ext\u00e9rieur est r\u00e9alis\u00e9 en <strong data-start=\"662\" data-end=\"686\">nylon Pertex Quantum<\/strong>, extr\u00eamement l\u00e9ger et hydrofuge, tandis que dans les zones n\u00e9cessitant une meilleure ventilation ont \u00e9t\u00e9 ins\u00e9r\u00e9s des panneaux en <strong data-start=\"816\" data-end=\"843\">polaire High Performance<\/strong>, qui am\u00e9liorent la transpiration pendant l\u2019activit\u00e9. <\/p>\n<p data-start=\"898\" data-end=\"1201\">\u00c0 l\u2019int\u00e9rieur se trouve l\u2019innovant <strong data-start=\"934\" data-end=\"964\">rembourrage Polartec Alpha<\/strong>, une structure souple sans doublure qui peut \u00eatre directement au contact de la peau. Sa trame discontinue particuli\u00e8re favorise la <strong data-start=\"1106\" data-end=\"1141\">dispersion rapide de l\u2019humidit\u00e9<\/strong>, maintenant le corps au sec m\u00eame pendant les efforts intenses. <\/p>\n<p data-start=\"1203\" data-end=\"1387\" data-is-last-node=\"\" data-is-only-node=\"\">La combinaison de ces mat\u00e9riaux garantit <strong data-start=\"1250\" data-end=\"1293\">protection, l\u00e9g\u00e8ret\u00e9 et respirabilit\u00e9<\/strong>, rendant cette veste id\u00e9ale pour une approche athl\u00e9tique de la montagne dans diverses conditions.<\/p>\n<\/div>\n<\/div>\n<\/div>\n<\/div>\n<div class=\"mt-3 w-full empty:hidden\">\n<div class=\"text-center\">\n<div class=\"flex flex-col text-sm pb-25\">\n<article class=\"text-token-text-primary w-full focus:outline-none [--shadow-height:45px] has-data-writing-block:pointer-events-none has-data-writing-block:-mt-(--shadow-height) has-data-writing-block:pt-(--shadow-height) [&amp;:has([data-writing-block])&gt;*]:pointer-events-auto scroll-mt-[calc(var(--header-height)+min(200px,max(70px,20svh)))]\" dir=\"auto\" tabindex=\"-1\" data-turn-id=\"request-WEB:1bed4a84-83c6-41f3-9b56-1bead705c779-2\" data-testid=\"conversation-turn-6\" data-scroll-anchor=\"true\" data-turn=\"assistant\">\n<div class=\"text-base my-auto mx-auto pb-10 [--thread-content-margin:var(--thread-content-margin-xs,calc(var(--spacing)*4))] @w-sm\/main:[--thread-content-margin:var(--thread-content-margin-sm,calc(var(--spacing)*6))] @w-lg\/main:[--thread-content-margin:var(--thread-content-margin-lg,calc(var(--spacing)*16))] px-(--thread-content-margin)\">\n<div class=\"[--thread-content-max-width:40rem] @w-lg\/main:[--thread-content-max-width:48rem] mx-auto max-w-(--thread-content-max-width) flex-1 group\/turn-messages focus-visible:outline-hidden relative flex w-full min-w-0 flex-col agent-turn\" tabindex=\"-1\">\n<div class=\"mt-3 w-full empty:hidden\">\n<div class=\"text-center\"><\/div>\n<\/div>\n<\/div>\n<\/div>\n<\/article>\n<\/div>\n<div class=\"pointer-events-none h-px w-px absolute bottom-0\" aria-hidden=\"true\" data-edge=\"true\"><\/div>\n<\/div>\n<\/div>\n<\/div>\n<\/div>\n<\/article>\n<\/div>\n<div class=\"pointer-events-none h-px w-px absolute bottom-0\" aria-hidden=\"true\" data-edge=\"true\"><\/div>\n","protected":false},"excerpt":{"rendered":"<p>Caract\u00e9ristiques Capuche avec visi\u00e8re r\u00e9glable Logos r\u00e9fl\u00e9chissants Poches pour les mains avec fermetures \u00e9clair invisibles Fermeture \u00e9clair frontale enti\u00e8rement s\u00e9parable<\/p>\n","protected":false},"featured_media":804622,"template":"","meta":{"_seopress_robots_primary_cat":"none","_seopress_titles_title":"","_seopress_titles_desc":"","_seopress_robots_index":""},"product_brand":[3616],"product_cat":[81,981,1387],"product_tag":[],"class_list":{"0":"post-804588","1":"product","2":"type-product","3":"status-publish","4":"has-post-thumbnail","6":"product_brand-crazy-fr","7":"product_cat-vetements","8":"product_cat-vetements-de-loisirs","9":"product_cat-vetements-pour-femmes","10":"sws-gruppo-abb-libero-fr","11":"sws-conto-ricavi-merci-rivendita-abbigliamento-fr","12":"sws-gruppo-iva-iva81-fr","14":"first","15":"instock","16":"shipping-taxable","17":"product-type-variable","18":"has-default-attributes"},"_links":{"self":[{"href":"https:\/\/lucacastelli.com\/fr\/wp-json\/wp\/v2\/product\/804588","targetHints":{"allow":["GET"]}}],"collection":[{"href":"https:\/\/lucacastelli.com\/fr\/wp-json\/wp\/v2\/product"}],"about":[{"href":"https:\/\/lucacastelli.com\/fr\/wp-json\/wp\/v2\/types\/product"}],"wp:featuredmedia":[{"embeddable":true,"href":"https:\/\/lucacastelli.com\/fr\/wp-json\/wp\/v2\/media\/804622"}],"wp:attachment":[{"href":"https:\/\/lucacastelli.com\/fr\/wp-json\/wp\/v2\/media?parent=804588"}],"wp:term":[{"taxonomy":"product_brand","embeddable":true,"href":"https:\/\/lucacastelli.com\/fr\/wp-json\/wp\/v2\/product_brand?post=804588"},{"taxonomy":"product_cat","embeddable":true,"href":"https:\/\/lucacastelli.com\/fr\/wp-json\/wp\/v2\/product_cat?post=804588"},{"taxonomy":"product_tag","embeddable":true,"href":"https:\/\/lucacastelli.com\/fr\/wp-json\/wp\/v2\/product_tag?post=804588"}],"curies":[{"name":"wp","href":"https:\/\/api.w.org\/{rel}","templated":true}]}}