{"id":804364,"date":"2026-03-16T15:11:13","date_gmt":"2026-03-16T14:11:13","guid":{"rendered":"https:\/\/lucacastelli.com\/?post_type=product&#038;p=804364"},"modified":"2026-03-16T16:37:16","modified_gmt":"2026-03-16T15:37:16","slug":"pfanner-ventilation-pantalon-de-protection-rouge-copia-copia-copia-copia-copia","status":"publish","type":"product","link":"https:\/\/lucacastelli.com\/fr\/produit\/pfanner-ventilation-pantalon-de-protection-rouge-copia-copia-copia-copia-copia\/","title":{"rendered":"PFANNER Pantalon de protection ventil\u00e9 noir-rose"},"content":{"rendered":"<p>Le pantalon l\u00e9ger anti-coupure avec ventilation de type A offre des performances optimales dans toutes les conditions climatiques, du froid humide au chaud sec, gr\u00e2ce au r\u00e9gulateur KlimaAIR\u00ae. La protection anti-coupure Avertic Engtex Pro de classe 1 (20 m\/s) garantit une s\u00e9curit\u00e9 maximale et un confort optimal pour celui qui porte le pantalon. Le tissu ext\u00e9rieur Gladiator\u00ae r\u00e9sistant aux d\u00e9chirures sur la partie avant et inf\u00e9rieure garantit la durabilit\u00e9 du pantalon anti-coupure ventil\u00e9. La version orange satisfait en outre \u00e0 la classe de haute visibilit\u00e9 EN 20471 Classe 2.<br \/>\n-La version l\u00e9g\u00e8re pour tous les usages<br \/>\n-Thermor\u00e9gulateur KlimaAIR\u00ae dans la zone de la ceinture<br \/>\n-Technologie StretchAIR\u00ae<br \/>\n-Gu\u00eatres amovibles<br \/>\n-Tissu ext\u00e9rieur Gladiator\u00ae r\u00e9sistant aux d\u00e9chirures<br \/>\n-Renfort pr\u00e9form\u00e9 sur les genoux<br \/>\n-Doublure int\u00e9rieure en fibre technique<br \/>\n-Protection anti-coupure Dyneema Classe 1<br \/>\n-Bandes r\u00e9fl\u00e9chissantes<br \/>\n-Version orange : EN 20471 Classe 2   <\/p>\n<p>&nbsp;<\/p>\n<p>Mat\u00e9riau :<br \/>\nPartie avant : 100 % polyamide Gladiator\u00ae<br \/>\nTissu extensible : 92 % polyamide, 8 % \u00e9lasthanne<br \/>\nTissu extensible orange : 83 % EME-Lycra, 17 % polyester T-400<br \/>\nDoublure : 100 % polyester Cocona<br \/>\nProtection anti-coupure : Avertic Engtex Pro+ (Classe 1, 20 m\/s)<br \/>\nNormes :<br \/>\nEN 11393-2 Classe 1 \/ Type A<br \/>\nEN 20471 Classe 2 (uniquement version orange)<\/p>\n<p>&nbsp;<\/p>\n<p>&nbsp;<\/p>\n","protected":false},"excerpt":{"rendered":"<p>Le pantalon l\u00e9ger anti-coupure avec ventilation de type A offre des performances optimales dans toutes les conditions climatiques, du froid<\/p>\n","protected":false},"featured_media":804544,"template":"","meta":{"_seopress_robots_primary_cat":"none","_seopress_titles_title":"","_seopress_titles_desc":"","_seopress_robots_index":""},"product_brand":[3669],"product_cat":[81,1381],"product_tag":[],"class_list":{"0":"post-804364","1":"product","2":"type-product","3":"status-publish","4":"has-post-thumbnail","6":"product_brand-pfanner-fr","7":"product_cat-vetements","8":"product_cat-vetements-de-travail","9":"sws-gruppo-abb-libero-fr","10":"sws-conto-ricavi-merci-rivendita-abbigliamento-fr","11":"sws-gruppo-iva-iva81-fr","13":"first","14":"instock","15":"shipping-taxable","16":"purchasable","17":"product-type-variable","18":"has-default-attributes"},"_links":{"self":[{"href":"https:\/\/lucacastelli.com\/fr\/wp-json\/wp\/v2\/product\/804364","targetHints":{"allow":["GET"]}}],"collection":[{"href":"https:\/\/lucacastelli.com\/fr\/wp-json\/wp\/v2\/product"}],"about":[{"href":"https:\/\/lucacastelli.com\/fr\/wp-json\/wp\/v2\/types\/product"}],"wp:featuredmedia":[{"embeddable":true,"href":"https:\/\/lucacastelli.com\/fr\/wp-json\/wp\/v2\/media\/804544"}],"wp:attachment":[{"href":"https:\/\/lucacastelli.com\/fr\/wp-json\/wp\/v2\/media?parent=804364"}],"wp:term":[{"taxonomy":"product_brand","embeddable":true,"href":"https:\/\/lucacastelli.com\/fr\/wp-json\/wp\/v2\/product_brand?post=804364"},{"taxonomy":"product_cat","embeddable":true,"href":"https:\/\/lucacastelli.com\/fr\/wp-json\/wp\/v2\/product_cat?post=804364"},{"taxonomy":"product_tag","embeddable":true,"href":"https:\/\/lucacastelli.com\/fr\/wp-json\/wp\/v2\/product_tag?post=804364"}],"curies":[{"name":"wp","href":"https:\/\/api.w.org\/{rel}","templated":true}]}}