{"id":803822,"date":"2026-03-16T14:08:27","date_gmt":"2026-03-16T13:08:27","guid":{"rendered":"https:\/\/lucacastelli.com\/?post_type=product&#038;p=803822"},"modified":"2026-03-16T16:32:53","modified_gmt":"2026-03-16T15:32:53","slug":"pfanner-ventilation-pantalon-de-protection-rouge-copia-copia-copia","status":"publish","type":"product","link":"https:\/\/lucacastelli.com\/fr\/produit\/pfanner-ventilation-pantalon-de-protection-rouge-copia-copia-copia\/","title":{"rendered":"Pantalon de protection PFANNER Ventilation noir"},"content":{"rendered":"<p>Ce pantalon anticoupure l\u00e9ger avec ventilation de type A offre des performances optimales dans toutes les conditions climatiques, du froid humide au chaud sec, gr\u00e2ce au r\u00e9gulateur KlimaAIR\u2019. La protection anticoupure Avertic Engtex Pro de classe 1 (20 m\/s) garantit une s\u00e9curit\u00e9 maximale et un confort optimal. Le tissu ext\u00e9rieur Gladiator\u2019 r\u00e9sistant aux d\u00e9chirures sur le devant et le bas assure la durabilit\u00e9 du pantalon. La version orange r\u00e9pond \u00e9galement \u00e0 la norme de haute visibilit\u00e9 EN 20471 Classe 2.<br \/>\n&#8211; La version l\u00e9g\u00e8re pour chaque utilisation<br \/>\n&#8211; Thermor\u00e9gulateur KlimaAIR\u2019 au niveau de la ceinture<br \/>\n&#8211; Technologie StretchAIR\u2019<br \/>\n&#8211; Gu\u00eatres amovibles<br \/>\n&#8211; Tissu ext\u00e9rieur Gladiator\u2019 r\u00e9sistant aux d\u00e9chirures<br \/>\n&#8211; Renfort pr\u00e9form\u00e9 aux genoux<br \/>\n&#8211; Doublure int\u00e9rieure en fibre technique<br \/>\n&#8211; Protection anticoupure Dyneema Classe 1<br \/>\n&#8211; Bandes r\u00e9fl\u00e9chissantes<br \/>\n&#8211; Version orange : EN 20471 Classe 2   <\/p>\n<p>&nbsp;<\/p>\n<p>Mat\u00e9riau :<br \/>\nFace avant : 100 % polyamide Gladiator\u2019<br \/>\nTissu extensible : 92 % polyamide, 8 % \u00e9lasthanne<br \/>\nTissu extensible orange : 83 % EME-Lycra, 17 % polyester T-400<br \/>\nDoublure : 100 % polyester Cocona<br \/>\nProtection anticoupure : Avertic Engtex Pro+ (Classe 1, 20 m\/s)<br \/>\nNormes :<br \/>\nEN 11393-2 Classe 1 \/ Type A<br \/>\nEN 20471 Classe 2 (uniquement version orange)<\/p>\n<p>&nbsp;<\/p>\n<p>&nbsp;<\/p>\n","protected":false},"excerpt":{"rendered":"<p>Ce pantalon anticoupure l\u00e9ger avec ventilation de type A offre des performances optimales dans toutes les conditions climatiques, du froid<\/p>\n","protected":false},"featured_media":804002,"template":"","meta":{"_seopress_robots_primary_cat":"none","_seopress_titles_title":"","_seopress_titles_desc":"","_seopress_robots_index":""},"product_brand":[3458],"product_cat":[21,284],"product_tag":[],"class_list":{"0":"post-803822","1":"product","2":"type-product","3":"status-publish","4":"has-post-thumbnail","6":"product_brand-pfanner","7":"product_cat-abbigliamento","8":"product_cat-abbigliamento-da-lavoro","9":"sws-gruppo-abb-libero-fr","10":"sws-conto-ricavi-merci-rivendita-abbigliamento-fr","11":"sws-gruppo-iva-iva81-fr","13":"first","14":"instock","15":"shipping-taxable","16":"purchasable","17":"product-type-variable","18":"has-default-attributes"},"_links":{"self":[{"href":"https:\/\/lucacastelli.com\/fr\/wp-json\/wp\/v2\/product\/803822","targetHints":{"allow":["GET"]}}],"collection":[{"href":"https:\/\/lucacastelli.com\/fr\/wp-json\/wp\/v2\/product"}],"about":[{"href":"https:\/\/lucacastelli.com\/fr\/wp-json\/wp\/v2\/types\/product"}],"wp:featuredmedia":[{"embeddable":true,"href":"https:\/\/lucacastelli.com\/fr\/wp-json\/wp\/v2\/media\/804002"}],"wp:attachment":[{"href":"https:\/\/lucacastelli.com\/fr\/wp-json\/wp\/v2\/media?parent=803822"}],"wp:term":[{"taxonomy":"product_brand","embeddable":true,"href":"https:\/\/lucacastelli.com\/fr\/wp-json\/wp\/v2\/product_brand?post=803822"},{"taxonomy":"product_cat","embeddable":true,"href":"https:\/\/lucacastelli.com\/fr\/wp-json\/wp\/v2\/product_cat?post=803822"},{"taxonomy":"product_tag","embeddable":true,"href":"https:\/\/lucacastelli.com\/fr\/wp-json\/wp\/v2\/product_tag?post=803822"}],"curies":[{"name":"wp","href":"https:\/\/api.w.org\/{rel}","templated":true}]}}