{"id":801814,"date":"2026-03-15T15:57:31","date_gmt":"2026-03-15T14:57:31","guid":{"rendered":"https:\/\/lucacastelli.com\/prodotto\/haix-fire-hero-3-1\/"},"modified":"2026-03-15T15:57:31","modified_gmt":"2026-03-15T14:57:31","slug":"haix-fire-hero-3-1","status":"publish","type":"product","link":"https:\/\/lucacastelli.com\/fr\/produit\/haix-fire-hero-3-1\/","title":{"rendered":"HAIX FIRE HERO 3.1"},"content":{"rendered":"<p>Dessus: cuir imperm\u00e9able, hydrophobe, respirant. Protection anti-coupure: classe 2 (24m\/s, vitesse de cha\u00eene). Doublure int\u00e9rieure: technologie de lamin\u00e9 CROSSTECH; imperm\u00e9able et respirante. Tissu de doublure r\u00e9sistant \u00e0 labrasion avec un confort climatique optimal pour toutes les saisons, particuli\u00e8rement pour une utilisation flexible alternant int\u00e9rieur et ext\u00e9rieur. Excellente protection contre la p\u00e9n\u00e9tration de sang et dautres fluides corporels (protection contre les virus et bact\u00e9ries qui en r\u00e9sultent). Protection chimique accrue. Syst\u00e8me HAIX HD Cap: embout en TPU avec profil sp\u00e9cial pour une dur\u00e9e de vie prolong\u00e9e. Semelle premi\u00e8re en non-tiss\u00e9: semelle absorbant lhumidit\u00e9. Embout de protection HAIX Composite: embout de protection de forme anatomique, ultra-l\u00e9ger, en plastique renforc\u00e9 de fibres pour les exigences de s\u00e9curit\u00e9 les plus \u00e9lev\u00e9es. Semelle int\u00e9rieure: confortable, amortissante, \u00e9vacuant lhumidit\u00e9. Une coque de talon s\u00e9par\u00e9e assure un bon amorti et un bon guidage du pied. Canaux AIRFLOW, marquage Perfect-Fit pour une v\u00e9rification optimale de la pointure correcte. Semelle anti-perforation: insert de semelle m\u00e9tallique flexible, l\u00e9ger et r\u00e9sistant \u00e0 la perforation. Semelle: semelle en caoutchouc \u00e0 profil extr\u00eamement antid\u00e9rapant. Optimis\u00e9e pour les interventions dans leau. R\u00e9pond aux exigences les plus \u00e9lev\u00e9es de la norme EN 15090:2012 + SRC. Syst\u00e8me HAIX Climate: utilise le mouvement de pompage g\u00e9n\u00e9r\u00e9 lors de la marche et transporte lhumidit\u00e9 vers les ouvertures de ventilation sur la tige et la languette. Syst\u00e8me HAIX MSL: MicroSoftLight: tr\u00e8s bon amorti, gain de poids extr\u00eame gr\u00e2ce \u00e0 la mousse PU dans toute la zone de la semelle, ainsi quune bonne isolation contre le froid et la chaleur. Syst\u00e8me HAIX Vario Wide Fit: gr\u00e2ce \u00e0 3 semelles int\u00e9rieures diff\u00e9rentes, la largeur de la chaussure peut \u00eatre ajust\u00e9e individuellement. La semelle rouge (medium) est livr\u00e9e avec la chaussure. Les semelles jaune (wide) et bleue (narrow) doivent \u00eatre command\u00e9es s\u00e9par\u00e9ment. Syst\u00e8me HAIX Fast Lacing Fit: syst\u00e8me de la\u00e7age brevet\u00e9 \u00e0 deux zones pour un ajustement et une tenue rapides et optimaux de la botte. Le protecteur de cou-de-pied int\u00e9gr\u00e9 offre une protection suppl\u00e9mentaire. Syst\u00e8me HAIX 3Z Protector: des protecteurs de s\u00e9curit\u00e9 prot\u00e8gent contre les blessures au niveau du tibia, du cou-de-pied et de la cheville. Sun Reflect: r\u00e9duit leffet d\u00e9chauffement du cuir sup\u00e9rieur d\u00fb au rayonnement solaire. La lumi\u00e8re du soleil est r\u00e9fl\u00e9chie par le cuir, ce qui conduit moins de chaleur vers le pied. Syst\u00e8me HAIX Identification: champ nominatif pour le marquage des bottes. Divers: bandes r\u00e9fl\u00e9chissantes lat\u00e9rales, boucles denfilage, Boot Jack, RFID Ready                          <\/p>\n<p>La chaussure de pompier la plus s\u00fbre au monde: votre Fire Hero 3.0 fiable<\/p>\n<p>Syst\u00e8me RAPIDFIT<br \/>\nCuir<br \/>\nImperm\u00e9able gr\u00e2ce au CROSSTECH\u00ae<\/p>\n","protected":false},"excerpt":{"rendered":"<p>Dessus: cuir imperm\u00e9able, hydrophobe, respirant. Protection anti-coupure: classe 2 (24m\/s, vitesse de cha\u00eene). Doublure int\u00e9rieure: technologie de lamin\u00e9 CROSSTECH; imperm\u00e9able<\/p>\n","protected":false},"featured_media":792545,"template":"","meta":{"_seopress_robots_primary_cat":"","_seopress_titles_title":"","_seopress_titles_desc":"","_seopress_robots_index":""},"product_brand":[3638],"product_cat":[173,1423],"product_tag":[],"class_list":{"0":"post-801814","1":"product","2":"type-product","3":"status-publish","4":"has-post-thumbnail","6":"product_brand-haix-fr","7":"product_cat-chaussures","8":"product_cat-chaussures-de-travail","9":"sws-gruppo-abb-libero-fr","10":"sws-conto-ricavi-merci-rivendita-abbigliamento-fr","11":"sws-gruppo-iva-iva81-fr","13":"first","14":"instock","15":"shipping-taxable","16":"purchasable","17":"product-type-variable","18":"has-default-attributes"},"_links":{"self":[{"href":"https:\/\/lucacastelli.com\/fr\/wp-json\/wp\/v2\/product\/801814","targetHints":{"allow":["GET"]}}],"collection":[{"href":"https:\/\/lucacastelli.com\/fr\/wp-json\/wp\/v2\/product"}],"about":[{"href":"https:\/\/lucacastelli.com\/fr\/wp-json\/wp\/v2\/types\/product"}],"wp:featuredmedia":[{"embeddable":true,"href":"https:\/\/lucacastelli.com\/fr\/wp-json\/wp\/v2\/media\/792545"}],"wp:attachment":[{"href":"https:\/\/lucacastelli.com\/fr\/wp-json\/wp\/v2\/media?parent=801814"}],"wp:term":[{"taxonomy":"product_brand","embeddable":true,"href":"https:\/\/lucacastelli.com\/fr\/wp-json\/wp\/v2\/product_brand?post=801814"},{"taxonomy":"product_cat","embeddable":true,"href":"https:\/\/lucacastelli.com\/fr\/wp-json\/wp\/v2\/product_cat?post=801814"},{"taxonomy":"product_tag","embeddable":true,"href":"https:\/\/lucacastelli.com\/fr\/wp-json\/wp\/v2\/product_tag?post=801814"}],"curies":[{"name":"wp","href":"https:\/\/api.w.org\/{rel}","templated":true}]}}