{"id":801742,"date":"2026-03-15T09:05:22","date_gmt":"2026-03-15T08:05:22","guid":{"rendered":"https:\/\/lucacastelli.com\/prodotto\/haix-black-eagle-safety-610-v-gtx-black\/"},"modified":"2026-03-15T09:05:22","modified_gmt":"2026-03-15T08:05:22","slug":"haix-black-eagle-safety-610-v-gtx-black","status":"publish","type":"product","link":"https:\/\/lucacastelli.com\/fr\/produit\/haix-black-eagle-safety-610-v-gtx-black\/","title":{"rendered":"HAIX BLACK EAGLE Safety 610 V GTX black"},"content":{"rendered":"<p>Mat\u00e9riau ext\u00e9rieur: cuir velours, hydrophobe, respirant, \u00e9paisseur du cuir 2,0-2,2 mm. Doublure int\u00e9rieure: GORE-TEX, imperm\u00e9able, hautement respirante, doublure r\u00e9sistante \u00e0 labrasion, confort climatique \u00e9lev\u00e9, particuli\u00e8rement pour une utilisation altern\u00e9e flexible \u00e0 lint\u00e9rieur et \u00e0 lext\u00e9rieur et par temp\u00e9ratures chaudes. Semelle int\u00e9rieure: confortable, amortissante, \u00e9vacuant lhumidit\u00e9, coque de talon s\u00e9par\u00e9e assurant un bon amorti et un bon guidage du pied, canaux AIRFLOW, marquage Perfect-Fit pour une v\u00e9rification optimale de la pointure correcte. XLR8: technologies XLR8 pour augmenter la performance, le contr\u00f4le et lendurance. Reforce g\u00e9n\u00e8re un mouvement de rotation cibl\u00e9 du calcan\u00e9um et redresse ainsi la vo\u00fbte plantaire. Le contrefort adaptatif sadapte avec le temps \u00e0 la forme individuelle du calcan\u00e9um et relie celui-ci de mani\u00e8re id\u00e9ale \u00e0 la chaussure. Lors de lappui, la chaussure est ainsi contr\u00f4l\u00e9e par le calcan\u00e9um. La suspension \u00e9quilibr\u00e9e absorbe limpact, emmagasine l\u00e9nergie et la restitue de mani\u00e8re cibl\u00e9e lors de la pouss\u00e9e. La forme ergonomique permet au pied de se d\u00e9velopper naturellement et librement tout en \u00e9tant guid\u00e9 de mani\u00e8re optimale par la chaussure.        Semelle de propret\u00e9: ultra l\u00e9g\u00e8re, souple, amortissante, avec rev\u00eatement en microfibre r\u00e9sistant \u00e0 labrasion et absorbant lhumidit\u00e9. Protection anti-perforation: insert de semelle flexible, l\u00e9ger, sans m\u00e9tal et r\u00e9sistant \u00e0 la perforation avec 20% de part recycl\u00e9e. Semelle ext\u00e9rieure: semelle en caoutchouc moderne et l\u00e9g\u00e8re avec profil route\/tout-terrain avec une semelle interm\u00e9diaire en PU offrant de bonnes propri\u00e9t\u00e9s damorti, dexcellentes caract\u00e9ristiques de marche et une tr\u00e8s bonne isolation contre la chaleur et le froid. La semelle en caoutchouc est antid\u00e9rapante, r\u00e9sistante \u00e0 labrasion, non marquante, antistatique et r\u00e9sistante aux hydrocarbures. ESD: chaussures \u00e0 dissipation \u00e9lectrostatique test\u00e9es selon EN IEC 61340-4-3:2018, EN IEC 61340-5-1:2016. Embout de protection: embout de protection de forme anatomique, ultra l\u00e9ger, en plastique renforc\u00e9 de fibres de verre pour les exigences de s\u00e9curit\u00e9 les plus \u00e9lev\u00e9es. Syst\u00e8me HAIX CO: soulagement de la pression, amorti, correction de la position du pied, redressement du corps, \u00e9quilibre musculaire. HAIX Smart Lacing: ajustement fluide et sans pression de la chaussure au pied, fermeture rapide et poche pour lacets. Syst\u00e8me HAIX Vario Wide Fit: gr\u00e2ce \u00e0 3 semelles int\u00e9rieures diff\u00e9rentes, la largeur de la chaussure peut \u00eatre ajust\u00e9e individuellement; la semelle rouge (medium) est livr\u00e9e avec la chaussure, les semelles jaune (wide) et bleue (narrow) doivent \u00eatre command\u00e9es s\u00e9par\u00e9ment. Syst\u00e8me HAIX Climate: le syst\u00e8me HAIX Climate utilise le mouvement de pompage qui se produit lors de la marche et transporte lhumidit\u00e9 vers lext\u00e9rieur via la doublure Micro-Dry en haut de la tige. Divers: surbout en TPU r\u00e9sistant \u00e0 labrasion, boucle denfilage, certifi\u00e9 pour semelles orthop\u00e9diques.          <\/p>\n<p>Performant du matin au soir avec le mod\u00e8le polyvalent montant \u00e0 doublure textile<\/p>\n<p>La\u00e7age classique<br \/>\ncuir velours<br \/>\nimperm\u00e9able gr\u00e2ce au GORE-TEX\u00ae<\/p>\n","protected":false},"excerpt":{"rendered":"<p>Mat\u00e9riau ext\u00e9rieur: cuir velours, hydrophobe, respirant, \u00e9paisseur du cuir 2,0-2,2 mm. Doublure int\u00e9rieure: GORE-TEX, imperm\u00e9able, hautement respirante, doublure r\u00e9sistante \u00e0<\/p>\n","protected":false},"featured_media":792565,"template":"","meta":{"_seopress_robots_primary_cat":"","_seopress_titles_title":"","_seopress_titles_desc":"","_seopress_robots_index":""},"product_brand":[3638],"product_cat":[173,1423],"product_tag":[],"class_list":{"0":"post-801742","1":"product","2":"type-product","3":"status-publish","4":"has-post-thumbnail","6":"product_brand-haix-fr","7":"product_cat-chaussures","8":"product_cat-chaussures-de-travail","9":"sws-gruppo-abb-libero-fr","10":"sws-conto-ricavi-merci-rivendita-abbigliamento-fr","11":"sws-gruppo-iva-iva81-fr","13":"first","14":"instock","15":"shipping-taxable","16":"purchasable","17":"product-type-variable","18":"has-default-attributes"},"_links":{"self":[{"href":"https:\/\/lucacastelli.com\/fr\/wp-json\/wp\/v2\/product\/801742","targetHints":{"allow":["GET"]}}],"collection":[{"href":"https:\/\/lucacastelli.com\/fr\/wp-json\/wp\/v2\/product"}],"about":[{"href":"https:\/\/lucacastelli.com\/fr\/wp-json\/wp\/v2\/types\/product"}],"wp:featuredmedia":[{"embeddable":true,"href":"https:\/\/lucacastelli.com\/fr\/wp-json\/wp\/v2\/media\/792565"}],"wp:attachment":[{"href":"https:\/\/lucacastelli.com\/fr\/wp-json\/wp\/v2\/media?parent=801742"}],"wp:term":[{"taxonomy":"product_brand","embeddable":true,"href":"https:\/\/lucacastelli.com\/fr\/wp-json\/wp\/v2\/product_brand?post=801742"},{"taxonomy":"product_cat","embeddable":true,"href":"https:\/\/lucacastelli.com\/fr\/wp-json\/wp\/v2\/product_cat?post=801742"},{"taxonomy":"product_tag","embeddable":true,"href":"https:\/\/lucacastelli.com\/fr\/wp-json\/wp\/v2\/product_tag?post=801742"}],"curies":[{"name":"wp","href":"https:\/\/api.w.org\/{rel}","templated":true}]}}