{"id":801555,"date":"2026-03-15T14:41:39","date_gmt":"2026-03-15T13:41:39","guid":{"rendered":"https:\/\/lucacastelli.com\/prodotto\/robe-crazy-kimera\/"},"modified":"2026-03-15T14:41:39","modified_gmt":"2026-03-15T13:41:39","slug":"robe-crazy-kimera","status":"publish","type":"product","link":"https:\/\/lucacastelli.com\/fr\/produit\/robe-crazy-kimera\/","title":{"rendered":"ROBE CRAZY KIMERA"},"content":{"rendered":"<p data-start=\"119\" data-end=\"237\"><strong data-start=\"119\" data-end=\"130\">CONCEPT<\/strong><br data-start=\"130\" data-end=\"133\">\u2022 Fines bretelles \u00e9lastiques<br data-start=\"164\" data-end=\"167\">\u2022 Soutien-gorge int\u00e9gr\u00e9 avec <strong data-start=\"195\" data-end=\"215\">coques amovibles<\/strong><br data-start=\"215\" data-end=\"218\">\u2022 Imprim\u00e9 all-over<\/p>\n<p data-start=\"239\" data-end=\"444\"><strong data-start=\"239\" data-end=\"263\">DESCRIPTION DU PRODUIT<\/strong><br data-start=\"263\" data-end=\"266\">La <strong data-start=\"269\" data-end=\"285\">Robe Kimera<\/strong> est un v\u00eatement qui allie <strong data-start=\"307\" data-end=\"336\">f\u00e9minit\u00e9 et polyvalence<\/strong>, parfaite pour vous accompagner lors des journ\u00e9es les plus chaudes, que ce soit \u00e0 la mer ou pendant vos loisirs en plein air.<\/p>\n<p data-start=\"446\" data-end=\"647\">La jupe est r\u00e9alis\u00e9e en <strong data-start=\"471\" data-end=\"515\">microfibre fra\u00eeche, l\u00e9g\u00e8re et respirante<\/strong>, trait\u00e9e avec la technologie <strong data-start=\"541\" data-end=\"554\">Rapid Dry<\/strong>, qui favorise un s\u00e9chage rapide et garantit un confort optimal m\u00eame lors des journ\u00e9es les plus chaudes.<\/p>\n<p data-start=\"649\" data-end=\"823\">Les <strong data-start=\"652\" data-end=\"685\">fines bretelles \u00e9lastiques<\/strong> offrent une coupe l\u00e9g\u00e8re et confortable, tandis que le <strong data-start=\"744\" data-end=\"790\">soutien-gorge int\u00e9gr\u00e9 avec coques amovibles<\/strong> assure maintien et praticit\u00e9.<\/p>\n<p data-start=\"825\" data-end=\"946\" data-is-last-node=\"\" data-is-only-node=\"\">Une robe d\u2019\u00e9t\u00e9 <strong data-start=\"841\" data-end=\"886\">l\u00e9g\u00e8re, fonctionnelle et au style moderne<\/strong>, id\u00e9ale pour vivre chaque moment de la journ\u00e9e avec confort.<\/p>\n","protected":false},"excerpt":{"rendered":"<p>CONCEPT\u2022 Fines bretelles \u00e9lastiques\u2022 Soutien-gorge int\u00e9gr\u00e9 avec coques amovibles\u2022 Imprim\u00e9 all-over DESCRIPTION DU PRODUITLa Robe Kimera est un v\u00eatement qui<\/p>\n","protected":false},"featured_media":801556,"template":"","meta":{"_seopress_robots_primary_cat":"none","_seopress_titles_title":"","_seopress_titles_desc":"","_seopress_robots_index":""},"product_brand":[3616],"product_cat":[81,981,1387],"product_tag":[],"class_list":{"0":"post-801555","1":"product","2":"type-product","3":"status-publish","4":"has-post-thumbnail","6":"product_brand-crazy-fr","7":"product_cat-vetements","8":"product_cat-vetements-de-loisirs","9":"product_cat-vetements-pour-femmes","10":"sws-gruppo-abb-libero-fr","11":"sws-conto-ricavi-merci-rivendita-abbigliamento-fr","12":"sws-gruppo-iva-iva81-fr","14":"first","15":"instock","16":"sale","17":"shipping-taxable","18":"product-type-variable","19":"has-default-attributes"},"_links":{"self":[{"href":"https:\/\/lucacastelli.com\/fr\/wp-json\/wp\/v2\/product\/801555","targetHints":{"allow":["GET"]}}],"collection":[{"href":"https:\/\/lucacastelli.com\/fr\/wp-json\/wp\/v2\/product"}],"about":[{"href":"https:\/\/lucacastelli.com\/fr\/wp-json\/wp\/v2\/types\/product"}],"wp:featuredmedia":[{"embeddable":true,"href":"https:\/\/lucacastelli.com\/fr\/wp-json\/wp\/v2\/media\/801556"}],"wp:attachment":[{"href":"https:\/\/lucacastelli.com\/fr\/wp-json\/wp\/v2\/media?parent=801555"}],"wp:term":[{"taxonomy":"product_brand","embeddable":true,"href":"https:\/\/lucacastelli.com\/fr\/wp-json\/wp\/v2\/product_brand?post=801555"},{"taxonomy":"product_cat","embeddable":true,"href":"https:\/\/lucacastelli.com\/fr\/wp-json\/wp\/v2\/product_cat?post=801555"},{"taxonomy":"product_tag","embeddable":true,"href":"https:\/\/lucacastelli.com\/fr\/wp-json\/wp\/v2\/product_tag?post=801555"}],"curies":[{"name":"wp","href":"https:\/\/api.w.org\/{rel}","templated":true}]}}