{"id":801508,"date":"2026-03-15T14:21:01","date_gmt":"2026-03-15T13:21:01","guid":{"rendered":"https:\/\/lucacastelli.com\/prodotto\/crazy-shirt-aria\/"},"modified":"2026-03-15T14:21:01","modified_gmt":"2026-03-15T13:21:01","slug":"crazy-shirt-aria","status":"publish","type":"product","link":"https:\/\/lucacastelli.com\/fr\/produit\/crazy-shirt-aria\/","title":{"rendered":"CRAZY SHIRT ARIA"},"content":{"rendered":"<p data-start=\"123\" data-end=\"239\"><strong data-start=\"123\" data-end=\"134\">CONCEPT<\/strong><br data-start=\"134\" data-end=\"137\">\u2022 \u00c9paules tombantes<br data-start=\"151\" data-end=\"154\">\u2022 Fentes lat\u00e9rales<br data-start=\"175\" data-end=\"178\">\u2022 Col dos avec ouverture en <strong data-start=\"212\" data-end=\"217\">V<\/strong><br data-start=\"217\" data-end=\"220\">\u2022 Imprim\u00e9 int\u00e9gral<\/p>\n<p data-start=\"241\" data-end=\"508\"><strong data-start=\"241\" data-end=\"265\">DESCRIPTION DU PRODUIT<\/strong><br data-start=\"265\" data-end=\"268\">La <strong data-start=\"271\" data-end=\"285\">Shirt Aria<\/strong> est une nouvelle proposition de la collection estivale, une pi\u00e8ce qui allie le style d\u2019un t-shirt \u00e0 la l\u00e9g\u00e8ret\u00e9 d\u2019un top. Con\u00e7ue pour celles qui recherchent un look <strong data-start=\"432\" data-end=\"467\">frais, moderne et contemporain<\/strong>, elle est parfaite pour les journ\u00e9es les plus chaudes. <\/p>\n<p data-start=\"510\" data-end=\"647\">R\u00e9alis\u00e9e enti\u00e8rement en <strong data-start=\"536\" data-end=\"555\">chanvre naturel<\/strong>, elle offre <strong data-start=\"563\" data-end=\"603\">fra\u00eecheur, respirabilit\u00e9 et confort<\/strong>, ce qui la rend id\u00e9ale pour l\u2019\u00e9t\u00e9.<\/p>\n<p data-start=\"649\" data-end=\"864\">Le design se distingue par quelques d\u00e9tails qui en d\u00e9finissent le style : <strong data-start=\"721\" data-end=\"737\">\u00e9paules tombantes<\/strong>, <strong data-start=\"739\" data-end=\"762\">fentes lat\u00e9rales<\/strong> et un original <strong data-start=\"778\" data-end=\"815\">col dos avec ouverture en V<\/strong>, qui ajoute mouvement et personnalit\u00e9 \u00e0 la pi\u00e8ce.<\/p>\n<p data-start=\"866\" data-end=\"998\">Polyvalente et facile \u00e0 assortir, elle peut \u00eatre port\u00e9e aussi bien en <strong data-start=\"926\" data-end=\"947\">version sportive<\/strong> qu\u2019en <strong data-start=\"958\" data-end=\"995\">tenue d\u00e9contract\u00e9e pour les loisirs<\/strong>.<\/p>\n<p data-start=\"1000\" data-end=\"1097\" data-is-last-node=\"\" data-is-only-node=\"\">Une pi\u00e8ce essentielle et l\u00e9g\u00e8re, parfaite pour accompagner chaque journ\u00e9e estivale avec style et confort.<\/p>\n","protected":false},"excerpt":{"rendered":"<p>CONCEPT\u2022 \u00c9paules tombantes\u2022 Fentes lat\u00e9rales\u2022 Col dos avec ouverture en V\u2022 Imprim\u00e9 int\u00e9gral DESCRIPTION DU PRODUITLa Shirt Aria est une<\/p>\n","protected":false},"featured_media":801509,"template":"","meta":{"_seopress_robots_primary_cat":"none","_seopress_titles_title":"","_seopress_titles_desc":"","_seopress_robots_index":""},"product_brand":[3616],"product_cat":[81,981,1387],"product_tag":[],"class_list":{"0":"post-801508","1":"product","2":"type-product","3":"status-publish","4":"has-post-thumbnail","6":"product_brand-crazy-fr","7":"product_cat-vetements","8":"product_cat-vetements-de-loisirs","9":"product_cat-vetements-pour-femmes","10":"sws-gruppo-abb-libero-fr","11":"sws-conto-ricavi-merci-rivendita-abbigliamento-fr","12":"sws-gruppo-iva-iva81-fr","14":"first","15":"instock","16":"sale","17":"shipping-taxable","18":"purchasable","19":"product-type-variable","20":"has-default-attributes"},"_links":{"self":[{"href":"https:\/\/lucacastelli.com\/fr\/wp-json\/wp\/v2\/product\/801508","targetHints":{"allow":["GET"]}}],"collection":[{"href":"https:\/\/lucacastelli.com\/fr\/wp-json\/wp\/v2\/product"}],"about":[{"href":"https:\/\/lucacastelli.com\/fr\/wp-json\/wp\/v2\/types\/product"}],"wp:featuredmedia":[{"embeddable":true,"href":"https:\/\/lucacastelli.com\/fr\/wp-json\/wp\/v2\/media\/801509"}],"wp:attachment":[{"href":"https:\/\/lucacastelli.com\/fr\/wp-json\/wp\/v2\/media?parent=801508"}],"wp:term":[{"taxonomy":"product_brand","embeddable":true,"href":"https:\/\/lucacastelli.com\/fr\/wp-json\/wp\/v2\/product_brand?post=801508"},{"taxonomy":"product_cat","embeddable":true,"href":"https:\/\/lucacastelli.com\/fr\/wp-json\/wp\/v2\/product_cat?post=801508"},{"taxonomy":"product_tag","embeddable":true,"href":"https:\/\/lucacastelli.com\/fr\/wp-json\/wp\/v2\/product_tag?post=801508"}],"curies":[{"name":"wp","href":"https:\/\/api.w.org\/{rel}","templated":true}]}}