{"id":801496,"date":"2026-03-15T14:27:23","date_gmt":"2026-03-15T13:27:23","guid":{"rendered":"https:\/\/lucacastelli.com\/prodotto\/crazy-pull-ibex\/"},"modified":"2026-03-15T14:27:23","modified_gmt":"2026-03-15T13:27:23","slug":"crazy-pull-ibex","status":"publish","type":"product","link":"https:\/\/lucacastelli.com\/fr\/produit\/crazy-pull-ibex\/","title":{"rendered":"CRAZY PULL IBEX"},"content":{"rendered":"<p data-start=\"119\" data-end=\"286\"><strong data-start=\"119\" data-end=\"130\">CONCEPT<\/strong><br data-start=\"130\" data-end=\"133\">\u2022 Capuche r\u00e9glable avec <strong data-start=\"160\" data-end=\"180\">cordon \u00e9lastique<\/strong><br data-start=\"180\" data-end=\"183\">\u2022 Passe-pouce aux poignets<br data-start=\"217\" data-end=\"220\">\u2022 Coutures plates en <strong data-start=\"241\" data-end=\"263\">couleur contrast\u00e9e<\/strong><br data-start=\"263\" data-end=\"266\">\u2022 Imprim\u00e9s exclusifs<\/p>\n<p data-start=\"288\" data-end=\"464\"><strong data-start=\"288\" data-end=\"312\">DESCRIPTION PRODUIT<\/strong><br data-start=\"312\" data-end=\"315\">Le <strong data-start=\"318\" data-end=\"331\">Pull Ibex<\/strong> exprime parfaitement le style distinctif de CRAZY, avec des <strong data-start=\"388\" data-end=\"416\">couleurs vives et vibrantes<\/strong> qui rendent le v\u00eatement dynamique et reconnaissable.<\/p>\n<p data-start=\"466\" data-end=\"652\">R\u00e9alis\u00e9 en <strong data-start=\"480\" data-end=\"534\">tissu Devor\u00e9 polyester hautement respirant<\/strong>, il garantit confort et l\u00e9g\u00e8ret\u00e9, id\u00e9al pour le <strong data-start=\"594\" data-end=\"618\">lifestyle quotidien<\/strong> et les activit\u00e9s de loisirs.<\/p>\n<p data-start=\"654\" data-end=\"836\">Le design est enrichi de <strong data-start=\"680\" data-end=\"711\">coutures plates contrast\u00e9es<\/strong>, de <strong data-start=\"713\" data-end=\"736\">passe-pouces<\/strong> et d\u2019une <strong data-start=\"739\" data-end=\"784\">capuche r\u00e9glable avec cordon \u00e9lastique<\/strong>, des d\u00e9tails qui am\u00e9liorent praticit\u00e9 et ajustement.<\/p>\n<p data-start=\"838\" data-end=\"968\">Le <strong data-start=\"841\" data-end=\"862\">bas arrondi<\/strong> augmente non seulement le confort lors de l\u2019utilisation, mais conf\u00e8re \u00e9galement au v\u00eatement un <strong data-start=\"942\" data-end=\"967\">look moderne et soign\u00e9<\/strong>.<\/p>\n","protected":false},"excerpt":{"rendered":"<p>CONCEPT\u2022 Capuche r\u00e9glable avec cordon \u00e9lastique\u2022 Passe-pouce aux poignets\u2022 Coutures plates en couleur contrast\u00e9e\u2022 Imprim\u00e9s exclusifs DESCRIPTION PRODUITLe Pull Ibex<\/p>\n","protected":false},"featured_media":801497,"template":"","meta":{"_seopress_robots_primary_cat":"none","_seopress_titles_title":"","_seopress_titles_desc":"","_seopress_robots_index":""},"product_brand":[3616],"product_cat":[81,981,1387],"product_tag":[],"class_list":{"0":"post-801496","1":"product","2":"type-product","3":"status-publish","4":"has-post-thumbnail","6":"product_brand-crazy-fr","7":"product_cat-vetements","8":"product_cat-vetements-de-loisirs","9":"product_cat-vetements-pour-femmes","10":"sws-gruppo-abb-libero-fr","11":"sws-conto-ricavi-merci-rivendita-abbigliamento-fr","12":"sws-gruppo-iva-iva81-fr","14":"first","15":"instock","16":"sale","17":"shipping-taxable","18":"purchasable","19":"product-type-variable","20":"has-default-attributes"},"_links":{"self":[{"href":"https:\/\/lucacastelli.com\/fr\/wp-json\/wp\/v2\/product\/801496","targetHints":{"allow":["GET"]}}],"collection":[{"href":"https:\/\/lucacastelli.com\/fr\/wp-json\/wp\/v2\/product"}],"about":[{"href":"https:\/\/lucacastelli.com\/fr\/wp-json\/wp\/v2\/types\/product"}],"wp:featuredmedia":[{"embeddable":true,"href":"https:\/\/lucacastelli.com\/fr\/wp-json\/wp\/v2\/media\/801497"}],"wp:attachment":[{"href":"https:\/\/lucacastelli.com\/fr\/wp-json\/wp\/v2\/media?parent=801496"}],"wp:term":[{"taxonomy":"product_brand","embeddable":true,"href":"https:\/\/lucacastelli.com\/fr\/wp-json\/wp\/v2\/product_brand?post=801496"},{"taxonomy":"product_cat","embeddable":true,"href":"https:\/\/lucacastelli.com\/fr\/wp-json\/wp\/v2\/product_cat?post=801496"},{"taxonomy":"product_tag","embeddable":true,"href":"https:\/\/lucacastelli.com\/fr\/wp-json\/wp\/v2\/product_tag?post=801496"}],"curies":[{"name":"wp","href":"https:\/\/api.w.org\/{rel}","templated":true}]}}