{"id":801489,"date":"2026-03-15T13:30:14","date_gmt":"2026-03-15T12:30:14","guid":{"rendered":"https:\/\/lucacastelli.com\/prodotto\/crazy-jkt-boosted-proof-femme\/"},"modified":"2026-03-15T13:30:14","modified_gmt":"2026-03-15T12:30:14","slug":"crazy-jkt-boosted-proof-femme","status":"publish","type":"product","link":"https:\/\/lucacastelli.com\/fr\/produit\/crazy-jkt-boosted-proof-femme\/","title":{"rendered":"CRAZY JKT BOOSTED PROOF FEMME"},"content":{"rendered":"<p data-start=\"111\" data-end=\"479\"><strong data-start=\"111\" data-end=\"122\">CONCEPT<\/strong><br data-start=\"122\" data-end=\"125\">\u2022 Imperm\u00e9abilit\u00e9 jusqu\u2019\u00e0 <strong data-start=\"149\" data-end=\"181\">20&nbsp;000 mm de colonne d\u2019eau<\/strong> avec coutures thermocoll\u00e9es<br data-start=\"208\" data-end=\"211\">\u2022 Veste <strong data-start=\"220\" data-end=\"261\">compactable dans les poches repose-mains<\/strong><br data-start=\"261\" data-end=\"264\">\u2022 Deux poches repose-mains avec <strong data-start=\"293\" data-end=\"311\">zips invisibles<\/strong><br data-start=\"311\" data-end=\"314\">\u2022 Capuche avec <strong data-start=\"330\" data-end=\"352\">visi\u00e8re semi-rigide<\/strong><br data-start=\"352\" data-end=\"355\">\u2022 Logos r\u00e9fl\u00e9chissants pour une meilleure visibilit\u00e9<br data-start=\"398\" data-end=\"401\">\u2022 Zip frontal <strong data-start=\"416\" data-end=\"444\">enti\u00e8rement s\u00e9parable<\/strong><br data-start=\"444\" data-end=\"447\">\u2022 Bas avec <strong data-start=\"459\" data-end=\"477\">bord \u00e9lastique<\/strong><\/p>\n<p data-start=\"481\" data-end=\"709\"><strong data-start=\"481\" data-end=\"505\">DESCRIPTION DU PRODUIT<\/strong><br data-start=\"505\" data-end=\"508\">La <strong data-start=\"511\" data-end=\"532\">Jkt Boosted Proof<\/strong>, enti\u00e8rement repens\u00e9e, combine des <strong data-start=\"569\" data-end=\"601\">performances techniques \u00e9lev\u00e9es<\/strong> avec un <strong data-start=\"609\" data-end=\"634\">look \u00e9pur\u00e9 et moderne<\/strong>, id\u00e9al aussi bien pour la montagne que pour un usage quotidien.<\/p>\n<p data-start=\"711\" data-end=\"980\">Elle garantit une <strong data-start=\"722\" data-end=\"762\">protection totale contre le vent et la pluie<\/strong> gr\u00e2ce \u00e0 une imperm\u00e9abilit\u00e9 de <strong data-start=\"793\" data-end=\"825\">20&nbsp;000 mm de colonne d\u2019eau<\/strong>, tout en conservant une <strong data-start=\"856\" data-end=\"894\">grande l\u00e9g\u00e8ret\u00e9 et respirabilit\u00e9<\/strong>. C\u2019est donc la couche imperm\u00e9able id\u00e9ale pour les activit\u00e9s outdoor durant les mois les plus chauds. <\/p>\n<p data-start=\"982\" data-end=\"1268\">Elle se distingue des vestes hardshell classiques et lourdes gr\u00e2ce au tissu <strong data-start=\"1049\" data-end=\"1061\">Dermizax<\/strong>, extr\u00eamement <strong data-start=\"1076\" data-end=\"1099\">l\u00e9ger et \u00e9lastique<\/strong>. Le v\u00eatement utilise une construction <strong data-start=\"1134\" data-end=\"1149\">2,75 couches<\/strong>, avec un traitement interne <strong data-start=\"1178\" data-end=\"1192\">soft touch<\/strong> qui augmente le confort, m\u00eame port\u00e9 sur un simple t-shirt. <\/p>\n<p data-start=\"1270\" data-end=\"1517\">La ventilation est encore am\u00e9lior\u00e9e par la technologie exclusive <strong data-start=\"1340\" data-end=\"1355\">Shark Vents<\/strong>, d\u00e9velopp\u00e9e par CRAZY&nbsp;: un syst\u00e8me de <strong data-start=\"1392\" data-end=\"1437\">ventilation directe avec ouvertures invers\u00e9es<\/strong> qui favorise le renouvellement de l\u2019air tout en maintenant l\u2019imperm\u00e9abilit\u00e9 du v\u00eatement.<\/p>\n","protected":false},"excerpt":{"rendered":"<p>CONCEPT\u2022 Imperm\u00e9abilit\u00e9 jusqu\u2019\u00e0 20&nbsp;000 mm de colonne d\u2019eau avec coutures thermocoll\u00e9es\u2022 Veste compactable dans les poches repose-mains\u2022 Deux poches repose-mains<\/p>\n","protected":false},"featured_media":801491,"template":"","meta":{"_seopress_robots_primary_cat":"none","_seopress_titles_title":"","_seopress_titles_desc":"","_seopress_robots_index":""},"product_brand":[3616],"product_cat":[81,981,1387],"product_tag":[],"class_list":{"0":"post-801489","1":"product","2":"type-product","3":"status-publish","4":"has-post-thumbnail","6":"product_brand-crazy-fr","7":"product_cat-vetements","8":"product_cat-vetements-de-loisirs","9":"product_cat-vetements-pour-femmes","10":"sws-gruppo-abb-libero-fr","11":"sws-conto-ricavi-merci-rivendita-abbigliamento-fr","12":"sws-gruppo-iva-iva81-fr","14":"first","15":"instock","16":"sale","17":"shipping-taxable","18":"product-type-variable","19":"has-default-attributes"},"_links":{"self":[{"href":"https:\/\/lucacastelli.com\/fr\/wp-json\/wp\/v2\/product\/801489","targetHints":{"allow":["GET"]}}],"collection":[{"href":"https:\/\/lucacastelli.com\/fr\/wp-json\/wp\/v2\/product"}],"about":[{"href":"https:\/\/lucacastelli.com\/fr\/wp-json\/wp\/v2\/types\/product"}],"wp:featuredmedia":[{"embeddable":true,"href":"https:\/\/lucacastelli.com\/fr\/wp-json\/wp\/v2\/media\/801491"}],"wp:attachment":[{"href":"https:\/\/lucacastelli.com\/fr\/wp-json\/wp\/v2\/media?parent=801489"}],"wp:term":[{"taxonomy":"product_brand","embeddable":true,"href":"https:\/\/lucacastelli.com\/fr\/wp-json\/wp\/v2\/product_brand?post=801489"},{"taxonomy":"product_cat","embeddable":true,"href":"https:\/\/lucacastelli.com\/fr\/wp-json\/wp\/v2\/product_cat?post=801489"},{"taxonomy":"product_tag","embeddable":true,"href":"https:\/\/lucacastelli.com\/fr\/wp-json\/wp\/v2\/product_tag?post=801489"}],"curies":[{"name":"wp","href":"https:\/\/api.w.org\/{rel}","templated":true}]}}