{"id":801483,"date":"2026-03-15T14:33:48","date_gmt":"2026-03-15T13:33:48","guid":{"rendered":"https:\/\/lucacastelli.com\/prodotto\/crazy-pull-aria-light\/"},"modified":"2026-03-15T14:33:48","modified_gmt":"2026-03-15T13:33:48","slug":"crazy-pull-aria-light","status":"publish","type":"product","link":"https:\/\/lucacastelli.com\/fr\/produit\/crazy-pull-aria-light\/","title":{"rendered":"CRAZY PULL ARIA LIGHT"},"content":{"rendered":"<p data-start=\"114\" data-end=\"213\"><strong data-start=\"114\" data-end=\"125\">CONCEPT<\/strong><br data-start=\"125\" data-end=\"128\">\u2022 Zip frontale enti\u00e8rement s\u00e9parable<br data-start=\"167\" data-end=\"170\">\u2022 Capuche<br data-start=\"181\" data-end=\"184\">\u2022 Poches mains ouvertes<\/p>\n<p data-start=\"215\" data-end=\"386\"><strong data-start=\"215\" data-end=\"239\">DESCRIPTION DU PRODUIT<\/strong><br data-start=\"239\" data-end=\"242\">La <strong data-start=\"245\" data-end=\"258\">Pull Aria<\/strong> se renouvelle avec un <strong data-start=\"277\" data-end=\"312\">design enti\u00e8rement modernis\u00e9<\/strong> et un nouveau tissu con\u00e7u pour offrir encore plus de confort et de l\u00e9g\u00e8ret\u00e9.<\/p>\n<p data-start=\"388\" data-end=\"578\">R\u00e9alis\u00e9e en <strong data-start=\"402\" data-end=\"456\">tissu Devor\u00e9 polyester hautement respirant<\/strong>, elle est parfaite pour vous accompagner avec style au <strong data-start=\"503\" data-end=\"529\">quotidien<\/strong>, garantissant fra\u00eecheur et libert\u00e9 de mouvement.<\/p>\n<p data-start=\"580\" data-end=\"846\" data-is-last-node=\"\" data-is-only-node=\"\">Ce v\u00eatement allie le <strong data-start=\"602\" data-end=\"626\">confort d\u2019un sweat<\/strong> \u00e0 la <strong data-start=\"632\" data-end=\"668\">l\u00e9g\u00e8ret\u00e9 d\u2019un tissu technique<\/strong>, cr\u00e9ant un \u00e9quilibre id\u00e9al entre fonctionnalit\u00e9 et style. Le r\u00e9sultat est un v\u00eatement <strong data-start=\"748\" data-end=\"791\">polyvalent, moderne et au look original<\/strong>, parfait pour les loisirs et l\u2019usage quotidien. <\/p>\n","protected":false},"excerpt":{"rendered":"<p>CONCEPT\u2022 Zip frontale enti\u00e8rement s\u00e9parable\u2022 Capuche\u2022 Poches mains ouvertes DESCRIPTION DU PRODUITLa Pull Aria se renouvelle avec un design enti\u00e8rement<\/p>\n","protected":false},"featured_media":801484,"template":"","meta":{"_seopress_robots_primary_cat":"none","_seopress_titles_title":"","_seopress_titles_desc":"","_seopress_robots_index":""},"product_brand":[3616],"product_cat":[81,981,1387],"product_tag":[],"class_list":{"0":"post-801483","1":"product","2":"type-product","3":"status-publish","4":"has-post-thumbnail","6":"product_brand-crazy-fr","7":"product_cat-vetements","8":"product_cat-vetements-de-loisirs","9":"product_cat-vetements-pour-femmes","10":"sws-gruppo-abb-libero-fr","11":"sws-conto-ricavi-merci-rivendita-abbigliamento-fr","12":"sws-gruppo-iva-iva81-fr","14":"first","15":"instock","16":"sale","17":"shipping-taxable","18":"product-type-variable","19":"has-default-attributes"},"_links":{"self":[{"href":"https:\/\/lucacastelli.com\/fr\/wp-json\/wp\/v2\/product\/801483","targetHints":{"allow":["GET"]}}],"collection":[{"href":"https:\/\/lucacastelli.com\/fr\/wp-json\/wp\/v2\/product"}],"about":[{"href":"https:\/\/lucacastelli.com\/fr\/wp-json\/wp\/v2\/types\/product"}],"wp:featuredmedia":[{"embeddable":true,"href":"https:\/\/lucacastelli.com\/fr\/wp-json\/wp\/v2\/media\/801484"}],"wp:attachment":[{"href":"https:\/\/lucacastelli.com\/fr\/wp-json\/wp\/v2\/media?parent=801483"}],"wp:term":[{"taxonomy":"product_brand","embeddable":true,"href":"https:\/\/lucacastelli.com\/fr\/wp-json\/wp\/v2\/product_brand?post=801483"},{"taxonomy":"product_cat","embeddable":true,"href":"https:\/\/lucacastelli.com\/fr\/wp-json\/wp\/v2\/product_cat?post=801483"},{"taxonomy":"product_tag","embeddable":true,"href":"https:\/\/lucacastelli.com\/fr\/wp-json\/wp\/v2\/product_tag?post=801483"}],"curies":[{"name":"wp","href":"https:\/\/api.w.org\/{rel}","templated":true}]}}