{"id":801476,"date":"2026-03-15T13:52:07","date_gmt":"2026-03-15T12:52:07","guid":{"rendered":"https:\/\/lucacastelli.com\/prodotto\/crazy-shirt-aloha-2\/"},"modified":"2026-03-15T13:52:07","modified_gmt":"2026-03-15T12:52:07","slug":"crazy-shirt-aloha-2","status":"publish","type":"product","link":"https:\/\/lucacastelli.com\/fr\/produit\/crazy-shirt-aloha-2\/","title":{"rendered":"CRAZY SHIRT ALOHA"},"content":{"rendered":"<p data-start=\"116\" data-end=\"251\"><strong data-start=\"116\" data-end=\"127\">CONCEPT<\/strong><br data-start=\"127\" data-end=\"130\">\u2022 Imprim\u00e9s all-over<br data-start=\"147\" data-end=\"150\">\u2022 Tissu frais et respirant en <strong data-start=\"184\" data-end=\"201\">Jersey Devor\u00e9<\/strong><br data-start=\"201\" data-end=\"204\">\u2022 Construction <strong data-start=\"218\" data-end=\"229\">Twister<\/strong> avec coupe dynamique<\/p>\n<p data-start=\"253\" data-end=\"483\"><strong data-start=\"253\" data-end=\"277\">DESCRIPTION DU PRODUIT<\/strong><br data-start=\"277\" data-end=\"280\">Le <strong data-start=\"283\" data-end=\"300\">T-shirt Aloha<\/strong> est le choix id\u00e9al pour les loisirs lors des journ\u00e9es les plus chaudes. Color\u00e9 et caract\u00e9ris\u00e9 par un <strong data-start=\"399\" data-end=\"425\">imprim\u00e9 all-over vif<\/strong>, il allie style et confort dans un v\u00eatement l\u00e9ger et polyvalent. <\/p>\n<p data-start=\"485\" data-end=\"707\">Il est r\u00e9alis\u00e9 en <strong data-start=\"501\" data-end=\"557\">tissu frais et respirant en polyester et viscose<\/strong>, avec finition <strong data-start=\"575\" data-end=\"592\">Jersey Devor\u00e9<\/strong> qui all\u00e8ge la structure du tissu en am\u00e9liorant la ventilation et la sensation de fra\u00eecheur sur la peau.<\/p>\n<p data-start=\"709\" data-end=\"892\">La <strong data-start=\"724\" data-end=\"747\">construction Twister<\/strong> particuli\u00e8re, avec <strong data-start=\"753\" data-end=\"802\">coupe en biais et fente au bas du dos<\/strong>, cr\u00e9e un ajustement original et dynamique, offrant un look moderne et non conventionnel.<\/p>\n","protected":false},"excerpt":{"rendered":"<p>CONCEPT\u2022 Imprim\u00e9s all-over\u2022 Tissu frais et respirant en Jersey Devor\u00e9\u2022 Construction Twister avec coupe dynamique DESCRIPTION DU PRODUITLe T-shirt Aloha<\/p>\n","protected":false},"featured_media":801477,"template":"","meta":{"_seopress_robots_primary_cat":"none","_seopress_titles_title":"","_seopress_titles_desc":"","_seopress_robots_index":""},"product_brand":[3616],"product_cat":[81,981,1387],"product_tag":[],"class_list":{"0":"post-801476","1":"product","2":"type-product","3":"status-publish","4":"has-post-thumbnail","6":"product_brand-crazy-fr","7":"product_cat-vetements","8":"product_cat-vetements-de-loisirs","9":"product_cat-vetements-pour-femmes","10":"sws-gruppo-abb-libero-fr","11":"sws-conto-ricavi-merci-rivendita-abbigliamento-fr","12":"sws-gruppo-iva-iva81-fr","14":"first","15":"instock","16":"sale","17":"shipping-taxable","18":"purchasable","19":"product-type-variable","20":"has-default-attributes"},"_links":{"self":[{"href":"https:\/\/lucacastelli.com\/fr\/wp-json\/wp\/v2\/product\/801476","targetHints":{"allow":["GET"]}}],"collection":[{"href":"https:\/\/lucacastelli.com\/fr\/wp-json\/wp\/v2\/product"}],"about":[{"href":"https:\/\/lucacastelli.com\/fr\/wp-json\/wp\/v2\/types\/product"}],"wp:featuredmedia":[{"embeddable":true,"href":"https:\/\/lucacastelli.com\/fr\/wp-json\/wp\/v2\/media\/801477"}],"wp:attachment":[{"href":"https:\/\/lucacastelli.com\/fr\/wp-json\/wp\/v2\/media?parent=801476"}],"wp:term":[{"taxonomy":"product_brand","embeddable":true,"href":"https:\/\/lucacastelli.com\/fr\/wp-json\/wp\/v2\/product_brand?post=801476"},{"taxonomy":"product_cat","embeddable":true,"href":"https:\/\/lucacastelli.com\/fr\/wp-json\/wp\/v2\/product_cat?post=801476"},{"taxonomy":"product_tag","embeddable":true,"href":"https:\/\/lucacastelli.com\/fr\/wp-json\/wp\/v2\/product_tag?post=801476"}],"curies":[{"name":"wp","href":"https:\/\/api.w.org\/{rel}","templated":true}]}}