{"id":801460,"date":"2026-03-15T14:01:54","date_gmt":"2026-03-15T13:01:54","guid":{"rendered":"https:\/\/lucacastelli.com\/prodotto\/crazy-shirt-mandala-2\/"},"modified":"2026-03-15T14:01:54","modified_gmt":"2026-03-15T13:01:54","slug":"crazy-shirt-mandala-2","status":"publish","type":"product","link":"https:\/\/lucacastelli.com\/fr\/produit\/crazy-shirt-mandala-2\/","title":{"rendered":"CRAZY SHIRT MANDALA"},"content":{"rendered":"<p data-start=\"119\" data-end=\"209\"><strong data-start=\"119\" data-end=\"130\">CONCEPT<\/strong><br data-start=\"130\" data-end=\"133\">\u2022 Encolure en <strong data-start=\"144\" data-end=\"149\">V<\/strong><br data-start=\"149\" data-end=\"152\">\u2022 Impressions s\u00e9rigraphiques et patchs avec <strong data-start=\"186\" data-end=\"207\">motifs exclusifs<\/strong><\/p>\n<p data-start=\"211\" data-end=\"406\"><strong data-start=\"211\" data-end=\"235\">DESCRIPTION DU PRODUIT<\/strong><br data-start=\"235\" data-end=\"238\">Le <strong data-start=\"241\" data-end=\"260\">T-shirt Mandala<\/strong> se distingue par ses <strong data-start=\"285\" data-end=\"306\">motifs exclusifs<\/strong> et ses <strong data-start=\"312\" data-end=\"346\">impressions s\u00e9rigraphiques d\u00e9coratives<\/strong>, qui lui conf\u00e8rent un style original et reconnaissable.<\/p>\n<p data-start=\"408\" data-end=\"541\">Color\u00e9 et au look affirm\u00e9, c\u2019est le v\u00eatement id\u00e9al pour les <strong data-start=\"460\" data-end=\"476\">loisirs<\/strong> et pour ceux qui recherchent une tenue d\u00e9contract\u00e9e avec une forte personnalit\u00e9.<\/p>\n<p data-start=\"543\" data-end=\"788\">R\u00e9alis\u00e9 en <strong data-start=\"557\" data-end=\"576\">chanvre naturel<\/strong>, il offre une agr\u00e9able sensation de fra\u00eecheur et de confort sur la peau. Le design est compl\u00e9t\u00e9 par une <strong data-start=\"672\" data-end=\"686\">encolure en V<\/strong> et des <strong data-start=\"689\" data-end=\"731\">manches tr\u00e8s courtes avec coupe vive<\/strong>, qui donnent au t-shirt un aspect moderne et distinctif. <\/p>\n","protected":false},"excerpt":{"rendered":"<p>CONCEPT\u2022 Encolure en V\u2022 Impressions s\u00e9rigraphiques et patchs avec motifs exclusifs DESCRIPTION DU PRODUITLe T-shirt Mandala se distingue par ses<\/p>\n","protected":false},"featured_media":801461,"template":"","meta":{"_seopress_robots_primary_cat":"none","_seopress_titles_title":"","_seopress_titles_desc":"","_seopress_robots_index":""},"product_brand":[3616],"product_cat":[81,981,1387],"product_tag":[],"class_list":{"0":"post-801460","1":"product","2":"type-product","3":"status-publish","4":"has-post-thumbnail","6":"product_brand-crazy-fr","7":"product_cat-vetements","8":"product_cat-vetements-de-loisirs","9":"product_cat-vetements-pour-femmes","10":"sws-gruppo-abb-libero-fr","11":"sws-conto-ricavi-merci-rivendita-abbigliamento-fr","12":"sws-gruppo-iva-iva81-fr","14":"first","15":"instock","16":"sale","17":"shipping-taxable","18":"product-type-variable","19":"has-default-attributes"},"_links":{"self":[{"href":"https:\/\/lucacastelli.com\/fr\/wp-json\/wp\/v2\/product\/801460","targetHints":{"allow":["GET"]}}],"collection":[{"href":"https:\/\/lucacastelli.com\/fr\/wp-json\/wp\/v2\/product"}],"about":[{"href":"https:\/\/lucacastelli.com\/fr\/wp-json\/wp\/v2\/types\/product"}],"wp:featuredmedia":[{"embeddable":true,"href":"https:\/\/lucacastelli.com\/fr\/wp-json\/wp\/v2\/media\/801461"}],"wp:attachment":[{"href":"https:\/\/lucacastelli.com\/fr\/wp-json\/wp\/v2\/media?parent=801460"}],"wp:term":[{"taxonomy":"product_brand","embeddable":true,"href":"https:\/\/lucacastelli.com\/fr\/wp-json\/wp\/v2\/product_brand?post=801460"},{"taxonomy":"product_cat","embeddable":true,"href":"https:\/\/lucacastelli.com\/fr\/wp-json\/wp\/v2\/product_cat?post=801460"},{"taxonomy":"product_tag","embeddable":true,"href":"https:\/\/lucacastelli.com\/fr\/wp-json\/wp\/v2\/product_tag?post=801460"}],"curies":[{"name":"wp","href":"https:\/\/api.w.org\/{rel}","templated":true}]}}