{"id":801447,"date":"2026-03-15T13:09:13","date_gmt":"2026-03-15T12:09:13","guid":{"rendered":"https:\/\/lucacastelli.com\/prodotto\/crazy-chemise-slash-3\/"},"modified":"2026-03-15T13:09:13","modified_gmt":"2026-03-15T12:09:13","slug":"crazy-chemise-slash-3","status":"publish","type":"product","link":"https:\/\/lucacastelli.com\/fr\/produit\/crazy-chemise-slash-3\/","title":{"rendered":"CRAZY CHEMISE SLASH"},"content":{"rendered":"<p data-start=\"99\" data-end=\"246\"><strong data-start=\"99\" data-end=\"110\">CONCEPT<\/strong><br data-start=\"110\" data-end=\"113\">\u2022 Brassi\u00e8re int\u00e9gr\u00e9e amovible avec micro bouton-pression<br data-start=\"167\" data-end=\"170\">\u2022 Empi\u00e8cements lat\u00e9raux en mesh pour une meilleure respirabilit\u00e9<br data-start=\"224\" data-end=\"227\">\u2022 Impression int\u00e9grale<\/p>\n<p data-start=\"248\" data-end=\"408\"><strong data-start=\"248\" data-end=\"272\">DESCRIPTION DU PRODUIT<\/strong><br data-start=\"272\" data-end=\"275\">T-shirt technique moderne avec <strong data-start=\"303\" data-end=\"329\">brassi\u00e8re int\u00e9gr\u00e9e amovible<\/strong>, con\u00e7u pour offrir confort et fra\u00eecheur m\u00eame lors des journ\u00e9es les plus chaudes.<\/p>\n<p data-start=\"410\" data-end=\"658\">Le tissu <strong data-start=\"421\" data-end=\"435\">Hydro Cool<\/strong> est extr\u00eamement l\u00e9ger et hautement respirant. La <strong data-start=\"496\" data-end=\"518\">trame sp\u00e9ciale \u00e0 persiennes<\/strong> favorise la circulation de l\u2019air, tandis que les <strong data-start=\"567\" data-end=\"595\">empi\u00e8cements lat\u00e9raux en mesh<\/strong> am\u00e9liorent encore la ventilation pendant l\u2019activit\u00e9. <\/p>\n<p data-start=\"660\" data-end=\"888\">La <strong data-start=\"663\" data-end=\"713\">brassi\u00e8re int\u00e9gr\u00e9e en microfibre \u00e0 s\u00e9chage rapide<\/strong> garantit maintien et confort et se retire facilement gr\u00e2ce \u00e0 un <strong data-start=\"791\" data-end=\"820\">micro bouton-pression<\/strong> pratique, permettant d\u2019adapter le v\u00eatement aux diff\u00e9rents besoins d\u2019utilisation.<\/p>\n","protected":false},"excerpt":{"rendered":"<p>CONCEPT\u2022 Brassi\u00e8re int\u00e9gr\u00e9e amovible avec micro bouton-pression\u2022 Empi\u00e8cements lat\u00e9raux en mesh pour une meilleure respirabilit\u00e9\u2022 Impression int\u00e9grale DESCRIPTION DU PRODUITT-shirt<\/p>\n","protected":false},"featured_media":801449,"template":"","meta":{"_seopress_robots_primary_cat":"none","_seopress_titles_title":"","_seopress_titles_desc":"","_seopress_robots_index":""},"product_brand":[3616],"product_cat":[81,981,1387],"product_tag":[],"class_list":{"0":"post-801447","1":"product","2":"type-product","3":"status-publish","4":"has-post-thumbnail","6":"product_brand-crazy-fr","7":"product_cat-vetements","8":"product_cat-vetements-de-loisirs","9":"product_cat-vetements-pour-femmes","10":"sws-gruppo-abb-libero-fr","11":"sws-conto-ricavi-merci-rivendita-abbigliamento-fr","12":"sws-gruppo-iva-iva81-fr","14":"first","15":"instock","16":"sale","17":"shipping-taxable","18":"product-type-variable","19":"has-default-attributes"},"_links":{"self":[{"href":"https:\/\/lucacastelli.com\/fr\/wp-json\/wp\/v2\/product\/801447","targetHints":{"allow":["GET"]}}],"collection":[{"href":"https:\/\/lucacastelli.com\/fr\/wp-json\/wp\/v2\/product"}],"about":[{"href":"https:\/\/lucacastelli.com\/fr\/wp-json\/wp\/v2\/types\/product"}],"wp:featuredmedia":[{"embeddable":true,"href":"https:\/\/lucacastelli.com\/fr\/wp-json\/wp\/v2\/media\/801449"}],"wp:attachment":[{"href":"https:\/\/lucacastelli.com\/fr\/wp-json\/wp\/v2\/media?parent=801447"}],"wp:term":[{"taxonomy":"product_brand","embeddable":true,"href":"https:\/\/lucacastelli.com\/fr\/wp-json\/wp\/v2\/product_brand?post=801447"},{"taxonomy":"product_cat","embeddable":true,"href":"https:\/\/lucacastelli.com\/fr\/wp-json\/wp\/v2\/product_cat?post=801447"},{"taxonomy":"product_tag","embeddable":true,"href":"https:\/\/lucacastelli.com\/fr\/wp-json\/wp\/v2\/product_tag?post=801447"}],"curies":[{"name":"wp","href":"https:\/\/api.w.org\/{rel}","templated":true}]}}