{"id":801441,"date":"2026-03-15T13:19:08","date_gmt":"2026-03-15T12:19:08","guid":{"rendered":"https:\/\/lucacastelli.com\/prodotto\/crazy-sun-hoodie-woman\/"},"modified":"2026-03-15T13:19:08","modified_gmt":"2026-03-15T12:19:08","slug":"crazy-sun-hoodie-woman","status":"publish","type":"product","link":"https:\/\/lucacastelli.com\/fr\/produit\/crazy-sun-hoodie-woman\/","title":{"rendered":"CRAZY SUN HOODIE WOMAN"},"content":{"rendered":"<p data-start=\"144\" data-end=\"261\"><strong data-start=\"144\" data-end=\"155\">CONCEPT<\/strong><br data-start=\"155\" data-end=\"158\">\u2022 Impression int\u00e9grale<br data-start=\"175\" data-end=\"178\">\u2022 Tissu frais et respirant avec protection <strong data-start=\"224\" data-end=\"235\">UPF 50+<\/strong><br data-start=\"235\" data-end=\"238\">\u2022 Capuche int\u00e9gr\u00e9e<\/p>\n<p data-start=\"263\" data-end=\"558\"><strong data-start=\"263\" data-end=\"287\">DESCRIPTION DU PRODUIT<\/strong><br data-start=\"287\" data-end=\"290\">La <strong data-start=\"293\" data-end=\"313\">Sun Hoodie Woman<\/strong> est un maillot \u00e0 manches longues con\u00e7u pour affronter les journ\u00e9es les plus ensoleill\u00e9es. Il garantit une <strong data-start=\"409\" data-end=\"460\">couverture compl\u00e8te, fra\u00eecheur et respirabilit\u00e9<\/strong>, tout en offrant une protection \u00e9lev\u00e9e contre les rayons solaires gr\u00e2ce au <strong data-start=\"536\" data-end=\"555\">facteur UPF 50+<\/strong>. <\/p>\n<p data-start=\"560\" data-end=\"832\">Le design \u00e9pur\u00e9 et l\u2019impression moderne le rendent id\u00e9al aussi bien pour les <strong data-start=\"623\" data-end=\"652\">activit\u00e9s outdoor techniques<\/strong> que pour un usage quotidien. Le v\u00eatement est r\u00e9alis\u00e9 en <strong data-start=\"703\" data-end=\"735\">tissu technique ultra-l\u00e9ger<\/strong>, con\u00e7u pour assurer confort et libert\u00e9 de mouvement m\u00eame durant les activit\u00e9s les plus intenses. <\/p>\n<p data-start=\"834\" data-end=\"1142\">Il int\u00e8gre \u00e9galement la technologie <strong data-start=\"864\" data-end=\"893\">F.I.R. (Far Infrared Ray)<\/strong> directement dans le tissu. Cette technologie r\u00e9fl\u00e9chit la chaleur corporelle sous forme de rayons infrarouges lointains, contribuant \u00e0 <strong data-start=\"1022\" data-end=\"1139\">stimuler la circulation sanguine, am\u00e9liorer l\u2019oxyg\u00e9nation musculaire et favoriser l\u2019\u00e9limination des toxines<\/strong>. <\/p>\n<p data-start=\"1144\" data-end=\"1285\">Le r\u00e9sultat est un syst\u00e8me naturel qui soutient <strong data-start=\"1192\" data-end=\"1238\">la r\u00e9cup\u00e9ration physique et le bien-\u00eatre g\u00e9n\u00e9ral<\/strong>, tr\u00e8s appr\u00e9ci\u00e9 \u00e9galement dans le secteur du fitness.<\/p>\n<p data-start=\"1287\" data-end=\"1415\">Un maillot au <strong data-start=\"1302\" data-end=\"1356\">look moderne et aux performances techniques avanc\u00e9es<\/strong>, parfait pour vivre avec confort chaque activit\u00e9 en plein air.<\/p>\n","protected":false},"excerpt":{"rendered":"<p>CONCEPT\u2022 Impression int\u00e9grale\u2022 Tissu frais et respirant avec protection UPF 50+\u2022 Capuche int\u00e9gr\u00e9e DESCRIPTION DU PRODUITLa Sun Hoodie Woman est<\/p>\n","protected":false},"featured_media":801442,"template":"","meta":{"_seopress_robots_primary_cat":"none","_seopress_titles_title":"","_seopress_titles_desc":"","_seopress_robots_index":""},"product_brand":[3616],"product_cat":[81,981,1387],"product_tag":[],"class_list":{"0":"post-801441","1":"product","2":"type-product","3":"status-publish","4":"has-post-thumbnail","6":"product_brand-crazy-fr","7":"product_cat-vetements","8":"product_cat-vetements-de-loisirs","9":"product_cat-vetements-pour-femmes","10":"sws-gruppo-abb-libero-fr","11":"sws-conto-ricavi-merci-rivendita-abbigliamento-fr","12":"sws-gruppo-iva-iva81-fr","14":"first","15":"instock","16":"sale","17":"shipping-taxable","18":"product-type-variable"},"_links":{"self":[{"href":"https:\/\/lucacastelli.com\/fr\/wp-json\/wp\/v2\/product\/801441","targetHints":{"allow":["GET"]}}],"collection":[{"href":"https:\/\/lucacastelli.com\/fr\/wp-json\/wp\/v2\/product"}],"about":[{"href":"https:\/\/lucacastelli.com\/fr\/wp-json\/wp\/v2\/types\/product"}],"wp:featuredmedia":[{"embeddable":true,"href":"https:\/\/lucacastelli.com\/fr\/wp-json\/wp\/v2\/media\/801442"}],"wp:attachment":[{"href":"https:\/\/lucacastelli.com\/fr\/wp-json\/wp\/v2\/media?parent=801441"}],"wp:term":[{"taxonomy":"product_brand","embeddable":true,"href":"https:\/\/lucacastelli.com\/fr\/wp-json\/wp\/v2\/product_brand?post=801441"},{"taxonomy":"product_cat","embeddable":true,"href":"https:\/\/lucacastelli.com\/fr\/wp-json\/wp\/v2\/product_cat?post=801441"},{"taxonomy":"product_tag","embeddable":true,"href":"https:\/\/lucacastelli.com\/fr\/wp-json\/wp\/v2\/product_tag?post=801441"}],"curies":[{"name":"wp","href":"https:\/\/api.w.org\/{rel}","templated":true}]}}