{"id":801420,"date":"2026-03-15T13:03:06","date_gmt":"2026-03-15T12:03:06","guid":{"rendered":"https:\/\/lucacastelli.com\/prodotto\/pull-wonder-magic-light-6\/"},"modified":"2026-03-15T13:03:06","modified_gmt":"2026-03-15T12:03:06","slug":"pull-wonder-magic-light-6","status":"publish","type":"product","link":"https:\/\/lucacastelli.com\/fr\/produit\/pull-wonder-magic-light-6\/","title":{"rendered":"PULL WONDER MAGIC LIGHT"},"content":{"rendered":"<p data-start=\"153\" data-end=\"322\"><strong data-start=\"153\" data-end=\"164\">CONCEPT<\/strong><br data-start=\"164\" data-end=\"167\">\u2022 Zip frontale enti\u00e8rement s\u00e9parable<br data-start=\"206\" data-end=\"209\">\u2022 Poches mains avec fermeture zipp\u00e9e<br data-start=\"248\" data-end=\"251\">\u2022 Imprim\u00e9s all-over<br data-start=\"268\" data-end=\"271\">\u2022 Empi\u00e8cements lat\u00e9raux superpos\u00e9s avec ourlet coll\u00e9<\/p>\n<p data-start=\"324\" data-end=\"496\"><strong data-start=\"324\" data-end=\"348\">DESCRIPTION PRODUIT<\/strong><br data-start=\"348\" data-end=\"351\">La <strong data-start=\"354\" data-end=\"375\">Pull Wonder Magic<\/strong> est une pi\u00e8ce iconique dans l\u2019univers outdoor, reconnaissable par son style unique fait de <strong data-start=\"459\" data-end=\"493\">couleur, fantaisie et personnalit\u00e9<\/strong>.<\/p>\n<p data-start=\"498\" data-end=\"646\">Son look dynamique et moderne se renouvelle chaque saison avec des <strong data-start=\"558\" data-end=\"590\">imprim\u00e9s vifs et captivants<\/strong>, qui rendent cette pi\u00e8ce toujours actuelle et distinctive.<\/p>\n<p data-start=\"648\" data-end=\"801\">R\u00e9alis\u00e9e en <strong data-start=\"662\" data-end=\"705\">tissu technique incroyablement doux<\/strong>, elle garantit confort et libert\u00e9 de mouvement lors des activit\u00e9s quotidiennes et des loisirs.<\/p>\n<p data-start=\"803\" data-end=\"1024\">Pour am\u00e9liorer encore davantage l\u2019ajustement et la respirabilit\u00e9, un <strong data-start=\"888\" data-end=\"940\">panneau lat\u00e9ral en tissu technique plus l\u00e9ger<\/strong> a \u00e9t\u00e9 int\u00e9gr\u00e9, contribuant \u00e9galement \u00e0 cr\u00e9er un <strong data-start=\"977\" data-end=\"1023\">fit plus f\u00e9minin et visuellement cintr\u00e9<\/strong>.<\/p>\n","protected":false},"excerpt":{"rendered":"<p>CONCEPT\u2022 Zip frontale enti\u00e8rement s\u00e9parable\u2022 Poches mains avec fermeture zipp\u00e9e\u2022 Imprim\u00e9s all-over\u2022 Empi\u00e8cements lat\u00e9raux superpos\u00e9s avec ourlet coll\u00e9 DESCRIPTION PRODUITLa<\/p>\n","protected":false},"featured_media":801421,"template":"","meta":{"_seopress_robots_primary_cat":"none","_seopress_titles_title":"","_seopress_titles_desc":"","_seopress_robots_index":""},"product_brand":[3616],"product_cat":[81,981,1387],"product_tag":[],"class_list":{"0":"post-801420","1":"product","2":"type-product","3":"status-publish","4":"has-post-thumbnail","6":"product_brand-crazy-fr","7":"product_cat-vetements","8":"product_cat-vetements-de-loisirs","9":"product_cat-vetements-pour-femmes","10":"sws-gruppo-abb-libero-fr","11":"sws-conto-ricavi-merci-rivendita-abbigliamento-fr","12":"sws-gruppo-iva-iva81-fr","14":"first","15":"instock","16":"sale","17":"shipping-taxable","18":"product-type-variable","19":"has-default-attributes"},"_links":{"self":[{"href":"https:\/\/lucacastelli.com\/fr\/wp-json\/wp\/v2\/product\/801420","targetHints":{"allow":["GET"]}}],"collection":[{"href":"https:\/\/lucacastelli.com\/fr\/wp-json\/wp\/v2\/product"}],"about":[{"href":"https:\/\/lucacastelli.com\/fr\/wp-json\/wp\/v2\/types\/product"}],"wp:featuredmedia":[{"embeddable":true,"href":"https:\/\/lucacastelli.com\/fr\/wp-json\/wp\/v2\/media\/801421"}],"wp:attachment":[{"href":"https:\/\/lucacastelli.com\/fr\/wp-json\/wp\/v2\/media?parent=801420"}],"wp:term":[{"taxonomy":"product_brand","embeddable":true,"href":"https:\/\/lucacastelli.com\/fr\/wp-json\/wp\/v2\/product_brand?post=801420"},{"taxonomy":"product_cat","embeddable":true,"href":"https:\/\/lucacastelli.com\/fr\/wp-json\/wp\/v2\/product_cat?post=801420"},{"taxonomy":"product_tag","embeddable":true,"href":"https:\/\/lucacastelli.com\/fr\/wp-json\/wp\/v2\/product_tag?post=801420"}],"curies":[{"name":"wp","href":"https:\/\/api.w.org\/{rel}","templated":true}]}}