{"id":801399,"date":"2026-03-15T12:32:16","date_gmt":"2026-03-15T11:32:16","guid":{"rendered":"https:\/\/lucacastelli.com\/prodotto\/pull-wonder-magic-light-3\/"},"modified":"2026-03-15T12:32:16","modified_gmt":"2026-03-15T11:32:16","slug":"pull-wonder-magic-light-3","status":"publish","type":"product","link":"https:\/\/lucacastelli.com\/fr\/produit\/pull-wonder-magic-light-3\/","title":{"rendered":"PULL WONDER MAGIC LIGHT"},"content":{"rendered":"<p data-start=\"153\" data-end=\"322\"><strong data-start=\"153\" data-end=\"164\">CONCEPT<\/strong><br data-start=\"164\" data-end=\"167\">\u2022 Zip frontal enti\u00e8rement s\u00e9parable<br data-start=\"206\" data-end=\"209\">\u2022 Poches repose-mains avec fermeture zipp\u00e9e<br data-start=\"248\" data-end=\"251\">\u2022 Imprim\u00e9s all-over<br data-start=\"268\" data-end=\"271\">\u2022 Empi\u00e8cements lat\u00e9raux superpos\u00e9s avec ourlet coll\u00e9<\/p>\n<p data-start=\"324\" data-end=\"496\"><strong data-start=\"324\" data-end=\"348\">DESCRIPTION DU PRODUIT<\/strong><br data-start=\"348\" data-end=\"351\">Le <strong data-start=\"354\" data-end=\"375\">Pull Wonder Magic<\/strong> est une pi\u00e8ce iconique dans le monde de l\u2019outdoor, reconnaissable \u00e0 son style unique fait de <strong data-start=\"459\" data-end=\"493\">couleurs, de motifs et de personnalit\u00e9<\/strong>.<\/p>\n<p data-start=\"498\" data-end=\"646\">Son look dynamique et moderne se renouvelle chaque saison avec des <strong data-start=\"558\" data-end=\"590\">imprim\u00e9s vifs et attrayants<\/strong>, qui rendent ce v\u00eatement toujours actuel et distinctif.<\/p>\n<p data-start=\"648\" data-end=\"801\">Fabriqu\u00e9 dans un <strong data-start=\"662\" data-end=\"705\">tissu technique incroyablement doux<\/strong>, il garantit confort et libert\u00e9 de mouvement lors des activit\u00e9s quotidiennes et des loisirs.<\/p>\n<p data-start=\"803\" data-end=\"1024\">Pour am\u00e9liorer encore la coupe et la respirabilit\u00e9, un <strong data-start=\"888\" data-end=\"940\">panneau lat\u00e9ral en tissu technique plus l\u00e9ger<\/strong> a \u00e9t\u00e9 ins\u00e9r\u00e9, ce qui contribue \u00e9galement \u00e0 cr\u00e9er une <strong data-start=\"977\" data-end=\"1023\">coupe plus f\u00e9minine et visuellement cintr\u00e9e<\/strong>.<\/p>\n","protected":false},"excerpt":{"rendered":"<p>CONCEPT\u2022 Zip frontal enti\u00e8rement s\u00e9parable\u2022 Poches repose-mains avec fermeture zipp\u00e9e\u2022 Imprim\u00e9s all-over\u2022 Empi\u00e8cements lat\u00e9raux superpos\u00e9s avec ourlet coll\u00e9 DESCRIPTION DU<\/p>\n","protected":false},"featured_media":801400,"template":"","meta":{"_seopress_robots_primary_cat":"none","_seopress_titles_title":"","_seopress_titles_desc":"","_seopress_robots_index":""},"product_brand":[3413],"product_cat":[21,189,200],"product_tag":[],"class_list":{"0":"post-801399","1":"product","2":"type-product","3":"status-publish","4":"has-post-thumbnail","6":"product_brand-crazy","7":"product_cat-abbigliamento","8":"product_cat-abbigliamento-per-il-tempo-libero","9":"product_cat-abbigliamento-da-donna","10":"sws-gruppo-abb-libero-fr","11":"sws-conto-ricavi-merci-rivendita-abbigliamento-fr","12":"sws-gruppo-iva-iva81-fr","14":"first","15":"instock","16":"sale","17":"shipping-taxable","18":"purchasable","19":"product-type-variable","20":"has-default-attributes"},"_links":{"self":[{"href":"https:\/\/lucacastelli.com\/fr\/wp-json\/wp\/v2\/product\/801399","targetHints":{"allow":["GET"]}}],"collection":[{"href":"https:\/\/lucacastelli.com\/fr\/wp-json\/wp\/v2\/product"}],"about":[{"href":"https:\/\/lucacastelli.com\/fr\/wp-json\/wp\/v2\/types\/product"}],"wp:featuredmedia":[{"embeddable":true,"href":"https:\/\/lucacastelli.com\/fr\/wp-json\/wp\/v2\/media\/801400"}],"wp:attachment":[{"href":"https:\/\/lucacastelli.com\/fr\/wp-json\/wp\/v2\/media?parent=801399"}],"wp:term":[{"taxonomy":"product_brand","embeddable":true,"href":"https:\/\/lucacastelli.com\/fr\/wp-json\/wp\/v2\/product_brand?post=801399"},{"taxonomy":"product_cat","embeddable":true,"href":"https:\/\/lucacastelli.com\/fr\/wp-json\/wp\/v2\/product_cat?post=801399"},{"taxonomy":"product_tag","embeddable":true,"href":"https:\/\/lucacastelli.com\/fr\/wp-json\/wp\/v2\/product_tag?post=801399"}],"curies":[{"name":"wp","href":"https:\/\/api.w.org\/{rel}","templated":true}]}}