{"id":801361,"date":"2026-03-15T15:05:06","date_gmt":"2026-03-15T14:05:06","guid":{"rendered":"https:\/\/lucacastelli.com\/prodotto\/crazy-shirt-laser\/"},"modified":"2026-03-15T15:05:06","modified_gmt":"2026-03-15T14:05:06","slug":"crazy-shirt-laser","status":"publish","type":"product","link":"https:\/\/lucacastelli.com\/fr\/produit\/crazy-shirt-laser\/","title":{"rendered":"CRAZY SHIRT LASER"},"content":{"rendered":"<p data-start=\"109\" data-end=\"254\"><strong data-start=\"109\" data-end=\"120\">CONCEPT<\/strong><br data-start=\"120\" data-end=\"123\">\u2022 Design avec <strong data-start=\"136\" data-end=\"176\">micro-perforations laser cartographi\u00e9es sur le corps<\/strong> pour une meilleure ventilation<br data-start=\"202\" data-end=\"205\">\u2022 Logos r\u00e9fl\u00e9chissants pour une meilleure visibilit\u00e9<\/p>\n<p data-start=\"256\" data-end=\"557\"><strong data-start=\"256\" data-end=\"280\">DESCRIPTION DU PRODUIT<\/strong><br data-start=\"280\" data-end=\"283\">Un <strong data-start=\"287\" data-end=\"319\">t-shirt essentiel et technique<\/strong>, id\u00e9al pour les activit\u00e9s quotidiennes et pour un style dynamique. Le design se distingue par les <strong data-start=\"410\" data-end=\"470\">micro-perforations laser positionn\u00e9es strat\u00e9giquement sur le corps<\/strong>, qui am\u00e9liorent la ventilation et conf\u00e8rent au v\u00eatement un look moderne et distinctif. <\/p>\n<p data-start=\"559\" data-end=\"766\">R\u00e9alis\u00e9 en <strong data-start=\"573\" data-end=\"615\">tissu Sensitive extr\u00eamement l\u00e9ger<\/strong>, il garantit <strong data-start=\"628\" data-end=\"678\">confort, respirabilit\u00e9 et libert\u00e9 de mouvement<\/strong>, le rendant parfait aussi bien pour l\u2019activit\u00e9 sportive que pour une utilisation durant les loisirs.<\/p>\n<p data-start=\"768\" data-end=\"902\" data-is-last-node=\"\" data-is-only-node=\"\">Un v\u00eatement qui repr\u00e9sente au mieux le style <strong data-start=\"811\" data-end=\"820\">CRAZY<\/strong>, alliant <strong data-start=\"829\" data-end=\"862\">design innovant et technicit\u00e9<\/strong> dans un t-shirt polyvalent et performant.<\/p>\n","protected":false},"excerpt":{"rendered":"<p>CONCEPT\u2022 Design avec micro-perforations laser cartographi\u00e9es sur le corps pour une meilleure ventilation\u2022 Logos r\u00e9fl\u00e9chissants pour une meilleure visibilit\u00e9 DESCRIPTION<\/p>\n","protected":false},"featured_media":801363,"template":"","meta":{"_seopress_robots_primary_cat":"none","_seopress_titles_title":"","_seopress_titles_desc":"","_seopress_robots_index":""},"product_brand":[3616],"product_cat":[81,981,1387],"product_tag":[],"class_list":{"0":"post-801361","1":"product","2":"type-product","3":"status-publish","4":"has-post-thumbnail","6":"product_brand-crazy-fr","7":"product_cat-vetements","8":"product_cat-vetements-de-loisirs","9":"product_cat-vetements-pour-femmes","10":"sws-gruppo-abb-libero-fr","11":"sws-conto-ricavi-merci-rivendita-abbigliamento-fr","12":"sws-gruppo-iva-iva81-fr","14":"first","15":"instock","16":"sale","17":"shipping-taxable","18":"product-type-variable","19":"has-default-attributes"},"_links":{"self":[{"href":"https:\/\/lucacastelli.com\/fr\/wp-json\/wp\/v2\/product\/801361","targetHints":{"allow":["GET"]}}],"collection":[{"href":"https:\/\/lucacastelli.com\/fr\/wp-json\/wp\/v2\/product"}],"about":[{"href":"https:\/\/lucacastelli.com\/fr\/wp-json\/wp\/v2\/types\/product"}],"wp:featuredmedia":[{"embeddable":true,"href":"https:\/\/lucacastelli.com\/fr\/wp-json\/wp\/v2\/media\/801363"}],"wp:attachment":[{"href":"https:\/\/lucacastelli.com\/fr\/wp-json\/wp\/v2\/media?parent=801361"}],"wp:term":[{"taxonomy":"product_brand","embeddable":true,"href":"https:\/\/lucacastelli.com\/fr\/wp-json\/wp\/v2\/product_brand?post=801361"},{"taxonomy":"product_cat","embeddable":true,"href":"https:\/\/lucacastelli.com\/fr\/wp-json\/wp\/v2\/product_cat?post=801361"},{"taxonomy":"product_tag","embeddable":true,"href":"https:\/\/lucacastelli.com\/fr\/wp-json\/wp\/v2\/product_tag?post=801361"}],"curies":[{"name":"wp","href":"https:\/\/api.w.org\/{rel}","templated":true}]}}