{"id":801357,"date":"2026-03-15T15:24:44","date_gmt":"2026-03-15T14:24:44","guid":{"rendered":"https:\/\/lucacastelli.com\/prodotto\/crazy-shirt-exit\/"},"modified":"2026-03-15T15:24:44","modified_gmt":"2026-03-15T14:24:44","slug":"crazy-shirt-exit","status":"publish","type":"product","link":"https:\/\/lucacastelli.com\/fr\/produit\/crazy-shirt-exit\/","title":{"rendered":"CRAZY SHIRT EXIT"},"content":{"rendered":"<div class=\"flex flex-col text-sm pb-25\">\n<article class=\"text-token-text-primary w-full focus:outline-none [--shadow-height:45px] has-data-writing-block:pointer-events-none has-data-writing-block:-mt-(--shadow-height) has-data-writing-block:pt-(--shadow-height) [&amp;:has([data-writing-block])&gt;*]:pointer-events-auto scroll-mt-[calc(var(--header-height)+min(200px,max(70px,20svh)))]\" dir=\"auto\" tabindex=\"-1\" data-turn-id=\"request-WEB:dca93298-70f8-4659-a80a-ea8e5cc65860-17\" data-testid=\"conversation-turn-36\" data-scroll-anchor=\"true\" data-turn=\"assistant\">\n<div class=\"text-base my-auto mx-auto pb-10 [--thread-content-margin:var(--thread-content-margin-xs,calc(var(--spacing)*4))] @w-sm\/main:[--thread-content-margin:var(--thread-content-margin-sm,calc(var(--spacing)*6))] @w-lg\/main:[--thread-content-margin:var(--thread-content-margin-lg,calc(var(--spacing)*16))] px-(--thread-content-margin)\">\n<div class=\"[--thread-content-max-width:40rem] @w-lg\/main:[--thread-content-max-width:48rem] mx-auto max-w-(--thread-content-max-width) flex-1 group\/turn-messages focus-visible:outline-hidden relative flex w-full min-w-0 flex-col agent-turn\" tabindex=\"-1\">\n<div class=\"flex max-w-full flex-col gap-4 grow\">\n<div class=\"min-h-8 text-message relative flex w-full flex-col items-end gap-2 text-start break-words whitespace-normal [.text-message+&amp;]:mt-1\" dir=\"auto\" data-message-author-role=\"assistant\" data-message-id=\"ed0d4022-cf12-4c88-b976-f4d035ee0323\" data-message-model-slug=\"gpt-5-3\">\n<div class=\"flex w-full flex-col gap-1 empty:hidden\">\n<div class=\"markdown prose dark:prose-invert w-full wrap-break-word light markdown-new-styling\">\n<p data-start=\"130\" data-end=\"267\"><strong data-start=\"130\" data-end=\"141\">CONCEPT<\/strong><br data-start=\"141\" data-end=\"144\">\u2022 S\u00e9rigraphies<br data-start=\"165\" data-end=\"168\">\u2022 Construction sans emmanchure<br data-start=\"199\" data-end=\"202\">\u2022 Logos r\u00e9fl\u00e9chissants pour une meilleure visibilit\u00e9<br data-start=\"245\" data-end=\"248\">\u2022 Fente lat\u00e9rale<\/p>\n<p data-start=\"269\" data-end=\"417\"><strong data-start=\"269\" data-end=\"293\">DESCRIPTION DU PRODUIT<\/strong><br data-start=\"293\" data-end=\"296\">Le <strong data-start=\"299\" data-end=\"315\">T-Shirt Exit<\/strong> se renouvelle avec un <strong data-start=\"334\" data-end=\"369\">design enti\u00e8rement actualis\u00e9<\/strong>, enrichi de nouveaux coloris et d\u2019imprim\u00e9s modernes.<\/p>\n<p data-start=\"419\" data-end=\"653\">Con\u00e7u pour les <strong data-start=\"434\" data-end=\"454\">activit\u00e9s de plein air<\/strong>, ce t-shirt \u00e0 la <strong data-start=\"476\" data-end=\"502\">construction essentielle<\/strong> pr\u00e9sente une <strong data-start=\"510\" data-end=\"537\">coupe technique et raffin\u00e9e<\/strong>, caract\u00e9ris\u00e9e par un <strong data-start=\"557\" data-end=\"600\">bas arrondi et des fentes lat\u00e9rales<\/strong> qui am\u00e9liorent le confort et la libert\u00e9 de mouvement.<\/p>\n<p data-start=\"655\" data-end=\"938\">La <strong data-start=\"658\" data-end=\"691\">construction sans emmanchure<\/strong> augmente le confort pendant l\u2019activit\u00e9, tandis que le <strong data-start=\"741\" data-end=\"789\">tissu en maille micro-perfor\u00e9e frais et l\u00e9ger<\/strong>, trait\u00e9 avec la technologie <strong data-start=\"815\" data-end=\"825\">S-Caf\u00e9<\/strong>, garantit une <strong data-start=\"838\" data-end=\"901\">haute respirabilit\u00e9 et une gestion optimale de l\u2019humidit\u00e9<\/strong>, m\u00eame lors des activit\u00e9s les plus intenses.<\/p>\n<p data-start=\"940\" data-end=\"1060\" data-is-last-node=\"\" data-is-only-node=\"\">Un t-shirt technique et polyvalent, id\u00e9al pour accompagner chaque activit\u00e9 de plein air avec <strong data-start=\"1028\" data-end=\"1059\">confort, l\u00e9g\u00e8ret\u00e9 et style<\/strong>.<\/p>\n<\/div>\n<\/div>\n<\/div>\n<\/div>\n<div class=\"z-0 flex min-h-[46px] justify-start\"><\/div>\n<div class=\"mt-3 w-full empty:hidden\">\n<div class=\"text-center\"><\/div>\n<\/div>\n<\/div>\n<\/div>\n<\/article>\n<\/div>\n<div class=\"pointer-events-none h-px w-px absolute bottom-0\" aria-hidden=\"true\" data-edge=\"true\"><\/div>\n","protected":false},"excerpt":{"rendered":"<p>CONCEPT\u2022 S\u00e9rigraphies\u2022 Construction sans emmanchure\u2022 Logos r\u00e9fl\u00e9chissants pour une meilleure visibilit\u00e9\u2022 Fente lat\u00e9rale DESCRIPTION DU PRODUITLe T-Shirt Exit se renouvelle<\/p>\n","protected":false},"featured_media":801358,"template":"","meta":{"_seopress_robots_primary_cat":"none","_seopress_titles_title":"","_seopress_titles_desc":"","_seopress_robots_index":""},"product_brand":[3616],"product_cat":[81,981,1387],"product_tag":[],"class_list":{"0":"post-801357","1":"product","2":"type-product","3":"status-publish","4":"has-post-thumbnail","6":"product_brand-crazy-fr","7":"product_cat-vetements","8":"product_cat-vetements-de-loisirs","9":"product_cat-vetements-pour-femmes","10":"sws-gruppo-abb-libero-fr","11":"sws-conto-ricavi-merci-rivendita-abbigliamento-fr","12":"sws-gruppo-iva-iva81-fr","14":"first","15":"instock","16":"sale","17":"shipping-taxable","18":"purchasable","19":"product-type-variable","20":"has-default-attributes"},"_links":{"self":[{"href":"https:\/\/lucacastelli.com\/fr\/wp-json\/wp\/v2\/product\/801357","targetHints":{"allow":["GET"]}}],"collection":[{"href":"https:\/\/lucacastelli.com\/fr\/wp-json\/wp\/v2\/product"}],"about":[{"href":"https:\/\/lucacastelli.com\/fr\/wp-json\/wp\/v2\/types\/product"}],"wp:featuredmedia":[{"embeddable":true,"href":"https:\/\/lucacastelli.com\/fr\/wp-json\/wp\/v2\/media\/801358"}],"wp:attachment":[{"href":"https:\/\/lucacastelli.com\/fr\/wp-json\/wp\/v2\/media?parent=801357"}],"wp:term":[{"taxonomy":"product_brand","embeddable":true,"href":"https:\/\/lucacastelli.com\/fr\/wp-json\/wp\/v2\/product_brand?post=801357"},{"taxonomy":"product_cat","embeddable":true,"href":"https:\/\/lucacastelli.com\/fr\/wp-json\/wp\/v2\/product_cat?post=801357"},{"taxonomy":"product_tag","embeddable":true,"href":"https:\/\/lucacastelli.com\/fr\/wp-json\/wp\/v2\/product_tag?post=801357"}],"curies":[{"name":"wp","href":"https:\/\/api.w.org\/{rel}","templated":true}]}}